{"id":5886,"date":"2024-06-24T23:03:32","date_gmt":"2024-06-25T01:03:32","guid":{"rendered":"https:\/\/darkred-lark-961430.hostingersite.com\/?post_type=product&#038;p=5886"},"modified":"2024-07-02T23:03:18","modified_gmt":"2024-07-03T01:03:18","slug":"ttr-awd-wiring","status":"publish","type":"product","link":"https:\/\/www.ttrcncusa.com\/es\/product\/cableado-ttr-awd\/","title":{"rendered":"CABLEADO TTR AWD"},"content":{"rendered":"<h2 class=\"yikes-custom-woo-tab-title yikes-custom-woo-tab-title-features\">Descripci\u00f3n general<\/h2>\n<p><strong>Cableado TTR CNC M1 AWD para Lamborghini Huracan y Audi R8<\/strong><\/p>\n<p>La plataforma AWD del Huracan y del R8 utiliza una computadora separada para controlar la divisi\u00f3n del par de adelante hacia atr\u00e1s, sin ajuste para el modo RWD (\u00fatil para calentar neum\u00e1ticos en carreras o para pruebas de banco de pruebas en RWD). Este mazo de cables tambi\u00e9n puede convertir un autom\u00f3vil RWD en AWD.<\/p>\n<p>El kit de ECU plug-and-play MoTeC M1 est\u00e1ndar permite retirar el controlador original, lo que permite que la ECU M1 esclava maneje todos los controles. Esto requiere cableado, ya que la ECU esclava est\u00e1 ubicada detr\u00e1s del conductor y se necesitan conexiones cerca de la bater\u00eda en la parte delantera. Esto da como resultado un arn\u00e9s de aproximadamente 15 pies con varios tipos de cables y un rel\u00e9.<\/p>\n<p>La ECU esclava recibir\u00e1 la presi\u00f3n y temperatura del fluido Haldex de los sensores originales, proporcionando un control completo basado en la presi\u00f3n de circuito cerrado. Este arn\u00e9s de cableado lo hace completamente plug-and-play. El control MoTeC ofrece capacidades totales de control y registro de datos.<\/p>\n<p>Este arn\u00e9s incluye un interruptor para alternar entre el controlador OEM y MoTeC, lo que permite la programaci\u00f3n mientras el autom\u00f3vil est\u00e1 en marcha.<\/p>","protected":false},"excerpt":{"rendered":"<h2 class=\"sdSa7p0 o_F1pek---typography-11-runningText o_F1pek---priority-7-primary _HOcyB x4nptw sxbtulv\" aria-hidden=\"false\" data-hook=\"info-section-title\">INFORMACI\u00d3N DEL PRODUCTO<\/h2>\n<p><strong>Cableado TTR CNC M1 AWD para Lamborghini Huracan y Audi R8<\/strong><\/p>\n<p>La plataforma AWD del Huracan y del R8 utiliza una computadora separada para controlar la divisi\u00f3n del par de adelante hacia atr\u00e1s, sin ajuste para el modo RWD (\u00fatil para calentar neum\u00e1ticos en carreras o para pruebas de banco de pruebas en RWD). Este mazo de cables tambi\u00e9n puede convertir un autom\u00f3vil RWD en AWD.<\/p>\n<p>El kit de ECU plug-and-play MoTeC M1 est\u00e1ndar permite retirar el controlador original, lo que permite que la ECU M1 esclava maneje todos los controles. Esto requiere cableado, ya que la ECU esclava est\u00e1 ubicada detr\u00e1s del conductor y se necesitan conexiones cerca de la bater\u00eda en la parte delantera. Esto da como resultado un arn\u00e9s de aproximadamente 15 pies con varios tipos de cables y un rel\u00e9.<\/p>\n<p>La ECU esclava recibir\u00e1 la presi\u00f3n y temperatura del fluido Haldex de los sensores originales, proporcionando un control completo basado en la presi\u00f3n de circuito cerrado. Este arn\u00e9s de cableado lo hace completamente plug-and-play. El control MoTeC ofrece capacidades totales de control y registro de datos.<\/p>\n<p>Este arn\u00e9s incluye un interruptor para alternar entre el controlador OEM y MoTeC, lo que permite la programaci\u00f3n mientras el autom\u00f3vil est\u00e1 en marcha.<\/p>\n<h2 class=\"sdSa7p0 o_F1pek---typography-11-runningText o_F1pek---priority-7-primary _HOcyB x4nptw sxbtulv\" aria-hidden=\"false\" data-hook=\"info-section-title\"><\/h2>","protected":false},"featured_media":5889,"comment_status":"open","ping_status":"closed","template":"","meta":[],"product_cat":[94,95],"product_tag":[],"class_list":{"0":"post-5886","1":"product","2":"type-product","3":"status-publish","4":"has-post-thumbnail","6":"product_cat-audi","7":"product_cat-lamborghini","9":"first","10":"onbackorder","11":"shipping-taxable","12":"purchasable","13":"product-type-simple"},"aioseo_notices":[],"_links":{"self":[{"href":"https:\/\/www.ttrcncusa.com\/es\/wp-json\/wp\/v2\/product\/5886","targetHints":{"allow":["GET"]}}],"collection":[{"href":"https:\/\/www.ttrcncusa.com\/es\/wp-json\/wp\/v2\/product"}],"about":[{"href":"https:\/\/www.ttrcncusa.com\/es\/wp-json\/wp\/v2\/types\/product"}],"replies":[{"embeddable":true,"href":"https:\/\/www.ttrcncusa.com\/es\/wp-json\/wp\/v2\/comments?post=5886"}],"wp:featuredmedia":[{"embeddable":true,"href":"https:\/\/www.ttrcncusa.com\/es\/wp-json\/wp\/v2\/media\/5889"}],"wp:attachment":[{"href":"https:\/\/www.ttrcncusa.com\/es\/wp-json\/wp\/v2\/media?parent=5886"}],"wp:term":[{"taxonomy":"product_cat","embeddable":true,"href":"https:\/\/www.ttrcncusa.com\/es\/wp-json\/wp\/v2\/product_cat?post=5886"},{"taxonomy":"product_tag","embeddable":true,"href":"https:\/\/www.ttrcncusa.com\/es\/wp-json\/wp\/v2\/product_tag?post=5886"}],"curies":[{"name":"wp","href":"https:\/\/api.w.org\/{rel}","templated":true}]}}