{"id":5780,"date":"2024-04-17T16:12:19","date_gmt":"2024-04-17T18:12:19","guid":{"rendered":"https:\/\/darkred-lark-961430.hostingersite.com\/?post_type=product&#038;p=5780"},"modified":"2024-10-20T22:20:28","modified_gmt":"2024-10-21T00:20:28","slug":"porsche-991-billet-case","status":"publish","type":"product","link":"https:\/\/www.ttrcncusa.com\/es\/product\/porsche-991-caja-de-palanquilla\/","title":{"rendered":"PORSCHE 991 \/ 991.2 ESTUCHE BILLET"},"content":{"rendered":"","protected":false},"excerpt":{"rendered":"<p>TTR CNC USA Porsche 991 Block Cases: un pin\u00e1culo de la ingenier\u00eda de precisi\u00f3n dise\u00f1ado para entusiastas del alto rendimiento que exigen lo m\u00e1ximo de sus veh\u00edculos Porsche. Meticulosamente elaboradas, estas cajas de bloque de aluminio billet ejemplifican el compromiso de TTR CNC USA de superar los l\u00edmites del rendimiento y la confiabilidad del autom\u00f3vil.<\/p>\n<p>Las Block Cases TTR CNC USA Porsche 991 son un testimonio de la dedicaci\u00f3n de la marca a la ingenier\u00eda de precisi\u00f3n y la innovaci\u00f3n de alto rendimiento. Mejore su experiencia de conducci\u00f3n Porsche con cajas de bloques que combinan resistencia, versatilidad y atenci\u00f3n meticulosa al detalle. Experimente la cima de la ingenier\u00eda automotriz con TTR CNC USA.<\/p>","protected":false},"featured_media":5793,"comment_status":"open","ping_status":"closed","template":"","meta":[],"product_cat":[86,91],"product_tag":[],"class_list":{"0":"post-5780","1":"product","2":"type-product","3":"status-publish","4":"has-post-thumbnail","6":"product_cat-blocks","7":"product_cat-porsche","9":"first","10":"onbackorder","11":"shipping-taxable","12":"purchasable","13":"product-type-simple"},"aioseo_notices":[],"_links":{"self":[{"href":"https:\/\/www.ttrcncusa.com\/es\/wp-json\/wp\/v2\/product\/5780","targetHints":{"allow":["GET"]}}],"collection":[{"href":"https:\/\/www.ttrcncusa.com\/es\/wp-json\/wp\/v2\/product"}],"about":[{"href":"https:\/\/www.ttrcncusa.com\/es\/wp-json\/wp\/v2\/types\/product"}],"replies":[{"embeddable":true,"href":"https:\/\/www.ttrcncusa.com\/es\/wp-json\/wp\/v2\/comments?post=5780"}],"wp:featuredmedia":[{"embeddable":true,"href":"https:\/\/www.ttrcncusa.com\/es\/wp-json\/wp\/v2\/media\/5793"}],"wp:attachment":[{"href":"https:\/\/www.ttrcncusa.com\/es\/wp-json\/wp\/v2\/media?parent=5780"}],"wp:term":[{"taxonomy":"product_cat","embeddable":true,"href":"https:\/\/www.ttrcncusa.com\/es\/wp-json\/wp\/v2\/product_cat?post=5780"},{"taxonomy":"product_tag","embeddable":true,"href":"https:\/\/www.ttrcncusa.com\/es\/wp-json\/wp\/v2\/product_tag?post=5780"}],"curies":[{"name":"wp","href":"https:\/\/api.w.org\/{rel}","templated":true}]}}