{"id":5733,"date":"2024-03-30T20:19:57","date_gmt":"2024-03-30T22:19:57","guid":{"rendered":"https:\/\/darkred-lark-961430.hostingersite.com\/?post_type=product&#038;p=5733"},"modified":"2024-04-17T16:58:58","modified_gmt":"2024-04-17T18:58:58","slug":"polaris-rzr-turbo-watercooled-streetable","status":"publish","type":"product","link":"https:\/\/www.ttrcncusa.com\/es\/product\/polaris-rzr-turbo-refrigerado-por-agua-streetable\/","title":{"rendered":"POLARIS RZR TURBO REFRIGERADO POR AGUA (CALLE)"},"content":{"rendered":"<h2 class=\"yikes-custom-woo-tab-title yikes-custom-woo-tab-title-features\">Descripci\u00f3n general<\/h2>\n<p>Dise\u00f1ado para adaptarse al hardware original con todos los refuerzos necesarios para adaptarse a un uso de alto rendimiento.<\/p>\n<p>Mecanizado en aluminio de grado aeroespacial 6061 T6 utilizando m\u00e1quinas de hasta 5 ejes y equipado con camisas de hierro d\u00factil. Todos los bloques CNC TTR se optimizan mediante simulaciones del m\u00e9todo de elementos finitos que exploran diferentes rangos de RPM, pesos de conjuntos giratorios y condiciones l\u00edmite de par\/potencia m\u00e1ximas para garantizar un producto que pueda soportar toda la tensi\u00f3n que se le va a imponer.<\/p>\n<p>Con un cintur\u00f3n mecanizado de aluminio 7075 T6 que le da al bloque estabilidad adicional, intentamos lograr las mejores caracter\u00edsticas para un bloque transitable.<\/p>\n<h2 class=\"yikes-custom-woo-tab-title yikes-custom-woo-tab-title-where-to-buy\">D\u00f3nde Comprar<\/h2>\n<p>Cont\u00e1ctenos por correo electr\u00f3nico a sales@www.ttrcncusa.com para solicitar informaci\u00f3n sobre nuestros productos o servicios.<\/p>","protected":false},"excerpt":{"rendered":"<h2 class=\"sdSa7p0 o_F1pek---typography-11-runningText o_F1pek---priority-7-primary _HOcyB x4nptw sxbtulv\" aria-hidden=\"false\" data-hook=\"info-section-title\">INFORMACI\u00d3N DEL PRODUCTO<\/h2>\n<div class=\"aecizt QfrfFD cell\"><\/div>\n<div class=\"rah-static rah-static--height-auto\" aria-hidden=\"false\">\n<div>\n<div class=\"ulKuLk QfrfFD cell\">\n<div class=\"zp8uy2\" data-hook=\"info-section-description\">\n<p>Camisas de cilindro: mangas h\u00famedas personalizadas<br \/>\nPlataforma: Plataforma abierta (bridada)<br \/>\nRefrigeraci\u00f3n del motor: refrigeraci\u00f3n por agua con mangas secas.<br \/>\nTapas principales: Faja principal de aluminio billet<br \/>\nRefrigeraci\u00f3n del pist\u00f3n: provisi\u00f3n de surtidores de aceite posventa<br \/>\nSistema de aceite: c\u00e1rter seco OEM<br \/>\nDi\u00e1metro m\u00e1ximo del pist\u00f3n recomendado: 96,0 mm<br \/>\nSistema de agua: bomba de agua com\u00fan<\/p>\n<\/div>\n<\/div>\n<\/div>\n<\/div>","protected":false},"featured_media":5738,"comment_status":"open","ping_status":"closed","template":"","meta":[],"product_cat":[86,98],"product_tag":[],"class_list":{"0":"post-5733","1":"product","2":"type-product","3":"status-publish","4":"has-post-thumbnail","6":"product_cat-blocks","7":"product_cat-polaris","9":"first","10":"instock","11":"shipping-taxable","12":"purchasable","13":"product-type-simple"},"aioseo_notices":[],"_links":{"self":[{"href":"https:\/\/www.ttrcncusa.com\/es\/wp-json\/wp\/v2\/product\/5733","targetHints":{"allow":["GET"]}}],"collection":[{"href":"https:\/\/www.ttrcncusa.com\/es\/wp-json\/wp\/v2\/product"}],"about":[{"href":"https:\/\/www.ttrcncusa.com\/es\/wp-json\/wp\/v2\/types\/product"}],"replies":[{"embeddable":true,"href":"https:\/\/www.ttrcncusa.com\/es\/wp-json\/wp\/v2\/comments?post=5733"}],"wp:featuredmedia":[{"embeddable":true,"href":"https:\/\/www.ttrcncusa.com\/es\/wp-json\/wp\/v2\/media\/5738"}],"wp:attachment":[{"href":"https:\/\/www.ttrcncusa.com\/es\/wp-json\/wp\/v2\/media?parent=5733"}],"wp:term":[{"taxonomy":"product_cat","embeddable":true,"href":"https:\/\/www.ttrcncusa.com\/es\/wp-json\/wp\/v2\/product_cat?post=5733"},{"taxonomy":"product_tag","embeddable":true,"href":"https:\/\/www.ttrcncusa.com\/es\/wp-json\/wp\/v2\/product_tag?post=5733"}],"curies":[{"name":"wp","href":"https:\/\/api.w.org\/{rel}","templated":true}]}}