{"id":5692,"date":"2024-03-29T09:02:55","date_gmt":"2024-03-29T11:02:55","guid":{"rendered":"https:\/\/darkred-lark-961430.hostingersite.com\/?post_type=product&#038;p=5692"},"modified":"2024-04-17T16:58:58","modified_gmt":"2024-04-17T18:58:58","slug":"polaris-rzr-turbo-billet-intake-manifold","status":"publish","type":"product","link":"https:\/\/www.ttrcncusa.com\/es\/product\/colector-de-admision-turbo-billet-polaris-rzr\/","title":{"rendered":"COLECTOR DE ADMISI\u00d3N TURBO BILLET POLARIS RZR"},"content":{"rendered":"<h2 class=\"yikes-custom-woo-tab-title yikes-custom-woo-tab-title-features\">Descripci\u00f3n general<\/h2>\n<p>Dise\u00f1ado para mejorar el rendimiento de la configuraci\u00f3n del motor a trav\u00e9s de simulaciones de din\u00e1mica de fluidos computacional de \u00faltima generaci\u00f3n, sin comprometer la elegancia del dise\u00f1o, este pleno y corredor est\u00e1n construidos con aluminio 6061 T6.<\/p>\n<h2 class=\"yikes-custom-woo-tab-title yikes-custom-woo-tab-title-where-to-buy\">D\u00f3nde Comprar<\/h2>\n<p>Cont\u00e1ctenos por correo electr\u00f3nico a sales@www.ttrcncusa.com para solicitar informaci\u00f3n sobre nuestros productos o servicios.<\/p>","protected":false},"excerpt":{"rendered":"<p>Descripci\u00f3n general Dise\u00f1ado para mejorar el rendimiento de la configuraci\u00f3n del motor a trav\u00e9s de simulaciones de din\u00e1mica de fluidos computacional de \u00faltima generaci\u00f3n, sin comprometer la elegancia del dise\u00f1o, este colector y corredor est\u00e1n construidos con aluminio 6061 T6. D\u00f3nde comprar Cont\u00e1ctenos por correo electr\u00f3nico a sales@www.ttrcncusa.com para solicitar informaci\u00f3n sobre nuestros productos o servicios.<\/p>","protected":false},"featured_media":5699,"comment_status":"open","ping_status":"closed","template":"","meta":[],"product_cat":[87,98],"product_tag":[],"class_list":{"0":"post-5692","1":"product","2":"type-product","3":"status-publish","4":"has-post-thumbnail","6":"product_cat-intakes","7":"product_cat-polaris","9":"first","10":"instock","11":"shipping-taxable","12":"purchasable","13":"product-type-simple"},"aioseo_notices":[],"_links":{"self":[{"href":"https:\/\/www.ttrcncusa.com\/es\/wp-json\/wp\/v2\/product\/5692","targetHints":{"allow":["GET"]}}],"collection":[{"href":"https:\/\/www.ttrcncusa.com\/es\/wp-json\/wp\/v2\/product"}],"about":[{"href":"https:\/\/www.ttrcncusa.com\/es\/wp-json\/wp\/v2\/types\/product"}],"replies":[{"embeddable":true,"href":"https:\/\/www.ttrcncusa.com\/es\/wp-json\/wp\/v2\/comments?post=5692"}],"wp:featuredmedia":[{"embeddable":true,"href":"https:\/\/www.ttrcncusa.com\/es\/wp-json\/wp\/v2\/media\/5699"}],"wp:attachment":[{"href":"https:\/\/www.ttrcncusa.com\/es\/wp-json\/wp\/v2\/media?parent=5692"}],"wp:term":[{"taxonomy":"product_cat","embeddable":true,"href":"https:\/\/www.ttrcncusa.com\/es\/wp-json\/wp\/v2\/product_cat?post=5692"},{"taxonomy":"product_tag","embeddable":true,"href":"https:\/\/www.ttrcncusa.com\/es\/wp-json\/wp\/v2\/product_tag?post=5692"}],"curies":[{"name":"wp","href":"https:\/\/api.w.org\/{rel}","templated":true}]}}