{"id":5641,"date":"2024-03-04T05:01:38","date_gmt":"2024-03-04T07:01:38","guid":{"rendered":"https:\/\/darkred-lark-961430.hostingersite.com\/?post_type=product&#038;p=5641"},"modified":"2024-04-17T16:59:59","modified_gmt":"2024-04-17T18:59:59","slug":"toyota-2jz-dry-blockrace","status":"publish","type":"product","link":"https:\/\/www.ttrcncusa.com\/es\/product\/toyota-2jz-carrera-en-bloque-seco\/","title":{"rendered":"TOYOTA 2JZ DRY BLOCK (RACE)"},"content":{"rendered":"<h2 class=\"yikes-custom-woo-tab-title yikes-custom-woo-tab-title-features\">Descripci\u00f3n general<\/h2>\n<p>Dise\u00f1ado para complementar con precisi\u00f3n el hardware original, incorporando refuerzos esenciales para un uso \u00f3ptimo de alto rendimiento. Mecanizado con precisi\u00f3n a partir de aluminio 6061 T6 de grado aeroespacial utilizando m\u00e1quinas avanzadas de 5 ejes y mejorado con manguitos de hierro d\u00factil. Cada bloque TTR CNC se somete a una optimizaci\u00f3n meticulosa a trav\u00e9s de simulaciones del m\u00e9todo de elementos finitos, evaluando varios rangos de RPM, pesos de ensamblaje giratorio y condiciones m\u00e1ximas de par\/potencia, lo que garantiza la resiliencia contra todos los factores de tensi\u00f3n anticipados.<\/p>\n<p>Equipado con tapas principales de Chrome-Moly, el bloque est\u00e1 dise\u00f1ado para soportar un uso y abuso rigurosos, lo que garantiza durabilidad y rendimiento duraderos.<\/p>\n<p>&nbsp;<\/p>\n<h2 class=\"yikes-custom-woo-tab-title yikes-custom-woo-tab-title-where-to-buy\">D\u00f3nde Comprar<\/h2>\n<p>Cont\u00e1ctenos por correo electr\u00f3nico a sales@www.ttrcncusa.com para solicitar informaci\u00f3n sobre nuestros productos o servicios.<\/p>","protected":false},"excerpt":{"rendered":"<h2 class=\"sdSa7p0 o_F1pek---typography-11-runningText o_F1pek---priority-7-primary _HOcyB x4nptw sxbtulv\" aria-hidden=\"false\" data-hook=\"info-section-title\">INFORMACI\u00d3N DEL PRODUCTO<\/h2>\n<div class=\"aecizt QfrfFD cell\">Camisas de cilindro: mangas personalizadas<br \/>\nCubierta: cubierta seca<br \/>\nRefrigeraci\u00f3n del motor: sin refrigeraci\u00f3n<br \/>\nTapas principales: Tapas individuales Billet Chrome-Moly<br \/>\nSistema de aceite: C\u00e1rter seco con bomba externa.<br \/>\nDi\u00e1metro m\u00e1ximo del pist\u00f3n recomendado: 86,5 mm.<\/div>","protected":false},"featured_media":5645,"comment_status":"open","ping_status":"closed","template":"","meta":[],"product_cat":[86,99],"product_tag":[],"class_list":{"0":"post-5641","1":"product","2":"type-product","3":"status-publish","4":"has-post-thumbnail","6":"product_cat-blocks","7":"product_cat-toyota","9":"first","10":"instock","11":"shipping-taxable","12":"purchasable","13":"product-type-simple"},"aioseo_notices":[],"_links":{"self":[{"href":"https:\/\/www.ttrcncusa.com\/es\/wp-json\/wp\/v2\/product\/5641","targetHints":{"allow":["GET"]}}],"collection":[{"href":"https:\/\/www.ttrcncusa.com\/es\/wp-json\/wp\/v2\/product"}],"about":[{"href":"https:\/\/www.ttrcncusa.com\/es\/wp-json\/wp\/v2\/types\/product"}],"replies":[{"embeddable":true,"href":"https:\/\/www.ttrcncusa.com\/es\/wp-json\/wp\/v2\/comments?post=5641"}],"wp:featuredmedia":[{"embeddable":true,"href":"https:\/\/www.ttrcncusa.com\/es\/wp-json\/wp\/v2\/media\/5645"}],"wp:attachment":[{"href":"https:\/\/www.ttrcncusa.com\/es\/wp-json\/wp\/v2\/media?parent=5641"}],"wp:term":[{"taxonomy":"product_cat","embeddable":true,"href":"https:\/\/www.ttrcncusa.com\/es\/wp-json\/wp\/v2\/product_cat?post=5641"},{"taxonomy":"product_tag","embeddable":true,"href":"https:\/\/www.ttrcncusa.com\/es\/wp-json\/wp\/v2\/product_tag?post=5641"}],"curies":[{"name":"wp","href":"https:\/\/api.w.org\/{rel}","templated":true}]}}