{"id":5625,"date":"2024-03-04T04:32:20","date_gmt":"2024-03-04T06:32:20","guid":{"rendered":"https:\/\/darkred-lark-961430.hostingersite.com\/?post_type=product&#038;p=5625"},"modified":"2025-09-29T09:44:03","modified_gmt":"2025-09-29T11:44:03","slug":"toyota-3rz-billet-dry-sump-pan","status":"publish","type":"product","link":"https:\/\/www.ttrcncusa.com\/es\/product\/bandeja-de-sumidero-seco-de-palanquilla-toyota-3rz\/","title":{"rendered":"TOYOTA 3RZ BILLET DRY SUMP PAN"},"content":{"rendered":"<h2 class=\"yikes-custom-woo-tab-title yikes-custom-woo-tab-title-features\">Descripci\u00f3n general<\/h2>\n<p>Dise\u00f1ado como una mejora \u00f3ptima del sistema de aceite para la plataforma, nuestro c\u00e1rter de sumidero seco Billet Toyota 3RZ es un componente totalmente mecanizado hecho de aluminio de grado aeroespacial 6061 T6.<\/p>\n<p>Construcci\u00f3n: C\u00e1rter, cubierta y soporte de bomba totalmente mecanizados mediante CNC.<\/p>\n<p>Protecci\u00f3n de la bomba: La malla interna evita la contaminaci\u00f3n de la bomba en caso de falla del motor.<\/p>\n<p>Circulaci\u00f3n de aceite: Los canales de aceite equilibrados garantizan una eliminaci\u00f3n eficiente.<\/p>\n<h2 class=\"yikes-custom-woo-tab-title yikes-custom-woo-tab-title-where-to-buy\">D\u00f3nde Comprar<\/h2>\n<p>Cont\u00e1ctenos por correo electr\u00f3nico a sales@www.ttrcncusa.com para solicitar informaci\u00f3n sobre nuestros productos o servicios.<\/p>","protected":false},"excerpt":{"rendered":"<h2 class=\"sdSa7p0 o_F1pek---typography-11-runningText o_F1pek---priority-7-primary _HOcyB x4nptw sxbtulv\" aria-hidden=\"false\" data-hook=\"info-section-title\">INFORMACI\u00d3N DEL PRODUCTO<\/h2>\n<div class=\"aecizt QfrfFD cell\">Construcci\u00f3n: C\u00e1rter, cubierta y soporte de bomba totalmente mecanizados mediante CNC.<br \/>\nProtecci\u00f3n de la bomba: Malla interna para evitar la contaminaci\u00f3n de la bomba en caso de falla del motor.<br \/>\nCirculaci\u00f3n: \u00c1rea de canales de aceite equilibrados para proporcionar una eliminaci\u00f3n eficiente.<\/div>","protected":false},"featured_media":5628,"comment_status":"open","ping_status":"closed","template":"","meta":[],"product_cat":[88,99],"product_tag":[],"class_list":{"0":"post-5625","1":"product","2":"type-product","3":"status-publish","4":"has-post-thumbnail","6":"product_cat-others","7":"product_cat-toyota","9":"first","10":"onbackorder","11":"shipping-taxable","12":"purchasable","13":"product-type-simple"},"aioseo_notices":[],"_links":{"self":[{"href":"https:\/\/www.ttrcncusa.com\/es\/wp-json\/wp\/v2\/product\/5625","targetHints":{"allow":["GET"]}}],"collection":[{"href":"https:\/\/www.ttrcncusa.com\/es\/wp-json\/wp\/v2\/product"}],"about":[{"href":"https:\/\/www.ttrcncusa.com\/es\/wp-json\/wp\/v2\/types\/product"}],"replies":[{"embeddable":true,"href":"https:\/\/www.ttrcncusa.com\/es\/wp-json\/wp\/v2\/comments?post=5625"}],"wp:featuredmedia":[{"embeddable":true,"href":"https:\/\/www.ttrcncusa.com\/es\/wp-json\/wp\/v2\/media\/5628"}],"wp:attachment":[{"href":"https:\/\/www.ttrcncusa.com\/es\/wp-json\/wp\/v2\/media?parent=5625"}],"wp:term":[{"taxonomy":"product_cat","embeddable":true,"href":"https:\/\/www.ttrcncusa.com\/es\/wp-json\/wp\/v2\/product_cat?post=5625"},{"taxonomy":"product_tag","embeddable":true,"href":"https:\/\/www.ttrcncusa.com\/es\/wp-json\/wp\/v2\/product_tag?post=5625"}],"curies":[{"name":"wp","href":"https:\/\/api.w.org\/{rel}","templated":true}]}}