{"id":5619,"date":"2024-03-04T04:22:33","date_gmt":"2024-03-04T06:22:33","guid":{"rendered":"https:\/\/darkred-lark-961430.hostingersite.com\/?post_type=product&#038;p=5619"},"modified":"2024-10-20T22:25:36","modified_gmt":"2024-10-21T00:25:36","slug":"toyota-2jz-billet-headoem-ports","status":"publish","type":"product","link":"https:\/\/www.ttrcncusa.com\/es\/product\/puertos-de-cabezal-de-palanquilla-toyota-2jz\/","title":{"rendered":"CABEZA BILLET TOYOTA 2JZ (PUERTOS OEM)"},"content":{"rendered":"<h2 class=\"yikes-custom-woo-tab-title yikes-custom-woo-tab-title-features\">Descripci\u00f3n general<\/h2>\n<p>Un reemplazo de palanquilla para la pieza fundida OEM, reforzado para salidas de alta potencia, mecanizado a partir de aluminio de grado aeroespacial con geometr\u00eda de puerto revisada, representa la cima del dise\u00f1o del cabezal manteniendo el patr\u00f3n de puerto OEM. La geometr\u00eda mejorada de la c\u00e1mara de combusti\u00f3n mejora la velocidad de rotaci\u00f3n y combusti\u00f3n, superando el rendimiento del cabezal fundido original.<\/p>\n<h2 class=\"yikes-custom-woo-tab-title yikes-custom-woo-tab-title-where-to-buy\">D\u00f3nde Comprar<\/h2>\n<p>Cont\u00e1ctenos por correo electr\u00f3nico a sales@www.ttrcncusa.com para solicitar informaci\u00f3n sobre nuestros productos o servicios.<\/p>","protected":false},"excerpt":{"rendered":"<h2 class=\"sdSa7p0 o_F1pek---typography-11-runningText o_F1pek---priority-7-primary _HOcyB x4nptw sxbtulv\" aria-hidden=\"false\" data-hook=\"info-section-title\">INFORMACI\u00d3N DEL PRODUCTO<\/h2>\n<div class=\"aecizt QfrfFD cell\">Refrigeraci\u00f3n del sistema: circulaci\u00f3n de agua en las secciones central y lateral con refrigeraci\u00f3n del asiento de v\u00e1lvula<br \/>\nTren de v\u00e1lvulas: dimensiones OEM 2JZ GTE.<br \/>\nCirculaci\u00f3n de agua: Misma posici\u00f3n que el 2JZ GTE OEM<br \/>\nDi\u00e1metro m\u00e1ximo de la v\u00e1lvula de admisi\u00f3n: 36,0 mm<br \/>\nDi\u00e1metro m\u00e1ximo de la v\u00e1lvula de escape: 31,5 mm<br \/>\nPuerto de admisi\u00f3n Dise\u00f1o y patr\u00f3n de pernos: OEM<br \/>\nPuerto de escape Dise\u00f1o y patr\u00f3n de pernos: OEM<\/div>","protected":false},"featured_media":5622,"comment_status":"open","ping_status":"closed","template":"","meta":[],"product_cat":[88,99],"product_tag":[],"class_list":{"0":"post-5619","1":"product","2":"type-product","3":"status-publish","4":"has-post-thumbnail","6":"product_cat-others","7":"product_cat-toyota","9":"first","10":"onbackorder","11":"shipping-taxable","12":"purchasable","13":"product-type-simple"},"aioseo_notices":[],"_links":{"self":[{"href":"https:\/\/www.ttrcncusa.com\/es\/wp-json\/wp\/v2\/product\/5619","targetHints":{"allow":["GET"]}}],"collection":[{"href":"https:\/\/www.ttrcncusa.com\/es\/wp-json\/wp\/v2\/product"}],"about":[{"href":"https:\/\/www.ttrcncusa.com\/es\/wp-json\/wp\/v2\/types\/product"}],"replies":[{"embeddable":true,"href":"https:\/\/www.ttrcncusa.com\/es\/wp-json\/wp\/v2\/comments?post=5619"}],"wp:featuredmedia":[{"embeddable":true,"href":"https:\/\/www.ttrcncusa.com\/es\/wp-json\/wp\/v2\/media\/5622"}],"wp:attachment":[{"href":"https:\/\/www.ttrcncusa.com\/es\/wp-json\/wp\/v2\/media?parent=5619"}],"wp:term":[{"taxonomy":"product_cat","embeddable":true,"href":"https:\/\/www.ttrcncusa.com\/es\/wp-json\/wp\/v2\/product_cat?post=5619"},{"taxonomy":"product_tag","embeddable":true,"href":"https:\/\/www.ttrcncusa.com\/es\/wp-json\/wp\/v2\/product_tag?post=5619"}],"curies":[{"name":"wp","href":"https:\/\/api.w.org\/{rel}","templated":true}]}}