{"id":5409,"date":"2023-11-14T18:09:30","date_gmt":"2023-11-14T20:09:30","guid":{"rendered":"https:\/\/ttrcncusa.tfx.company\/?post_type=product&#038;p=5409"},"modified":"2024-04-17T16:58:44","modified_gmt":"2024-04-17T18:58:44","slug":"yamaha-gp1800-billet-intake","status":"publish","type":"product","link":"https:\/\/www.ttrcncusa.com\/es\/product\/yamaha-gp1800-billet-intake\/","title":{"rendered":"ADMISI\u00d3N DE BILLET YAMAHA GP1800 (TURBO)"},"content":{"rendered":"<h2 class=\"yikes-custom-woo-tab-title yikes-custom-woo-tab-title-features\">Descripci\u00f3n general<\/h2>\n<p>Eficiencia incre\u00edble: a impulsos y RPM extremadamente altos, este colector ha demostrado una estabilidad t\u00e9rmica notable, confirmada por la adquisici\u00f3n de datos de precisi\u00f3n de la diferencia de temperatura de los gases de escape de menos de 20 grados Fahrenheit dentro de un rango de temperatura de 1450 grados Fahrenheit de EGT. Una haza\u00f1a impresionante, incluso en las condiciones m\u00e1s dif\u00edciles.<\/p>\n<p>Compatibilidad avanzada: el colector se integra perfectamente con los rieles de combustible tradicionales de RIVA Racing y es compatible, aunque es posible que sea necesario perforar para una alimentaci\u00f3n superior de 11 mm para los inyectores FT (no incluidos). Sellado con juntas t\u00f3ricas proporcionadas en todas las bridas, garantiza un sello herm\u00e9tico en la culata del cilindro, el conjunto impelente y el cuerpo del acelerador.<\/p>\n<p>Opciones de cuerpo del acelerador: Compatible con el cuerpo del acelerador electr\u00f3nico Yamaha original (SVHO o HO) o el cuerpo del acelerador electr\u00f3nico Bosch Motorsports de 68 mm preferido, elegido tanto por entusiastas como por profesionales.<\/p>\n<div id=\"1707316277.073649\" class=\"c-virtual_list__item\" tabindex=\"0\" role=\"listitem\" aria-setsize=\"-1\" data-qa=\"virtual-list-item\" data-item-key=\"1707316277.073649\">\n<div class=\"c-message_kit__background c-message_kit__background--hovered p-message_pane_message__message c-message_kit__message\" role=\"presentation\" data-qa=\"message_container\" data-qa-unprocessed=\"false\" data-qa-placeholder=\"false\">\n<div class=\"c-message_kit__hover c-message_kit__hover--hovered\" role=\"document\" aria-roledescription=\"message\" data-qa-hover=\"true\">\n<div class=\"c-message_kit__actions c-message_kit__actions--above\">\n<div class=\"c-message_kit__gutter\">\n<div class=\"c-message_kit__gutter__right\" role=\"presentation\" data-qa=\"message_content\">\n<div class=\"c-message_kit__blocks c-message_kit__blocks--rich_text\">\n<div class=\"c-message__message_blocks c-message__message_blocks--rich_text\" data-qa=\"message-text\">\n<div class=\"p-block_kit_renderer\" data-qa=\"block-kit-renderer\">\n<div class=\"p-block_kit_renderer__block_wrapper p-block_kit_renderer__block_wrapper--first\">\n<div class=\"p-rich_text_block\" dir=\"auto\">\n<div class=\"p-rich_text_section\">Dise\u00f1o sobrealimentado: El cuerpo del acelerador estrat\u00e9gicamente ubicado est\u00e1 orientado hacia la parte delantera de la moto acu\u00e1tica, ideal para sobrealimentador o cuando el intercooler est\u00e1 montado en la parte delantera de la PWC, lo que reduce significativamente la longitud de la tuber\u00eda del intercooler y mejora la eficiencia general.<\/div>\n<div><\/div>\n<div><\/div>\n<div class=\"p-rich_text_section\">\n<h2 class=\"yikes-custom-woo-tab-title yikes-custom-woo-tab-title-where-to-buy\">D\u00f3nde Comprar<\/h2>\n<p>Nuestra admisi\u00f3n de palanquilla (sobrealimentador) Yamaha GP1800 ya est\u00e1 disponible oficialmente a trav\u00e9s de nuestro distribuidor de confianza, Fueltech USA. No pierdas esta oportunidad de mejorar el rendimiento de tu motor Yamaha GP1800. Haz tu pedido ahora a trav\u00e9s de su web en\u00a0<a href=\"https:\/\/www.pbdyno.com\/catalogsearch\/result\/?q=+TTR-CARBONINTAKE-C\" target=\"_new\" rel=\"noopener\">https:\/\/www.fueltech.net\/search?q=ttr<\/a>\u00a0\u00a1Y experimente la diferencia de primera mano!<\/p>\n<p><img decoding=\"async\" class=\"alignnone size-full wp-image-5606\" src=\"http:\/\/ttrcncusa.com\/wp-content\/uploads\/2023\/11\/fueltech-1.png\" sizes=\"(max-width: 208px) 100vw, 208px\" srcset=\"http:\/\/ttrcncusa.com\/wp-content\/uploads\/2023\/11\/fueltech-1.png 208w, http:\/\/ttrcncusa.com\/wp-content\/uploads\/2023\/11\/fueltech-1-18x5.png 18w\" alt=\"\" width=\"208\" height=\"59\" \/><\/p>\n<\/div>\n<\/div>\n<\/div>\n<\/div>\n<\/div>\n<\/div>\n<\/div>\n<\/div>\n<\/div>\n<\/div>\n<\/div>\n<\/div>","protected":false},"excerpt":{"rendered":"<h2 class=\"sdSa7p0 o_F1pek---typography-11-runningText o_F1pek---priority-7-primary _HOcyB x4nptw sxbtulv\" aria-hidden=\"false\" data-hook=\"info-section-title\">INFORMACI\u00d3N DEL PRODUCTO<\/h2>\n<p>Colector de admisi\u00f3n TTR CNC Billet para Yamaha 1800<\/p>\n<p>Meticulosamente dise\u00f1ado utilizando el software de simulaci\u00f3n m\u00e1s avanzado disponible, el colector de admisi\u00f3n TTR CNC Billet para motores de moto acu\u00e1tica Yamaha 1800 establece nuevos est\u00e1ndares de rendimiento. Con conductos internos de fibra de carbono y un dise\u00f1o plenum que mantiene una distribuci\u00f3n del flujo de aire perfectamente equilibrada, este colector de admisi\u00f3n ha sido probado y refinado en ambientes extremos.<\/p>","protected":false},"featured_media":5418,"comment_status":"open","ping_status":"closed","template":"","meta":[],"product_cat":[87,97],"product_tag":[],"class_list":{"0":"post-5409","1":"product","2":"type-product","3":"status-publish","4":"has-post-thumbnail","6":"product_cat-intakes","7":"product_cat-yamaha","9":"first","10":"instock","11":"shipping-taxable","12":"purchasable","13":"product-type-simple"},"aioseo_notices":[],"_links":{"self":[{"href":"https:\/\/www.ttrcncusa.com\/es\/wp-json\/wp\/v2\/product\/5409","targetHints":{"allow":["GET"]}}],"collection":[{"href":"https:\/\/www.ttrcncusa.com\/es\/wp-json\/wp\/v2\/product"}],"about":[{"href":"https:\/\/www.ttrcncusa.com\/es\/wp-json\/wp\/v2\/types\/product"}],"replies":[{"embeddable":true,"href":"https:\/\/www.ttrcncusa.com\/es\/wp-json\/wp\/v2\/comments?post=5409"}],"wp:featuredmedia":[{"embeddable":true,"href":"https:\/\/www.ttrcncusa.com\/es\/wp-json\/wp\/v2\/media\/5418"}],"wp:attachment":[{"href":"https:\/\/www.ttrcncusa.com\/es\/wp-json\/wp\/v2\/media?parent=5409"}],"wp:term":[{"taxonomy":"product_cat","embeddable":true,"href":"https:\/\/www.ttrcncusa.com\/es\/wp-json\/wp\/v2\/product_cat?post=5409"},{"taxonomy":"product_tag","embeddable":true,"href":"https:\/\/www.ttrcncusa.com\/es\/wp-json\/wp\/v2\/product_tag?post=5409"}],"curies":[{"name":"wp","href":"https:\/\/api.w.org\/{rel}","templated":true}]}}