{"id":5382,"date":"2023-11-14T17:48:04","date_gmt":"2023-11-14T19:48:04","guid":{"rendered":"https:\/\/ttrcncusa.tfx.company\/?post_type=product&#038;p=5382"},"modified":"2025-02-11T04:36:20","modified_gmt":"2025-02-11T06:36:20","slug":"nissan-tb48-naturally-aspirated-carbon-intake","status":"publish","type":"product","link":"https:\/\/www.ttrcncusa.com\/es\/product\/nissan-tb48-naturally-aspirated-carbon\/","title":{"rendered":"NISSAN TB48 CARBONO ASPIRADO NATURALMENTE"},"content":{"rendered":"<p>Admisi\u00f3n de carbono de aspiraci\u00f3n natural TTR CNC USA Nissan TB48, un pin\u00e1culo de la ingenier\u00eda de precisi\u00f3n dise\u00f1ada para elevar el rendimiento de los autom\u00f3viles de alta potencia a niveles sin precedentes. Elaborado con meticulosa atenci\u00f3n al detalle, este sistema de admisi\u00f3n es un testimonio del compromiso de TTR CNC USA con la excelencia.<\/p>\n<p><strong>Excelencia Plenaria:<\/strong> El coraz\u00f3n de este sistema de admisi\u00f3n reside en su pleno de forma org\u00e1nica \u00edntegramente de fibra de carbono. La construcci\u00f3n liviana pero robusta del pleno garantiza una din\u00e1mica \u00f3ptima del flujo de aire, brindando a su motor Nissan TB48 un camino suave e ininterrumpido para el aire entrante. Esta construcci\u00f3n de fibra de carbono no s\u00f3lo contribuye a una reducci\u00f3n de peso sino que tambi\u00e9n irradia una est\u00e9tica elegante e inspirada en las carreras.<\/p>\n<p><strong>Corredores mecanizados CNC Billet:<\/strong> La precisi\u00f3n es el sello distintivo del TTR CNC USA, y la admisi\u00f3n de carbono de aspiraci\u00f3n natural Nissan TB48 no es una excepci\u00f3n. Los corredores, las bridas y la boca acampanada de esta entrada est\u00e1n meticulosamente elaborados con materiales mecanizados por CNC Full Billet. Esto garantiza una durabilidad y precisi\u00f3n incomparables en cada componente, brindando un rendimiento constante y confiable en las condiciones de conducci\u00f3n m\u00e1s exigentes.<\/p>\n<p><strong>Dise\u00f1o de pleno optimizado:<\/strong> TTR CNC USA ha llevado el rendimiento a nuevas alturas al dise\u00f1ar un pleno m\u00e1s grande dise\u00f1ado espec\u00edficamente para atender un rango de RPM m\u00e1s alto. Este pleno optimizado permite un mayor flujo de aire y eficiencia volum\u00e9trica, asegurando que su motor pueda respirar sin esfuerzo a varios niveles de RPM. El resultado es una mejora notable en el rendimiento y la capacidad de respuesta general del motor.<\/p>\n<p><strong>Rendimiento vers\u00e1til:<\/strong> Dise\u00f1ada pensando en el conductor exigente, la admisi\u00f3n de carbono con aspiraci\u00f3n natural Nissan TB48 de TTR CNC USA est\u00e1 dise\u00f1ada para mejorar la eficiencia volum\u00e9trica del motor en un amplio rango de RPM. Ya sea que est\u00e9 superando los l\u00edmites en la pista o disfrutando de una conducci\u00f3n en\u00e9rgica en la carretera abierta, este sistema de admisi\u00f3n ofrece una combinaci\u00f3n armoniosa de potencia y precisi\u00f3n.<\/p>\n<p>En resumen, la admisi\u00f3n de carbono de aspiraci\u00f3n natural TTR CNC USA Nissan TB48 es un testimonio de la dedicaci\u00f3n de la marca para superar los l\u00edmites del rendimiento automotriz. Mejore su experiencia de conducci\u00f3n con un producto que combina a la perfecci\u00f3n tecnolog\u00eda de vanguardia, artesan\u00eda de precisi\u00f3n y pasi\u00f3n por la excelencia del alto rendimiento.<\/p>","protected":false},"excerpt":{"rendered":"<p>Admisi\u00f3n de carbono de aspiraci\u00f3n natural TTR CNC USA Nissan TB48, un pin\u00e1culo de la ingenier\u00eda de precisi\u00f3n dise\u00f1ada para elevar el rendimiento de los autom\u00f3viles de alta potencia a niveles sin precedentes. Elaborado con meticulosa atenci\u00f3n al detalle, este sistema de admisi\u00f3n es un testimonio del compromiso de TTR CNC USA con la excelencia.<\/p>\n<p>En resumen, la admisi\u00f3n de carbono de aspiraci\u00f3n natural TTR CNC USA Nissan TB48 es un testimonio de la dedicaci\u00f3n de la marca para superar los l\u00edmites del rendimiento automotriz. Mejore su experiencia de conducci\u00f3n con un producto que combina a la perfecci\u00f3n tecnolog\u00eda de vanguardia, artesan\u00eda de precisi\u00f3n y pasi\u00f3n por la excelencia del alto rendimiento.<\/p>","protected":false},"featured_media":5388,"comment_status":"open","ping_status":"closed","template":"","meta":[],"product_cat":[87,93],"product_tag":[],"class_list":{"0":"post-5382","1":"product","2":"type-product","3":"status-publish","4":"has-post-thumbnail","6":"product_cat-intakes","7":"product_cat-nissan","9":"first","10":"onbackorder","11":"shipping-taxable","12":"purchasable","13":"product-type-simple"},"aioseo_notices":[],"_links":{"self":[{"href":"https:\/\/www.ttrcncusa.com\/es\/wp-json\/wp\/v2\/product\/5382","targetHints":{"allow":["GET"]}}],"collection":[{"href":"https:\/\/www.ttrcncusa.com\/es\/wp-json\/wp\/v2\/product"}],"about":[{"href":"https:\/\/www.ttrcncusa.com\/es\/wp-json\/wp\/v2\/types\/product"}],"replies":[{"embeddable":true,"href":"https:\/\/www.ttrcncusa.com\/es\/wp-json\/wp\/v2\/comments?post=5382"}],"wp:featuredmedia":[{"embeddable":true,"href":"https:\/\/www.ttrcncusa.com\/es\/wp-json\/wp\/v2\/media\/5388"}],"wp:attachment":[{"href":"https:\/\/www.ttrcncusa.com\/es\/wp-json\/wp\/v2\/media?parent=5382"}],"wp:term":[{"taxonomy":"product_cat","embeddable":true,"href":"https:\/\/www.ttrcncusa.com\/es\/wp-json\/wp\/v2\/product_cat?post=5382"},{"taxonomy":"product_tag","embeddable":true,"href":"https:\/\/www.ttrcncusa.com\/es\/wp-json\/wp\/v2\/product_tag?post=5382"}],"curies":[{"name":"wp","href":"https:\/\/api.w.org\/{rel}","templated":true}]}}