{"id":5369,"date":"2023-11-14T17:45:17","date_gmt":"2023-11-14T19:45:17","guid":{"rendered":"https:\/\/ttrcncusa.tfx.company\/?post_type=product&#038;p=5369"},"modified":"2025-02-11T04:37:05","modified_gmt":"2025-02-11T06:37:05","slug":"nissan-tb48-billet-intake-single-throttle","status":"publish","type":"product","link":"https:\/\/www.ttrcncusa.com\/es\/product\/nissan-tb48-billet-intake-single-throttle\/","title":{"rendered":"ADMISI\u00d3N DE BILLET NISSAN TB48 (SOLO ACELERADOR)"},"content":{"rendered":"<p>Admisi\u00f3n Billet TTR CNC USA Nissan TB48 (Acelerador \u00fanico): una obra maestra dise\u00f1ada con precisi\u00f3n y meticulosamente dise\u00f1ada para entusiastas que exigen potencia y rendimiento excepcionales de su motor Nissan TB48. Esta admisi\u00f3n Billet representa el ep\u00edtome del mecanizado de precisi\u00f3n, integrando a la perfecci\u00f3n tecnolog\u00eda CNC de vanguardia con un dise\u00f1o bien pensado para redefinir las capacidades del motor TB48.<\/p>\n<p><strong>Caracter\u00edsticas clave:<\/strong><\/p>\n<p><strong>Plenum: Billet completo mecanizado CNC<\/strong><\/p>\n<p>El n\u00facleo de esta admisi\u00f3n Billet es un pleno fabricado \u00edntegramente a partir de aluminio Billet mediante mecanizado CNC avanzado. Este proceso garantiza no s\u00f3lo una resistencia y durabilidad incomparables, sino tambi\u00e9n detalles precisos, optimizando el flujo de aire para mejorar el rendimiento del motor.<\/p>\n<p><strong>Corredores: Corredores primarios OEM<\/strong><\/p>\n<p>Al conservar los corredores primarios OEM, esta entrada Billet aprovecha el dise\u00f1o probado para mantener un rendimiento \u00f3ptimo. La combinaci\u00f3n de rodetes OEM con una c\u00e1mara plenum de palanquilla est\u00e1 dise\u00f1ada para mejorar la eficiencia volum\u00e9trica del motor en un amplio rango de RPM.<\/p>\n<p><strong>Dise\u00f1ado para mejorar la eficiencia volum\u00e9trica del motor en un amplio rango de RPM<\/strong><\/p>\n<p>Dise\u00f1ado para mejorar la eficiencia volum\u00e9trica del motor, este Billet Intake est\u00e1 meticulosamente dise\u00f1ado para funcionar sin problemas en un amplio espectro de RPM. La cuidadosa ingenier\u00eda garantiza un flujo de aire optimizado, lo que contribuye a mejorar la potencia y la capacidad de respuesta.<\/p>\n<p>La admisi\u00f3n Billet TTR CNC USA Nissan TB48 (acelerador \u00fanico) no es simplemente una mejora; es una mejora dise\u00f1ada con precisi\u00f3n que establece nuevos est\u00e1ndares para la conducci\u00f3n de alto rendimiento. Mejora tu experiencia con el motor Nissan TB48 con una admisi\u00f3n que combina perfectamente forma y funci\u00f3n, superando los l\u00edmites de la capacidad en una amplia gama de RPM.<\/p>","protected":false},"excerpt":{"rendered":"<p>Admisi\u00f3n Billet TTR CNC USA Nissan TB48 (Acelerador \u00fanico): una obra maestra dise\u00f1ada con precisi\u00f3n y meticulosamente dise\u00f1ada para entusiastas que exigen potencia y rendimiento excepcionales de su motor Nissan TB48. Esta admisi\u00f3n Billet representa el ep\u00edtome del mecanizado de precisi\u00f3n, integrando a la perfecci\u00f3n tecnolog\u00eda CNC de vanguardia con un dise\u00f1o bien pensado para redefinir las capacidades del motor TB48.<\/p>\n<p>La admisi\u00f3n Billet TTR CNC USA Nissan TB48 (acelerador \u00fanico) no es simplemente una mejora; es una mejora dise\u00f1ada con precisi\u00f3n que establece nuevos est\u00e1ndares para la conducci\u00f3n de alto rendimiento. Mejora tu experiencia con el motor Nissan TB48 con una admisi\u00f3n que combina perfectamente forma y funci\u00f3n, superando los l\u00edmites de la capacidad en una amplia gama de RPM.<\/p>","protected":false},"featured_media":5381,"comment_status":"open","ping_status":"closed","template":"","meta":[],"product_cat":[87,93],"product_tag":[],"class_list":{"0":"post-5369","1":"product","2":"type-product","3":"status-publish","4":"has-post-thumbnail","6":"product_cat-intakes","7":"product_cat-nissan","9":"first","10":"onbackorder","11":"shipping-taxable","12":"purchasable","13":"product-type-simple"},"aioseo_notices":[],"_links":{"self":[{"href":"https:\/\/www.ttrcncusa.com\/es\/wp-json\/wp\/v2\/product\/5369","targetHints":{"allow":["GET"]}}],"collection":[{"href":"https:\/\/www.ttrcncusa.com\/es\/wp-json\/wp\/v2\/product"}],"about":[{"href":"https:\/\/www.ttrcncusa.com\/es\/wp-json\/wp\/v2\/types\/product"}],"replies":[{"embeddable":true,"href":"https:\/\/www.ttrcncusa.com\/es\/wp-json\/wp\/v2\/comments?post=5369"}],"wp:featuredmedia":[{"embeddable":true,"href":"https:\/\/www.ttrcncusa.com\/es\/wp-json\/wp\/v2\/media\/5381"}],"wp:attachment":[{"href":"https:\/\/www.ttrcncusa.com\/es\/wp-json\/wp\/v2\/media?parent=5369"}],"wp:term":[{"taxonomy":"product_cat","embeddable":true,"href":"https:\/\/www.ttrcncusa.com\/es\/wp-json\/wp\/v2\/product_cat?post=5369"},{"taxonomy":"product_tag","embeddable":true,"href":"https:\/\/www.ttrcncusa.com\/es\/wp-json\/wp\/v2\/product_tag?post=5369"}],"curies":[{"name":"wp","href":"https:\/\/api.w.org\/{rel}","templated":true}]}}