{"id":5355,"date":"2023-11-14T17:41:31","date_gmt":"2023-11-14T19:41:31","guid":{"rendered":"https:\/\/ttrcncusa.tfx.company\/?post_type=product&#038;p=5355"},"modified":"2024-04-17T16:56:30","modified_gmt":"2024-04-17T18:56:30","slug":"nissan-tb48-billet-intake-double-throttle","status":"publish","type":"product","link":"https:\/\/www.ttrcncusa.com\/es\/product\/nissan-tb48-billet-intake-double-throttle\/","title":{"rendered":"ADMISI\u00d3N DE BILLET NISSAN TB48 (DOBLE ACELERADOR)"},"content":{"rendered":"<p>Admisi\u00f3n Billet TTR CNC USA Nissan TB48 (Doble Acelerador): una creaci\u00f3n magistral dise\u00f1ada meticulosamente para entusiastas que buscan potencia y precisi\u00f3n incomparables. Esta admisi\u00f3n Billet es un testimonio del mecanizado de precisi\u00f3n, integrando a la perfecci\u00f3n tecnolog\u00eda CNC de vanguardia con un dise\u00f1o bien pensado para redefinir las capacidades del motor Nissan TB48.<\/p>\n<p><strong>Caracter\u00edsticas clave:<\/strong><\/p>\n<p><strong>Plenum: Billet completo mecanizado CNC<\/strong><\/p>\n<p>El coraz\u00f3n de esta admisi\u00f3n Billet es un pleno fabricado \u00edntegramente a partir de aluminio billet mediante mecanizado CNC avanzado. Este proceso no solo garantiza una resistencia y durabilidad superiores, sino que tambi\u00e9n permite detalles precisos, optimizando el flujo de aire para mejorar el rendimiento del motor.<\/p>\n<p><strong>Corredores: Corredores primarios OEM<\/strong><\/p>\n<p>Dise\u00f1ado para retener los corredores primarios OEM, este Billet Intake aprovecha el dise\u00f1o probado para garantizar un rendimiento \u00f3ptimo. La combinaci\u00f3n de rodetes OEM con un pleno de palanquilla mejora la eficiencia volum\u00e9trica del motor en un amplio rango de RPM.<\/p>\n<p><strong>Dise\u00f1ado para mejorar la eficiencia volum\u00e9trica del motor en un amplio rango de RPM<\/strong><\/p>\n<p>Adaptada para mejorar la eficiencia volum\u00e9trica del motor, esta admisi\u00f3n Billet est\u00e1 dise\u00f1ada para funcionar en un amplio rango de RPM. La cuidada ingenier\u00eda garantiza que el motor reciba un flujo de aire optimizado, lo que promueve una mayor potencia y capacidad de respuesta.<\/p>\n<p>La admisi\u00f3n Billet TTR CNC USA Nissan TB48 (doble acelerador) no es solo un accesorio; es una actualizaci\u00f3n dise\u00f1ada con precisi\u00f3n para superar las expectativas en el mundo de la conducci\u00f3n de alto rendimiento. Mejora tu experiencia con el motor Nissan TB48 con una admisi\u00f3n que combina perfectamente forma y funci\u00f3n, superando los l\u00edmites de la capacidad en un amplio espectro de RPM.<\/p>","protected":false},"excerpt":{"rendered":"<p>Admisi\u00f3n Billet TTR CNC USA Nissan TB48 (Doble Acelerador): una creaci\u00f3n magistral dise\u00f1ada meticulosamente para entusiastas que buscan potencia y precisi\u00f3n incomparables. Esta admisi\u00f3n Billet es un testimonio del mecanizado de precisi\u00f3n, integrando a la perfecci\u00f3n tecnolog\u00eda CNC de vanguardia con un dise\u00f1o bien pensado para redefinir las capacidades del motor Nissan TB48.<\/p>\n<p>La admisi\u00f3n Billet TTR CNC USA Nissan TB48 (doble acelerador) no es solo un accesorio; es una actualizaci\u00f3n dise\u00f1ada con precisi\u00f3n para superar las expectativas en el mundo de la conducci\u00f3n de alto rendimiento. Mejora tu experiencia con el motor Nissan TB48 con una admisi\u00f3n que combina perfectamente forma y funci\u00f3n, superando los l\u00edmites de la capacidad en un amplio espectro de RPM.<\/p>","protected":false},"featured_media":5368,"comment_status":"open","ping_status":"closed","template":"","meta":[],"product_cat":[87,93],"product_tag":[],"class_list":{"0":"post-5355","1":"product","2":"type-product","3":"status-publish","4":"has-post-thumbnail","6":"product_cat-intakes","7":"product_cat-nissan","9":"first","10":"instock","11":"shipping-taxable","12":"product-type-simple"},"aioseo_notices":[],"_links":{"self":[{"href":"https:\/\/www.ttrcncusa.com\/es\/wp-json\/wp\/v2\/product\/5355","targetHints":{"allow":["GET"]}}],"collection":[{"href":"https:\/\/www.ttrcncusa.com\/es\/wp-json\/wp\/v2\/product"}],"about":[{"href":"https:\/\/www.ttrcncusa.com\/es\/wp-json\/wp\/v2\/types\/product"}],"replies":[{"embeddable":true,"href":"https:\/\/www.ttrcncusa.com\/es\/wp-json\/wp\/v2\/comments?post=5355"}],"wp:featuredmedia":[{"embeddable":true,"href":"https:\/\/www.ttrcncusa.com\/es\/wp-json\/wp\/v2\/media\/5368"}],"wp:attachment":[{"href":"https:\/\/www.ttrcncusa.com\/es\/wp-json\/wp\/v2\/media?parent=5355"}],"wp:term":[{"taxonomy":"product_cat","embeddable":true,"href":"https:\/\/www.ttrcncusa.com\/es\/wp-json\/wp\/v2\/product_cat?post=5355"},{"taxonomy":"product_tag","embeddable":true,"href":"https:\/\/www.ttrcncusa.com\/es\/wp-json\/wp\/v2\/product_tag?post=5355"}],"curies":[{"name":"wp","href":"https:\/\/api.w.org\/{rel}","templated":true}]}}