{"id":5344,"date":"2023-11-14T17:35:04","date_gmt":"2023-11-14T19:35:04","guid":{"rendered":"https:\/\/ttrcncusa.tfx.company\/?post_type=product&#038;p=5344"},"modified":"2024-04-17T16:58:58","modified_gmt":"2024-04-17T18:58:58","slug":"polaris-rzr-turbo-carbon-intake","status":"publish","type":"product","link":"https:\/\/www.ttrcncusa.com\/es\/product\/polaris-rzr-turbo-carbon-intake\/","title":{"rendered":"ADMISI\u00d3N DE CARBONO TURBO POLARIS RZR"},"content":{"rendered":"<h2 class=\"yikes-custom-woo-tab-title yikes-custom-woo-tab-title-features\">Descripci\u00f3n general<\/h2>\n<p>Dise\u00f1ado para mejorar el rendimiento de la configuraci\u00f3n del motor a trav\u00e9s de simulaciones de din\u00e1mica de fluidos computacional de \u00faltima generaci\u00f3n, sin perder la elegancia del dise\u00f1o, construcci\u00f3n plenum de fibra de carbono preimpregnada utilizando autoclave y gu\u00edas mecanizadas de aluminio 6061 T6.<\/p>\n<h2 class=\"yikes-custom-woo-tab-title yikes-custom-woo-tab-title-where-to-buy\">D\u00f3nde Comprar<\/h2>\n<p>Cont\u00e1ctenos por correo electr\u00f3nico a sales@www.ttrcncusa.com para solicitar informaci\u00f3n sobre nuestros productos o servicios.<\/p>","protected":false},"excerpt":{"rendered":"<h2 class=\"sdSa7p0 o_F1pek---typography-11-runningText o_F1pek---priority-7-primary _HOcyB x4nptw sxbtulv\" aria-hidden=\"false\" data-hook=\"info-section-title\">INFORMACI\u00d3N DEL PRODUCTO<\/h2>\n<div class=\"aecizt QfrfFD cell\">Plenum: fibra de carbono completa<br \/>\nCorredores: Corredores, bridas y boca acampanada mecanizados CNC de palanquilla completa<br \/>\nIntercooler: Provisi\u00f3n para instalar el enfriador de agua OEM<br \/>\nPlenum: Plenum m\u00e1s grande para un mayor rango de RPM<br \/>\nPresi\u00f3n de sobrealimentaci\u00f3n: M\u00e1ximo 100 PSI<\/div>","protected":false},"featured_media":5639,"comment_status":"open","ping_status":"closed","template":"","meta":[],"product_cat":[87,98],"product_tag":[],"class_list":{"0":"post-5344","1":"product","2":"type-product","3":"status-publish","4":"has-post-thumbnail","6":"product_cat-intakes","7":"product_cat-polaris","9":"first","10":"instock","11":"shipping-taxable","12":"purchasable","13":"product-type-simple"},"aioseo_notices":[],"_links":{"self":[{"href":"https:\/\/www.ttrcncusa.com\/es\/wp-json\/wp\/v2\/product\/5344","targetHints":{"allow":["GET"]}}],"collection":[{"href":"https:\/\/www.ttrcncusa.com\/es\/wp-json\/wp\/v2\/product"}],"about":[{"href":"https:\/\/www.ttrcncusa.com\/es\/wp-json\/wp\/v2\/types\/product"}],"replies":[{"embeddable":true,"href":"https:\/\/www.ttrcncusa.com\/es\/wp-json\/wp\/v2\/comments?post=5344"}],"wp:featuredmedia":[{"embeddable":true,"href":"https:\/\/www.ttrcncusa.com\/es\/wp-json\/wp\/v2\/media\/5639"}],"wp:attachment":[{"href":"https:\/\/www.ttrcncusa.com\/es\/wp-json\/wp\/v2\/media?parent=5344"}],"wp:term":[{"taxonomy":"product_cat","embeddable":true,"href":"https:\/\/www.ttrcncusa.com\/es\/wp-json\/wp\/v2\/product_cat?post=5344"},{"taxonomy":"product_tag","embeddable":true,"href":"https:\/\/www.ttrcncusa.com\/es\/wp-json\/wp\/v2\/product_tag?post=5344"}],"curies":[{"name":"wp","href":"https:\/\/api.w.org\/{rel}","templated":true}]}}