{"id":5295,"date":"2023-11-14T16:50:54","date_gmt":"2023-11-14T18:50:54","guid":{"rendered":"https:\/\/ttrcncusa.tfx.company\/?post_type=product&#038;p=5295"},"modified":"2024-07-11T13:54:36","modified_gmt":"2024-07-11T15:54:36","slug":"porsche-992-billet-intake","status":"publish","type":"product","link":"https:\/\/www.ttrcncusa.com\/es\/product\/porsche-992-billet-intake\/","title":{"rendered":"COLECTOR DE ADMISI\u00d3N BILLET PORSCHE 992"},"content":{"rendered":"<h2 class=\"yikes-custom-woo-tab-title yikes-custom-woo-tab-title-features\">Descripci\u00f3n general<\/h2>\n<p>Dise\u00f1ado para mejorar el rendimiento de la configuraci\u00f3n del motor mediante simulaciones de din\u00e1mica de fluidos computacional de \u00faltima generaci\u00f3n, sin perder la elegancia del dise\u00f1o, y mecanizado en aluminio 6061 T6.<\/p>\n<h2 class=\"yikes-custom-woo-tab-title yikes-custom-woo-tab-title-where-to-buy\">D\u00f3nde Comprar<\/h2>\n<p>Cont\u00e1ctenos por correo electr\u00f3nico a sales@www.ttrcncusa.com para solicitar informaci\u00f3n sobre nuestros productos o servicios.<\/p>","protected":false},"excerpt":{"rendered":"<h2 class=\"sdSa7p0 o_F1pek---typography-11-runningText o_F1pek---priority-7-primary _HOcyB x4nptw sxbtulv\" aria-hidden=\"false\" data-hook=\"info-section-title\">INFORMACI\u00d3N DEL PRODUCTO<\/h2>\n<div class=\"aecizt QfrfFD cell\">Plenum: palanquilla completa mecanizada por CNC<br \/>\nCuerpo del acelerador: Misma posici\u00f3n que la admisi\u00f3n OEM<br \/>\nRieles de combustible: Se adapta al riel de combustible DI OEM<br \/>\nRieles de combustible adicionales: Provisi\u00f3n para un segundo banco de inyectores de combustible (necesario para modificar las l\u00edneas duras de DI)<br \/>\nMejoras: Geometr\u00eda simulada y optimizada de din\u00e1mica de fluidos computacional, rendimiento mejorado relacionado con la pieza OEM, capaz de alcanzar una presi\u00f3n de sobrealimentaci\u00f3n de m\u00e1s de 100 psi.<\/div>","protected":false},"featured_media":5869,"comment_status":"open","ping_status":"closed","template":"","meta":[],"product_cat":[87,91],"product_tag":[89],"class_list":{"0":"post-5295","1":"product","2":"type-product","3":"status-publish","4":"has-post-thumbnail","6":"product_cat-intakes","7":"product_cat-porsche","8":"product_tag-porsche","10":"first","11":"instock","12":"shipping-taxable","13":"product-type-simple"},"aioseo_notices":[],"_links":{"self":[{"href":"https:\/\/www.ttrcncusa.com\/es\/wp-json\/wp\/v2\/product\/5295","targetHints":{"allow":["GET"]}}],"collection":[{"href":"https:\/\/www.ttrcncusa.com\/es\/wp-json\/wp\/v2\/product"}],"about":[{"href":"https:\/\/www.ttrcncusa.com\/es\/wp-json\/wp\/v2\/types\/product"}],"replies":[{"embeddable":true,"href":"https:\/\/www.ttrcncusa.com\/es\/wp-json\/wp\/v2\/comments?post=5295"}],"wp:featuredmedia":[{"embeddable":true,"href":"https:\/\/www.ttrcncusa.com\/es\/wp-json\/wp\/v2\/media\/5869"}],"wp:attachment":[{"href":"https:\/\/www.ttrcncusa.com\/es\/wp-json\/wp\/v2\/media?parent=5295"}],"wp:term":[{"taxonomy":"product_cat","embeddable":true,"href":"https:\/\/www.ttrcncusa.com\/es\/wp-json\/wp\/v2\/product_cat?post=5295"},{"taxonomy":"product_tag","embeddable":true,"href":"https:\/\/www.ttrcncusa.com\/es\/wp-json\/wp\/v2\/product_tag?post=5295"}],"curies":[{"name":"wp","href":"https:\/\/api.w.org\/{rel}","templated":true}]}}