{"id":5247,"date":"2023-11-14T16:21:32","date_gmt":"2023-11-14T18:21:32","guid":{"rendered":"https:\/\/ttrcncusa.tfx.company\/?post_type=product&#038;p=5247"},"modified":"2024-04-17T16:56:30","modified_gmt":"2024-04-17T18:56:30","slug":"nissan-r35-vr38-wet-block-street","status":"publish","type":"product","link":"https:\/\/www.ttrcncusa.com\/es\/product\/nissan-r35-vr38-wet-block-street\/","title":{"rendered":"NISSAN R35 VR38 BLOQUE H\u00daMEDO (CALLE)"},"content":{"rendered":"<h2 class=\"yikes-custom-woo-tab-title yikes-custom-woo-tab-title-features\">Descripci\u00f3n general<\/h2>\n<p>Dise\u00f1ado para adaptarse al hardware original con todos los refuerzos necesarios para adaptarse a un uso de alto rendimiento.<\/p>\n<p>Mecanizado en aluminio de grado aeroespacial 6061 T6 utilizando m\u00e1quinas de hasta 5 ejes y equipado con camisas de hierro d\u00factil. Todos los bloques CNC TTR se optimizan mediante simulaciones del m\u00e9todo de elementos finitos que exploran diferentes rangos de RPM, pesos de conjuntos giratorios y condiciones l\u00edmite de par\/potencia m\u00e1ximas para garantizar un producto que pueda soportar toda la tensi\u00f3n que se le va a imponer.<\/p>\n<p>Contando con tapas principales de Chrome-Moly, el bloque est\u00e1 dise\u00f1ado para hacerse cargo de cualquier abuso.<\/p>\n<h2 class=\"yikes-custom-woo-tab-title yikes-custom-woo-tab-title-where-to-buy\">D\u00f3nde Comprar<\/h2>\n<p>Cont\u00e1ctenos por correo electr\u00f3nico a sales@www.ttrcncusa.com para solicitar informaci\u00f3n sobre nuestros productos o servicios.<\/p>","protected":false},"excerpt":{"rendered":"<h2 class=\"sdSa7p0 o_F1pek---typography-11-runningText o_F1pek---priority-7-primary _HOcyB x4nptw sxbtulv\" aria-hidden=\"false\" data-hook=\"info-section-title\">INFORMACI\u00d3N DEL PRODUCTO<\/h2>\n<div class=\"aecizt QfrfFD cell\">Camisas de cilindro: mangas personalizadas<br \/>\nPlataforma: Plataforma abierta (bridada)<br \/>\nRefrigeraci\u00f3n del motor: refrigeraci\u00f3n por agua con mangas secas.<br \/>\nTapas principales: Tapas individuales de cromo-molibdeno de 4 y 6 pernos: 85 ft.lb (1\/2 pulgada) \/ 60 ft.lb (M10 x 1,25 mm)<br \/>\nRefrigeraci\u00f3n del pist\u00f3n: provisi\u00f3n de chorros de aceite OEM<br \/>\nSistema de aceite: C\u00e1rter h\u00famedo con bomba original o sumidero seco con bomba externa<br \/>\nDi\u00e1metro m\u00e1ximo del pist\u00f3n recomendado: 97 mm<br \/>\nSistema de agua: bomba de agua com\u00fan<br \/>\nEspacio libre para cig\u00fce\u00f1al de 94,5 mm de carrera + varillas de aluminio.<\/div>","protected":false},"featured_media":5260,"comment_status":"open","ping_status":"closed","template":"","meta":[],"product_cat":[86,93],"product_tag":[],"class_list":{"0":"post-5247","1":"product","2":"type-product","3":"status-publish","4":"has-post-thumbnail","6":"product_cat-blocks","7":"product_cat-nissan","9":"first","10":"instock","11":"shipping-taxable","12":"purchasable","13":"product-type-simple"},"aioseo_notices":[],"_links":{"self":[{"href":"https:\/\/www.ttrcncusa.com\/es\/wp-json\/wp\/v2\/product\/5247","targetHints":{"allow":["GET"]}}],"collection":[{"href":"https:\/\/www.ttrcncusa.com\/es\/wp-json\/wp\/v2\/product"}],"about":[{"href":"https:\/\/www.ttrcncusa.com\/es\/wp-json\/wp\/v2\/types\/product"}],"replies":[{"embeddable":true,"href":"https:\/\/www.ttrcncusa.com\/es\/wp-json\/wp\/v2\/comments?post=5247"}],"wp:featuredmedia":[{"embeddable":true,"href":"https:\/\/www.ttrcncusa.com\/es\/wp-json\/wp\/v2\/media\/5260"}],"wp:attachment":[{"href":"https:\/\/www.ttrcncusa.com\/es\/wp-json\/wp\/v2\/media?parent=5247"}],"wp:term":[{"taxonomy":"product_cat","embeddable":true,"href":"https:\/\/www.ttrcncusa.com\/es\/wp-json\/wp\/v2\/product_cat?post=5247"},{"taxonomy":"product_tag","embeddable":true,"href":"https:\/\/www.ttrcncusa.com\/es\/wp-json\/wp\/v2\/product_tag?post=5247"}],"curies":[{"name":"wp","href":"https:\/\/api.w.org\/{rel}","templated":true}]}}