{"id":5041,"date":"2023-11-10T15:02:36","date_gmt":"2023-11-10T17:02:36","guid":{"rendered":"https:\/\/ttrcncusa.tfx.company\/?page_id=5041"},"modified":"2023-11-13T15:21:49","modified_gmt":"2023-11-13T17:21:49","slug":"terms-of-use","status":"publish","type":"page","link":"https:\/\/www.ttrcncusa.com\/es\/terminos-y-condiciones-de-uso\/","title":{"rendered":"Condiciones de uso"},"content":{"rendered":"<div data-elementor-type=\"wp-page\" data-elementor-id=\"5041\" class=\"elementor elementor-5041\" data-elementor-post-type=\"page\">\n\t\t\t\t\t\t<section class=\"elementor-section elementor-top-section elementor-element elementor-element-8ac0af0 container-width-1500 elementor-section-stretched elementor-section-boxed elementor-section-height-default elementor-section-height-default\" data-id=\"8ac0af0\" data-element_type=\"section\" data-settings=\"{&quot;background_background&quot;:&quot;classic&quot;,&quot;stretch_section&quot;:&quot;section-stretched&quot;}\">\n\t\t\t\t\t\t\t<div class=\"elementor-background-overlay\"><\/div>\n\t\t\t\t\t\t\t<div class=\"elementor-container elementor-column-gap-default\">\n\t\t\t\t\t<div class=\"elementor-column elementor-col-100 elementor-top-column elementor-element elementor-element-71d1065\" data-id=\"71d1065\" data-element_type=\"column\">\n\t\t\t<div class=\"elementor-widget-wrap elementor-element-populated\">\n\t\t\t\t\t\t<div class=\"elementor-element elementor-element-e2978e3 elementor-widget elementor-widget-heading\" data-id=\"e2978e3\" data-element_type=\"widget\" data-widget_type=\"heading.default\">\n\t\t\t\t<div class=\"elementor-widget-container\">\n\t\t\t<h1 class=\"elementor-heading-title elementor-size-default\">Condiciones de uso<\/h1>\t\t<\/div>\n\t\t\t\t<\/div>\n\t\t\t\t<div class=\"elementor-element elementor-element-8d8c123 elementor-widget elementor-widget-html\" data-id=\"8d8c123\" data-element_type=\"widget\" data-widget_type=\"html.default\">\n\t\t\t\t<div class=\"elementor-widget-container\">\n\t\t\t<style>\n \n#site-header{background-color:black}\n \n.site-header-inner,\n.site-header-inner .wrap-inner{\n display:flex;\n align-items:center;\n height:80px;\n transition:0.0s;\n transition-delay:0.0s;\n}\n\n\n \n<\/style>\t\t<\/div>\n\t\t\t\t<\/div>\n\t\t\t\t\t<\/div>\n\t\t<\/div>\n\t\t\t\t\t<\/div>\n\t\t<\/section>\n\t\t\t\t<section class=\"elementor-section elementor-top-section elementor-element elementor-element-fed4b8c elementor-section-boxed elementor-section-height-default elementor-section-height-default\" data-id=\"fed4b8c\" data-element_type=\"section\">\n\t\t\t\t\t\t<div class=\"elementor-container elementor-column-gap-default\">\n\t\t\t\t\t<div class=\"elementor-column elementor-col-100 elementor-top-column elementor-element elementor-element-f134206\" data-id=\"f134206\" data-element_type=\"column\">\n\t\t\t<div class=\"elementor-widget-wrap elementor-element-populated\">\n\t\t\t\t\t\t<div class=\"elementor-element elementor-element-311f07b elementor-widget elementor-widget-text-editor\" data-id=\"311f07b\" data-element_type=\"widget\" data-widget_type=\"text-editor.default\">\n\t\t\t\t<div class=\"elementor-widget-container\">\n\t\t\t\t\t\t\t<p><b>\u00daltima actualizaci\u00f3n:<\/b> 10 de noviembre de 2023<\/p><p>Bienvenido al sitio web de TTR CNC USA (el \u201cSitio web\u201d). Lea atentamente estos t\u00e9rminos y condiciones de uso (\u201cT\u00e9rminos\u201d) antes de acceder o utilizar el sitio web. Al acceder o utilizar el sitio web, usted acepta estar sujeto a estos T\u00e9rminos. Si no est\u00e1 de acuerdo con estos T\u00e9rminos, no utilice el sitio web.<\/p><p><b>1 \u2013 Aceptaci\u00f3n de T\u00e9rminos<\/b><\/p><p>Al acceder o utilizar el sitio web, usted acepta estar sujeto a estos T\u00e9rminos. TTR CNC USA se reserva el derecho de modificar, actualizar o revisar estos T\u00e9rminos en cualquier momento, y su uso continuado del sitio web despu\u00e9s de la publicaci\u00f3n de los cambios significar\u00e1 que los acepta.<\/p><p><b>2 \u2013 Derechos de propiedad intelectual<\/b><\/p><p>El contenido, el dise\u00f1o y la disposici\u00f3n de este sitio web, incluidos, entre otros, texto, gr\u00e1ficos, im\u00e1genes, logotipos y videos, son propiedad de TTR CNC USA y est\u00e1n protegidos por las leyes de propiedad intelectual. El uso no autorizado de cualquier contenido de este sitio web est\u00e1 estrictamente prohibido.<\/p><p><b>3 \u2013 Actividades prohibidas<\/b><\/p><p>Usted acepta no:<\/p><p><b>a.<\/b> Copiar, reproducir, distribuir o crear trabajos derivados de cualquier contenido del sitio web sin el consentimiento expreso por escrito de TTR CNC USA.<\/p><p><b>b.<\/b> Usar el logotipo de TTR CNC USA de manera inadecuada, lo que incluye, entre otros, modificar, alterar o usar el logotipo de una manera que pueda inducir a error o confundir a los usuarios.<\/p><p><b>4 \u2013 Licencia limitada<\/b><\/p><p>TTR CNC USA le otorga una licencia limitada, revocable y no exclusiva para acceder y utilizar el sitio web para su uso personal o comercial interno. Esta licencia no incluye el derecho a:<\/p><p><b>a.<\/b> Copie o descargue contenido del sitio web para fines distintos del uso personal o comercial interno.<\/p><p><b>b.<\/b> Utilice metaetiquetas u otro texto oculto que utilice el nombre o las marcas comerciales de TTR CNC USA sin el consentimiento expreso por escrito.<\/p><p><b>5 \u2013 Renuncia de Garant\u00edas<\/b><\/p><p>El contenido del sitio web se proporciona &quot;tal cual&quot; sin garant\u00edas de ning\u00fan tipo, ya sea expresa o impl\u00edcita. TTR CNC USA renuncia a todas las garant\u00edas, incluidas, entre otras, las garant\u00edas impl\u00edcitas de comerciabilidad, idoneidad para un prop\u00f3sito particular o no infracci\u00f3n.<\/p><p><b>6 \u2013 Limitaci\u00f3n de responsabilidad<\/b><\/p><p>TTR CNC USA no ser\u00e1 responsable de ning\u00fan da\u00f1o directo, indirecto, incidental, especial o consecuente que surja o est\u00e9 relacionado de alguna manera con el uso del sitio web o con el retraso o la imposibilidad de utilizar el sitio web.<\/p><p><b>7 \u2013 Ley aplicable<\/b><\/p><p>Estos T\u00e9rminos se rigen e interpretan de acuerdo con las leyes del estado de Nueva Jersey, Estados Unidos de Am\u00e9rica, sin tener en cuenta sus principios de conflicto de leyes.<\/p><p><b>8 \u2013 Informaci\u00f3n de contacto<\/b><\/p><p>Si tiene alguna pregunta o inquietud con respecto a estos T\u00e9rminos, cont\u00e1ctenos en contact@www.ttrcncusa.com.<\/p><p>Al utilizar el sitio web, usted reconoce que ha le\u00eddo y comprendido estos T\u00e9rminos y acepta estar sujeto a ellos. Si no est\u00e1 de acuerdo con estos T\u00e9rminos, abst\u00e9ngase de utilizar el sitio web.<\/p>\t\t\t\t\t\t<\/div>\n\t\t\t\t<\/div>\n\t\t\t\t\t<\/div>\n\t\t<\/div>\n\t\t\t\t\t<\/div>\n\t\t<\/section>\n\t\t\t\t<\/div>","protected":false},"excerpt":{"rendered":"<p>Condiciones de uso \u00daltima actualizaci\u00f3n: 10 de noviembre de 2023 Bienvenido al sitio web de TTR CNC USA (el &quot;Sitio web&quot;). Lea atentamente estos t\u00e9rminos y condiciones de uso (&quot;T\u00e9rminos&quot;) antes de acceder o utilizar el Sitio web. Al acceder o utilizar el Sitio web, acepta estar sujeto a estos T\u00e9rminos. Si no lo hace,<\/p>","protected":false},"author":2,"featured_media":0,"parent":0,"menu_order":0,"comment_status":"closed","ping_status":"closed","template":"","meta":{"footnotes":""},"class_list":["post-5041","page","type-page","status-publish","hentry"],"aioseo_notices":[],"_links":{"self":[{"href":"https:\/\/www.ttrcncusa.com\/es\/wp-json\/wp\/v2\/pages\/5041","targetHints":{"allow":["GET"]}}],"collection":[{"href":"https:\/\/www.ttrcncusa.com\/es\/wp-json\/wp\/v2\/pages"}],"about":[{"href":"https:\/\/www.ttrcncusa.com\/es\/wp-json\/wp\/v2\/types\/page"}],"author":[{"embeddable":true,"href":"https:\/\/www.ttrcncusa.com\/es\/wp-json\/wp\/v2\/users\/2"}],"replies":[{"embeddable":true,"href":"https:\/\/www.ttrcncusa.com\/es\/wp-json\/wp\/v2\/comments?post=5041"}],"version-history":[{"count":26,"href":"https:\/\/www.ttrcncusa.com\/es\/wp-json\/wp\/v2\/pages\/5041\/revisions"}],"predecessor-version":[{"id":5124,"href":"https:\/\/www.ttrcncusa.com\/es\/wp-json\/wp\/v2\/pages\/5041\/revisions\/5124"}],"wp:attachment":[{"href":"https:\/\/www.ttrcncusa.com\/es\/wp-json\/wp\/v2\/media?parent=5041"}],"curies":[{"name":"wp","href":"https:\/\/api.w.org\/{rel}","templated":true}]}}