{"id":4139,"date":"2023-11-10T10:27:40","date_gmt":"2023-11-10T12:27:40","guid":{"rendered":"http:\/\/ninzio.com\/quper\/?page_id=4139"},"modified":"2024-01-11T17:36:11","modified_gmt":"2024-01-11T19:36:11","slug":"our-dealers","status":"publish","type":"page","link":"https:\/\/www.ttrcncusa.com\/es\/nuestros-distribuidores\/","title":{"rendered":"Distribuidores"},"content":{"rendered":"<div data-elementor-type=\"wp-page\" data-elementor-id=\"4139\" class=\"elementor elementor-4139\" data-elementor-post-type=\"page\">\n\t\t\t\t\t\t<section class=\"elementor-section elementor-top-section elementor-element elementor-element-2602f35 container-width-1500 elementor-section-stretched elementor-section-boxed elementor-section-height-default elementor-section-height-default\" data-id=\"2602f35\" data-element_type=\"section\" data-settings=\"{&quot;background_background&quot;:&quot;classic&quot;,&quot;stretch_section&quot;:&quot;section-stretched&quot;}\">\n\t\t\t\t\t\t\t<div class=\"elementor-background-overlay\"><\/div>\n\t\t\t\t\t\t\t<div class=\"elementor-container elementor-column-gap-default\">\n\t\t\t\t\t<div class=\"elementor-column elementor-col-100 elementor-top-column elementor-element elementor-element-a6248fd\" data-id=\"a6248fd\" data-element_type=\"column\">\n\t\t\t<div class=\"elementor-widget-wrap elementor-element-populated\">\n\t\t\t\t\t\t<div class=\"elementor-element elementor-element-ea063cd elementor-widget elementor-widget-heading\" data-id=\"ea063cd\" data-element_type=\"widget\" data-widget_type=\"heading.default\">\n\t\t\t\t<div class=\"elementor-widget-container\">\n\t\t\t<h1 class=\"elementor-heading-title elementor-size-default\">Distribuidores<\/h1>\t\t<\/div>\n\t\t\t\t<\/div>\n\t\t\t\t<div class=\"elementor-element elementor-element-950167b elementor-widget elementor-widget-html\" data-id=\"950167b\" data-element_type=\"widget\" data-widget_type=\"html.default\">\n\t\t\t\t<div class=\"elementor-widget-container\">\n\t\t\t<style>\n \n#site-header{background-color:black}\n \n.site-header-inner,\n.site-header-inner .wrap-inner{\n display:flex;\n align-items:center;\n height:80px;\n transition:0.0s;\n transition-delay:0.0s;\n}\n\n\n \n<\/style>\t\t<\/div>\n\t\t\t\t<\/div>\n\t\t\t\t\t<\/div>\n\t\t<\/div>\n\t\t\t\t\t<\/div>\n\t\t<\/section>\n\t\t\t\t<section class=\"elementor-section elementor-top-section elementor-element elementor-element-5e8bf79 elementor-section-boxed elementor-section-height-default elementor-section-height-default\" data-id=\"5e8bf79\" data-element_type=\"section\">\n\t\t\t\t\t\t<div class=\"elementor-container elementor-column-gap-default\">\n\t\t\t\t\t<div class=\"elementor-column elementor-col-100 elementor-top-column elementor-element elementor-element-23c7445\" data-id=\"23c7445\" data-element_type=\"column\">\n\t\t\t<div class=\"elementor-widget-wrap elementor-element-populated\">\n\t\t\t\t\t\t<div class=\"elementor-element elementor-element-ecd324c elementor-widget elementor-widget-text-editor\" data-id=\"ecd324c\" data-element_type=\"widget\" data-widget_type=\"text-editor.default\">\n\t\t\t\t<div class=\"elementor-widget-container\">\n\t\t\t\t\t\t\tExplore nuestra red de distribuidores autorizados, meticulosamente elegidos para ofrecer nuestras soluciones CNC de precisi\u00f3n a entusiastas de la automoci\u00f3n como usted. Nuestros distribuidores comparten nuestro compromiso con la calidad, el rendimiento y la satisfacci\u00f3n del cliente, asegurando que usted tenga acceso a los mejores componentes CNC para su veh\u00edculo de alta potencia.\n<br><br>\nDescubra los socios de confianza que le acercan los productos TTR CNC USA, brind\u00e1ndole orientaci\u00f3n y soporte expertos a medida que eleva el rendimiento y la est\u00e9tica de su obra maestra automotriz. Elija TTR CNC USA y experimente una calidad incomparable a trav\u00e9s de nuestra red de distribuidores dedicada.\t\t\t\t\t\t<\/div>\n\t\t\t\t<\/div>\n\t\t\t\t\t<\/div>\n\t\t<\/div>\n\t\t\t\t\t<\/div>\n\t\t<\/section>\n\t\t\t\t<section class=\"elementor-section elementor-top-section elementor-element elementor-element-c2ae715 elementor-section-boxed elementor-section-height-default elementor-section-height-default\" data-id=\"c2ae715\" data-element_type=\"section\">\n\t\t\t\t\t\t<div class=\"elementor-container elementor-column-gap-default\">\n\t\t\t\t\t<div class=\"elementor-column elementor-col-33 elementor-top-column elementor-element elementor-element-a732427\" data-id=\"a732427\" data-element_type=\"column\">\n\t\t\t<div class=\"elementor-widget-wrap elementor-element-populated\">\n\t\t\t\t\t\t<div class=\"elementor-element elementor-element-c586890 elementor-widget elementor-widget-image\" data-id=\"c586890\" data-element_type=\"widget\" data-widget_type=\"image.default\">\n\t\t\t\t<div class=\"elementor-widget-container\">\n\t\t\t\t\t\t\t\t\t\t\t\t\t\t<a href=\"https:\/\/www.fueltech.net\/\" target=\"_blank\">\n\t\t\t\t\t\t\t<img decoding=\"async\" width=\"208\" height=\"59\" src=\"https:\/\/www.ttrcncusa.com\/wp-content\/uploads\/2023\/11\/fueltech.png\" class=\"attachment-full size-full wp-image-4851\" alt=\"Tecnolog\u00eda de combustible\" \/>\t\t\t\t\t\t\t\t<\/a>\n\t\t\t\t\t\t\t\t\t\t\t\t\t<\/div>\n\t\t\t\t<\/div>\n\t\t\t\t\t<\/div>\n\t\t<\/div>\n\t\t\t\t<div class=\"elementor-column elementor-col-33 elementor-top-column elementor-element elementor-element-73b6ca0\" data-id=\"73b6ca0\" data-element_type=\"column\">\n\t\t\t<div class=\"elementor-widget-wrap elementor-element-populated\">\n\t\t\t\t\t\t<div class=\"elementor-element elementor-element-8b74f95 elementor-widget elementor-widget-image\" data-id=\"8b74f95\" data-element_type=\"widget\" data-widget_type=\"image.default\">\n\t\t\t\t<div class=\"elementor-widget-container\">\n\t\t\t\t\t\t\t\t\t\t\t\t\t\t<a href=\"https:\/\/www.drtracing.com\/\" target=\"_blank\">\n\t\t\t\t\t\t\t<img decoding=\"async\" width=\"143\" height=\"64\" src=\"https:\/\/www.ttrcncusa.com\/wp-content\/uploads\/2023\/11\/drplus.png\" class=\"attachment-full size-full wp-image-4841\" alt=\"\" \/>\t\t\t\t\t\t\t\t<\/a>\n\t\t\t\t\t\t\t\t\t\t\t\t\t<\/div>\n\t\t\t\t<\/div>\n\t\t\t\t\t<\/div>\n\t\t<\/div>\n\t\t\t\t<div class=\"elementor-column elementor-col-33 elementor-top-column elementor-element elementor-element-94352bd\" data-id=\"94352bd\" data-element_type=\"column\">\n\t\t\t<div class=\"elementor-widget-wrap elementor-element-populated\">\n\t\t\t\t\t\t<div class=\"elementor-element elementor-element-418999d elementor-widget elementor-widget-image\" data-id=\"418999d\" data-element_type=\"widget\" data-widget_type=\"image.default\">\n\t\t\t\t<div class=\"elementor-widget-container\">\n\t\t\t\t\t\t\t\t\t\t\t\t\t\t<a href=\"https:\/\/www.pbdyno.com\/\" target=\"_blank\">\n\t\t\t\t\t\t\t<img decoding=\"async\" width=\"419\" height=\"75\" src=\"https:\/\/www.ttrcncusa.com\/wp-content\/uploads\/2023\/11\/palmbeach.png\" class=\"attachment-full size-full wp-image-4842\" alt=\"\" srcset=\"https:\/\/www.ttrcncusa.com\/wp-content\/uploads\/2023\/11\/palmbeach.png 419w, https:\/\/www.ttrcncusa.com\/wp-content\/uploads\/2023\/11\/palmbeach-300x54.png 300w\" sizes=\"(max-width: 419px) 100vw, 419px\" \/>\t\t\t\t\t\t\t\t<\/a>\n\t\t\t\t\t\t\t\t\t\t\t\t\t<\/div>\n\t\t\t\t<\/div>\n\t\t\t\t\t<\/div>\n\t\t<\/div>\n\t\t\t\t\t<\/div>\n\t\t<\/section>\n\t\t\t\t<\/div>","protected":false},"excerpt":{"rendered":"<p>Nuestros distribuidores Explore nuestra red de distribuidores autorizados, meticulosamente seleccionados para ofrecer nuestras soluciones CNC dise\u00f1adas con precisi\u00f3n a entusiastas de la automoci\u00f3n como usted. Nuestros distribuidores comparten nuestro compromiso con la calidad, el rendimiento y la satisfacci\u00f3n del cliente, lo que garantiza que tenga acceso a los mejores componentes CNC para su veh\u00edculo de alta potencia. Descubra los socios de confianza<\/p>","protected":false},"author":2,"featured_media":0,"parent":0,"menu_order":0,"comment_status":"closed","ping_status":"closed","template":"","meta":{"footnotes":""},"class_list":["post-4139","page","type-page","status-publish","hentry"],"aioseo_notices":[],"_links":{"self":[{"href":"https:\/\/www.ttrcncusa.com\/es\/wp-json\/wp\/v2\/pages\/4139","targetHints":{"allow":["GET"]}}],"collection":[{"href":"https:\/\/www.ttrcncusa.com\/es\/wp-json\/wp\/v2\/pages"}],"about":[{"href":"https:\/\/www.ttrcncusa.com\/es\/wp-json\/wp\/v2\/types\/page"}],"author":[{"embeddable":true,"href":"https:\/\/www.ttrcncusa.com\/es\/wp-json\/wp\/v2\/users\/2"}],"replies":[{"embeddable":true,"href":"https:\/\/www.ttrcncusa.com\/es\/wp-json\/wp\/v2\/comments?post=4139"}],"version-history":[{"count":58,"href":"https:\/\/www.ttrcncusa.com\/es\/wp-json\/wp\/v2\/pages\/4139\/revisions"}],"predecessor-version":[{"id":5490,"href":"https:\/\/www.ttrcncusa.com\/es\/wp-json\/wp\/v2\/pages\/4139\/revisions\/5490"}],"wp:attachment":[{"href":"https:\/\/www.ttrcncusa.com\/es\/wp-json\/wp\/v2\/media?parent=4139"}],"curies":[{"name":"wp","href":"https:\/\/api.w.org\/{rel}","templated":true}]}}