{"id":5905,"date":"2024-06-25T22:24:02","date_gmt":"2024-06-26T00:24:02","guid":{"rendered":"https:\/\/darkred-lark-961430.hostingersite.com\/?post_type=product&#038;p=5905"},"modified":"2025-02-11T04:33:48","modified_gmt":"2025-02-11T06:33:48","slug":"tb48-dry-sump","status":"publish","type":"product","link":"https:\/\/www.ttrcncusa.com\/br\/product\/carter-seco-tb48\/","title":{"rendered":"TB48 C\u00c1RTER SECO"},"content":{"rendered":"<h2 class=\"yikes-custom-woo-tab-title yikes-custom-woo-tab-title-features\">Vis\u00e3o geral<\/h2>\n<p>Criado como uma atualiza\u00e7\u00e3o ideal do sistema de \u00f3leo para a plataforma, nosso Toyota 3RZ Billet Dry Sump Pan \u00e9 um componente totalmente usinado feito de alum\u00ednio 6061 T6 de grau aeroespacial.<\/p>\n<p>Constru\u00e7\u00e3o: C\u00e1rter, tampa e montagem da bomba totalmente usinados em CNC.<\/p>\n<p>Prote\u00e7\u00e3o da bomba: A malha interna evita a contamina\u00e7\u00e3o da bomba em caso de falha do motor.<\/p>\n<p>Circula\u00e7\u00e3o de \u00d3leo: Canais de \u00f3leo equilibrados garantem uma elimina\u00e7\u00e3o eficiente.<\/p>\n<h2 class=\"yikes-custom-woo-tab-title yikes-custom-woo-tab-title-where-to-buy\">Onde Comprar<\/h2>\n<p>Contate-nos por e-mail em sales@www.ttrcncusa.com para obter informa\u00e7\u00f5es sobre nossos produtos ou servi\u00e7os.<\/p>","protected":false},"excerpt":{"rendered":"<h2 class=\"sdSa7p0 o_F1pek---typography-11-runningText o_F1pek---priority-7-primary _HOcyB x4nptw sxbtulv\" aria-hidden=\"false\" data-hook=\"info-section-title\">INFORMA\u00c7\u00c3O DO PRODUTO<\/h2>\n<div class=\"aecizt QfrfFD cell\">Constru\u00e7\u00e3o: C\u00e1rter, tampa e montagem da bomba totalmente usinados em CNC.<br \/>\nProte\u00e7\u00e3o da bomba: Malha interna para evitar contamina\u00e7\u00e3o da bomba em caso de falha do motor.<br \/>\nCircula\u00e7\u00e3o: \u00c1rea de canais de \u00f3leo balanceados para fornecer elimina\u00e7\u00e3o eficiente.<\/div>","protected":false},"featured_media":5908,"comment_status":"open","ping_status":"closed","template":"","meta":[],"product_cat":[93],"product_tag":[],"class_list":{"0":"post-5905","1":"product","2":"type-product","3":"status-publish","4":"has-post-thumbnail","6":"product_cat-nissan","8":"first","9":"onbackorder","10":"shipping-taxable","11":"purchasable","12":"product-type-simple"},"aioseo_notices":[],"_links":{"self":[{"href":"https:\/\/www.ttrcncusa.com\/br\/wp-json\/wp\/v2\/product\/5905","targetHints":{"allow":["GET"]}}],"collection":[{"href":"https:\/\/www.ttrcncusa.com\/br\/wp-json\/wp\/v2\/product"}],"about":[{"href":"https:\/\/www.ttrcncusa.com\/br\/wp-json\/wp\/v2\/types\/product"}],"replies":[{"embeddable":true,"href":"https:\/\/www.ttrcncusa.com\/br\/wp-json\/wp\/v2\/comments?post=5905"}],"wp:featuredmedia":[{"embeddable":true,"href":"https:\/\/www.ttrcncusa.com\/br\/wp-json\/wp\/v2\/media\/5908"}],"wp:attachment":[{"href":"https:\/\/www.ttrcncusa.com\/br\/wp-json\/wp\/v2\/media?parent=5905"}],"wp:term":[{"taxonomy":"product_cat","embeddable":true,"href":"https:\/\/www.ttrcncusa.com\/br\/wp-json\/wp\/v2\/product_cat?post=5905"},{"taxonomy":"product_tag","embeddable":true,"href":"https:\/\/www.ttrcncusa.com\/br\/wp-json\/wp\/v2\/product_tag?post=5905"}],"curies":[{"name":"wp","href":"https:\/\/api.w.org\/{rel}","templated":true}]}}