{"id":5886,"date":"2024-06-24T23:03:32","date_gmt":"2024-06-25T01:03:32","guid":{"rendered":"https:\/\/darkred-lark-961430.hostingersite.com\/?post_type=product&#038;p=5886"},"modified":"2024-07-02T23:03:18","modified_gmt":"2024-07-03T01:03:18","slug":"ttr-awd-wiring","status":"publish","type":"product","link":"https:\/\/www.ttrcncusa.com\/br\/product\/fiacao-ttr-awd\/","title":{"rendered":"FIA\u00c7\u00c3O TTR AWD"},"content":{"rendered":"<h2 class=\"yikes-custom-woo-tab-title yikes-custom-woo-tab-title-features\">Vis\u00e3o geral<\/h2>\n<p><strong>Fia\u00e7\u00e3o TTR CNC M1 AWD para Lamborghini Huracan e Audi R8<\/strong><\/p>\n<p>A plataforma AWD do Huracan e R8 usa um computador separado para controlar a divis\u00e3o de torque dianteiro-traseiro, sem ajuste para o modo RWD (\u00fatil para aquecer pneus em corridas ou para testes de dinam\u00f4metro em RWD). Este chicote el\u00e9trico tamb\u00e9m pode converter um carro RWD em AWD.<\/p>\n<p>O kit ECU plug-and-play MoTeC M1 padr\u00e3o permite a remo\u00e7\u00e3o do controlador original, permitindo que a ECU M1 escrava lide com todos os controles. Isso requer fia\u00e7\u00e3o, pois a ECU escrava est\u00e1 localizada atr\u00e1s do driver e as conex\u00f5es s\u00e3o necess\u00e1rias perto da bateria na frente. Isso resulta em um chicote de aproximadamente 15 p\u00e9s com v\u00e1rios tipos de fios e um rel\u00e9.<\/p>\n<p>A ECU escrava receber\u00e1 a press\u00e3o e a temperatura do fluido Haldex dos sensores originais, fornecendo controle completo baseado em press\u00e3o em circuito fechado. Este chicote el\u00e9trico o torna totalmente plug-and-play. O controle MoTeC oferece recursos completos de controle e registro de dados.<\/p>\n<p>Este chicote inclui uma chave para alternar entre o controlador OEM e o MoTeC, permitindo a programa\u00e7\u00e3o enquanto o carro est\u00e1 funcionando.<\/p>","protected":false},"excerpt":{"rendered":"<h2 class=\"sdSa7p0 o_F1pek---typography-11-runningText o_F1pek---priority-7-primary _HOcyB x4nptw sxbtulv\" aria-hidden=\"false\" data-hook=\"info-section-title\">INFORMA\u00c7\u00c3O DO PRODUTO<\/h2>\n<p><strong>Fia\u00e7\u00e3o TTR CNC M1 AWD para Lamborghini Huracan e Audi R8<\/strong><\/p>\n<p>A plataforma AWD do Huracan e R8 usa um computador separado para controlar a divis\u00e3o de torque dianteiro-traseiro, sem ajuste para o modo RWD (\u00fatil para aquecer pneus em corridas ou para testes de dinam\u00f4metro em RWD). Este chicote el\u00e9trico tamb\u00e9m pode converter um carro RWD em AWD.<\/p>\n<p>O kit ECU plug-and-play MoTeC M1 padr\u00e3o permite a remo\u00e7\u00e3o do controlador original, permitindo que a ECU M1 escrava lide com todos os controles. Isso requer fia\u00e7\u00e3o, pois a ECU escrava est\u00e1 localizada atr\u00e1s do driver e as conex\u00f5es s\u00e3o necess\u00e1rias perto da bateria na frente. Isso resulta em um chicote de aproximadamente 15 p\u00e9s com v\u00e1rios tipos de fios e um rel\u00e9.<\/p>\n<p>A ECU escrava receber\u00e1 a press\u00e3o e a temperatura do fluido Haldex dos sensores originais, fornecendo controle completo baseado em press\u00e3o em circuito fechado. Este chicote el\u00e9trico o torna totalmente plug-and-play. O controle MoTeC oferece recursos completos de controle e registro de dados.<\/p>\n<p>Este chicote inclui uma chave para alternar entre o controlador OEM e o MoTeC, permitindo a programa\u00e7\u00e3o enquanto o carro est\u00e1 funcionando.<\/p>\n<h2 class=\"sdSa7p0 o_F1pek---typography-11-runningText o_F1pek---priority-7-primary _HOcyB x4nptw sxbtulv\" aria-hidden=\"false\" data-hook=\"info-section-title\"><\/h2>","protected":false},"featured_media":5889,"comment_status":"open","ping_status":"closed","template":"","meta":[],"product_cat":[94,95],"product_tag":[],"class_list":{"0":"post-5886","1":"product","2":"type-product","3":"status-publish","4":"has-post-thumbnail","6":"product_cat-audi","7":"product_cat-lamborghini","9":"first","10":"onbackorder","11":"shipping-taxable","12":"purchasable","13":"product-type-simple"},"aioseo_notices":[],"_links":{"self":[{"href":"https:\/\/www.ttrcncusa.com\/br\/wp-json\/wp\/v2\/product\/5886","targetHints":{"allow":["GET"]}}],"collection":[{"href":"https:\/\/www.ttrcncusa.com\/br\/wp-json\/wp\/v2\/product"}],"about":[{"href":"https:\/\/www.ttrcncusa.com\/br\/wp-json\/wp\/v2\/types\/product"}],"replies":[{"embeddable":true,"href":"https:\/\/www.ttrcncusa.com\/br\/wp-json\/wp\/v2\/comments?post=5886"}],"wp:featuredmedia":[{"embeddable":true,"href":"https:\/\/www.ttrcncusa.com\/br\/wp-json\/wp\/v2\/media\/5889"}],"wp:attachment":[{"href":"https:\/\/www.ttrcncusa.com\/br\/wp-json\/wp\/v2\/media?parent=5886"}],"wp:term":[{"taxonomy":"product_cat","embeddable":true,"href":"https:\/\/www.ttrcncusa.com\/br\/wp-json\/wp\/v2\/product_cat?post=5886"},{"taxonomy":"product_tag","embeddable":true,"href":"https:\/\/www.ttrcncusa.com\/br\/wp-json\/wp\/v2\/product_tag?post=5886"}],"curies":[{"name":"wp","href":"https:\/\/api.w.org\/{rel}","templated":true}]}}