{"id":5780,"date":"2024-04-17T16:12:19","date_gmt":"2024-04-17T18:12:19","guid":{"rendered":"https:\/\/darkred-lark-961430.hostingersite.com\/?post_type=product&#038;p=5780"},"modified":"2024-10-20T22:20:28","modified_gmt":"2024-10-21T00:20:28","slug":"porsche-991-billet-case","status":"publish","type":"product","link":"https:\/\/www.ttrcncusa.com\/br\/product\/caixa-de-boleto-porsche-991\/","title":{"rendered":"PORSCHE 991 \/ 991.2 CASO DE BILHETE"},"content":{"rendered":"","protected":false},"excerpt":{"rendered":"<p>TTR CNC USA Porsche 991 Block Cases \u2013 um pin\u00e1culo de engenharia de precis\u00e3o feito sob medida para entusiastas de alto desempenho que exigem o m\u00e1ximo de seus ve\u00edculos Porsche. Meticulosamente fabricadas, essas caixas de bloco de alum\u00ednio exemplificam o compromisso da TTR CNC USA em ultrapassar os limites do desempenho e da confiabilidade automotiva.<\/p>\n<p>As caixas TTR CNC USA Porsche 991 Block s\u00e3o uma prova da dedica\u00e7\u00e3o da marca \u00e0 engenharia de precis\u00e3o e \u00e0 inova\u00e7\u00e3o de alto desempenho. Eleve a sua experi\u00eancia de condu\u00e7\u00e3o Porsche com caixas de blocos que combinam resist\u00eancia, versatilidade e aten\u00e7\u00e3o meticulosa aos detalhes. Experimente o auge da engenharia automotiva com TTR CNC USA.<\/p>","protected":false},"featured_media":5793,"comment_status":"open","ping_status":"closed","template":"","meta":[],"product_cat":[86,91],"product_tag":[],"class_list":{"0":"post-5780","1":"product","2":"type-product","3":"status-publish","4":"has-post-thumbnail","6":"product_cat-blocks","7":"product_cat-porsche","9":"first","10":"onbackorder","11":"shipping-taxable","12":"purchasable","13":"product-type-simple"},"aioseo_notices":[],"_links":{"self":[{"href":"https:\/\/www.ttrcncusa.com\/br\/wp-json\/wp\/v2\/product\/5780","targetHints":{"allow":["GET"]}}],"collection":[{"href":"https:\/\/www.ttrcncusa.com\/br\/wp-json\/wp\/v2\/product"}],"about":[{"href":"https:\/\/www.ttrcncusa.com\/br\/wp-json\/wp\/v2\/types\/product"}],"replies":[{"embeddable":true,"href":"https:\/\/www.ttrcncusa.com\/br\/wp-json\/wp\/v2\/comments?post=5780"}],"wp:featuredmedia":[{"embeddable":true,"href":"https:\/\/www.ttrcncusa.com\/br\/wp-json\/wp\/v2\/media\/5793"}],"wp:attachment":[{"href":"https:\/\/www.ttrcncusa.com\/br\/wp-json\/wp\/v2\/media?parent=5780"}],"wp:term":[{"taxonomy":"product_cat","embeddable":true,"href":"https:\/\/www.ttrcncusa.com\/br\/wp-json\/wp\/v2\/product_cat?post=5780"},{"taxonomy":"product_tag","embeddable":true,"href":"https:\/\/www.ttrcncusa.com\/br\/wp-json\/wp\/v2\/product_tag?post=5780"}],"curies":[{"name":"wp","href":"https:\/\/api.w.org\/{rel}","templated":true}]}}