{"id":5767,"date":"2024-04-09T14:29:42","date_gmt":"2024-04-09T16:29:42","guid":{"rendered":"https:\/\/darkred-lark-961430.hostingersite.com\/?post_type=product&#038;p=5767"},"modified":"2024-10-20T22:21:47","modified_gmt":"2024-10-21T00:21:47","slug":"nissan-tb48-wet-block-streetable","status":"publish","type":"product","link":"https:\/\/www.ttrcncusa.com\/br\/product\/nissan-tb48-bloco-molhado-streetable\/","title":{"rendered":"Bloco molhado Nissan TB48 (Streetable)"},"content":{"rendered":"<h2 class=\"yikes-custom-woo-tab-title yikes-custom-woo-tab-title-features\">Vis\u00e3o geral<\/h2>\n<p>Projetado para se adequar ao hardware original com todos os refor\u00e7os necess\u00e1rios para um uso de alto desempenho.<\/p>\n<p>Usinado em alum\u00ednio aeroespacial 6061 T6 usando m\u00e1quinas de at\u00e9 5 eixos e equipado com mangas de ferro d\u00factil. Todos os blocos CNC TTR s\u00e3o otimizados usando simula\u00e7\u00f5es de m\u00e9todos de elementos finitos explorando diferentes faixas de RPM, pesos de conjuntos rotativos e condi\u00e7\u00f5es limite m\u00e1ximas de torque\/pot\u00eancia para garantir um produto que possa suportar todo o estresse que ser\u00e1 imposto.<\/p>\n<p>Com uma cinta usinada em alum\u00ednio 7075 T6 que confere estabilidade extra ao bloco, tentamos obter as melhores caracter\u00edsticas para um bloco de rua.<\/p>","protected":false},"excerpt":{"rendered":"<h2 class=\"sdSa7p0 o_F1pek---typography-11-runningText o_F1pek---priority-7-primary _HOcyB x4nptw sxbtulv\" aria-hidden=\"false\" data-hook=\"info-section-title\">INFORMA\u00c7\u00c3O DO PRODUTO<\/h2>\n<div class=\"aecizt QfrfFD cell\"><\/div>\n<div class=\"rah-static rah-static--height-auto\" aria-hidden=\"false\">\n<div>\n<div class=\"ulKuLk QfrfFD cell\">\n<div class=\"zp8uy2\" data-hook=\"info-section-description\">\n<p>Camisas de cilindro: Mangas personalizadas<br \/>\nConv\u00e9s: Conv\u00e9s aberto<br \/>\nArrefecimento do motor: Arrefecimento a \u00e1gua com mangas secas<br \/>\nTampas principais: Cinta principal em alum\u00ednio com 28 pinos<br \/>\nSistema de \u00f3leo: C\u00e1rter \u00famido com bomba de estoque (coletor personalizado) ou c\u00e1rter seco com bomba externa<br \/>\nDi\u00e2metro m\u00e1ximo do pist\u00e3o recomendado: 100,0 mm<br \/>\nSistema de \u00e1gua: Bomba de \u00e1gua de estoque<\/p>\n<\/div>\n<\/div>\n<\/div>\n<\/div>","protected":false},"featured_media":5768,"comment_status":"open","ping_status":"closed","template":"","meta":[],"product_cat":[86,93],"product_tag":[],"class_list":{"0":"post-5767","1":"product","2":"type-product","3":"status-publish","4":"has-post-thumbnail","6":"product_cat-blocks","7":"product_cat-nissan","9":"first","10":"onbackorder","11":"shipping-taxable","12":"purchasable","13":"product-type-simple"},"aioseo_notices":[],"_links":{"self":[{"href":"https:\/\/www.ttrcncusa.com\/br\/wp-json\/wp\/v2\/product\/5767","targetHints":{"allow":["GET"]}}],"collection":[{"href":"https:\/\/www.ttrcncusa.com\/br\/wp-json\/wp\/v2\/product"}],"about":[{"href":"https:\/\/www.ttrcncusa.com\/br\/wp-json\/wp\/v2\/types\/product"}],"replies":[{"embeddable":true,"href":"https:\/\/www.ttrcncusa.com\/br\/wp-json\/wp\/v2\/comments?post=5767"}],"wp:featuredmedia":[{"embeddable":true,"href":"https:\/\/www.ttrcncusa.com\/br\/wp-json\/wp\/v2\/media\/5768"}],"wp:attachment":[{"href":"https:\/\/www.ttrcncusa.com\/br\/wp-json\/wp\/v2\/media?parent=5767"}],"wp:term":[{"taxonomy":"product_cat","embeddable":true,"href":"https:\/\/www.ttrcncusa.com\/br\/wp-json\/wp\/v2\/product_cat?post=5767"},{"taxonomy":"product_tag","embeddable":true,"href":"https:\/\/www.ttrcncusa.com\/br\/wp-json\/wp\/v2\/product_tag?post=5767"}],"curies":[{"name":"wp","href":"https:\/\/api.w.org\/{rel}","templated":true}]}}