{"id":5749,"date":"2024-03-30T20:46:55","date_gmt":"2024-03-30T22:46:55","guid":{"rendered":"https:\/\/darkred-lark-961430.hostingersite.com\/?post_type=product&#038;p=5749"},"modified":"2024-10-20T22:33:01","modified_gmt":"2024-10-21T00:33:01","slug":"gm-ls3-carbon-intake-double-injector","status":"publish","type":"product","link":"https:\/\/www.ttrcncusa.com\/br\/product\/injetor-duplo-de-admissao-de-carbono-gm-ls3\/","title":{"rendered":"ENTRADA DE CARBONO GM LS3 (INJETOR DUPLO)"},"content":{"rendered":"<h2 class=\"yikes-custom-woo-tab-title yikes-custom-woo-tab-title-features\">Vis\u00e3o geral<\/h2>\n<p>Projetado para melhorar o desempenho da configura\u00e7\u00e3o do motor por meio de simula\u00e7\u00f5es de din\u00e2mica de fluidos computacionais de \u00faltima gera\u00e7\u00e3o, sem perder a eleg\u00e2ncia do design, constru\u00e7\u00e3o de plenum pr\u00e9-impregnado em fibra de carbono usando autoclave e corredores usinados em alum\u00ednio 6061 T6.<\/p>\n<h2 class=\"yikes-custom-woo-tab-title yikes-custom-woo-tab-title-where-to-buy\">Onde Comprar<\/h2>\n<p>Contate-nos por e-mail em sales@www.ttrcncusa.com para obter informa\u00e7\u00f5es sobre nossos produtos ou servi\u00e7os.<\/p>","protected":false},"excerpt":{"rendered":"<h2 class=\"sdSa7p0 o_F1pek---typography-11-runningText o_F1pek---priority-7-primary _HOcyB x4nptw sxbtulv\" aria-hidden=\"false\" data-hook=\"info-section-title\">INFORMA\u00c7\u00c3O DO PRODUTO<\/h2>\n<div class=\"aecizt QfrfFD cell\"><\/div>\n<div class=\"rah-static rah-static--height-auto\" aria-hidden=\"false\">\n<div>\n<div class=\"ulKuLk QfrfFD cell\">\n<div class=\"zp8uy2\" data-hook=\"info-section-description\">\n<p>Plenum: Totalmente em fibra de carbono<br \/>\nCorredores: Corredores, flanges e boca de sino usinados em CNC de tarugo completo<br \/>\nPlenum: plenum maior para maior faixa de RPM<br \/>\nPress\u00e3o de refor\u00e7o: m\u00e1ximo 100 PSI<\/p>\n<\/div>\n<\/div>\n<\/div>\n<\/div>","protected":false},"featured_media":5750,"comment_status":"open","ping_status":"closed","template":"","meta":[],"product_cat":[100,87],"product_tag":[],"class_list":{"0":"post-5749","1":"product","2":"type-product","3":"status-publish","4":"has-post-thumbnail","6":"product_cat-gm","7":"product_cat-intakes","9":"first","10":"onbackorder","11":"shipping-taxable","12":"purchasable","13":"product-type-simple"},"aioseo_notices":[],"_links":{"self":[{"href":"https:\/\/www.ttrcncusa.com\/br\/wp-json\/wp\/v2\/product\/5749","targetHints":{"allow":["GET"]}}],"collection":[{"href":"https:\/\/www.ttrcncusa.com\/br\/wp-json\/wp\/v2\/product"}],"about":[{"href":"https:\/\/www.ttrcncusa.com\/br\/wp-json\/wp\/v2\/types\/product"}],"replies":[{"embeddable":true,"href":"https:\/\/www.ttrcncusa.com\/br\/wp-json\/wp\/v2\/comments?post=5749"}],"wp:featuredmedia":[{"embeddable":true,"href":"https:\/\/www.ttrcncusa.com\/br\/wp-json\/wp\/v2\/media\/5750"}],"wp:attachment":[{"href":"https:\/\/www.ttrcncusa.com\/br\/wp-json\/wp\/v2\/media?parent=5749"}],"wp:term":[{"taxonomy":"product_cat","embeddable":true,"href":"https:\/\/www.ttrcncusa.com\/br\/wp-json\/wp\/v2\/product_cat?post=5749"},{"taxonomy":"product_tag","embeddable":true,"href":"https:\/\/www.ttrcncusa.com\/br\/wp-json\/wp\/v2\/product_tag?post=5749"}],"curies":[{"name":"wp","href":"https:\/\/api.w.org\/{rel}","templated":true}]}}