{"id":5740,"date":"2024-03-30T20:29:56","date_gmt":"2024-03-30T22:29:56","guid":{"rendered":"https:\/\/darkred-lark-961430.hostingersite.com\/?post_type=product&#038;p=5740"},"modified":"2024-04-17T17:02:33","modified_gmt":"2024-04-17T19:02:33","slug":"dodge-hellcat-billet-intake-turbo-setup","status":"publish","type":"product","link":"https:\/\/www.ttrcncusa.com\/br\/product\/configuracao-do-turbo-de-admissao-do-boleto-hellcat\/","title":{"rendered":"ENTRADA DE BILLET DODGE HELLCAT (CONFIGURA\u00c7\u00c3O DO TURBO)"},"content":{"rendered":"<h2 class=\"yikes-custom-woo-tab-title yikes-custom-woo-tab-title-features\">Vis\u00e3o geral<\/h2>\n<p>Projetado para melhorar o desempenho do ajuste do motor atrav\u00e9s de simula\u00e7\u00f5es computacionais de din\u00e2mica de fluidos de \u00faltima gera\u00e7\u00e3o, sem perder a eleg\u00e2ncia do design, e usinado em alum\u00ednio 6061 T6.<\/p>\n<p>Um design especial para configura\u00e7\u00f5es turbo no motor Doge Hemi hellcat.<\/p>\n<h2 class=\"yikes-custom-woo-tab-title yikes-custom-woo-tab-title-where-to-buy\">Onde Comprar<\/h2>\n<p>Contate-nos por e-mail em sales@www.ttrcncusa.com para saber mais sobre nossos produtos ou servi\u00e7os<\/p>","protected":false},"excerpt":{"rendered":"<h2 class=\"sdSa7p0 o_F1pek---typography-11-runningText o_F1pek---priority-7-primary _HOcyB x4nptw sxbtulv\" aria-hidden=\"false\" data-hook=\"info-section-title\">INFORMA\u00c7\u00c3O DO PRODUTO<\/h2>\n<div class=\"aecizt QfrfFD cell\"><\/div>\n<div class=\"rah-static rah-static--height-auto\" aria-hidden=\"false\">\n<div>\n<div class=\"ulKuLk QfrfFD cell\">\n<div class=\"zp8uy2\" data-hook=\"info-section-description\">\n<p>Plenum: Boleto completo usinado em CNC<br \/>\nCorpo do acelerador: igual \u00e0 entrada OEM<br \/>\nTrilhos de combust\u00edvel: Adapta-se ao trilho de combust\u00edvel OEM<br \/>\nMelhorias: Din\u00e2mica de fluidos computacional simulada e geometria otimizada para configura\u00e7\u00f5es turbo.<\/p>\n<\/div>\n<\/div>\n<\/div>\n<\/div>","protected":false},"featured_media":5741,"comment_status":"open","ping_status":"closed","template":"","meta":[],"product_cat":[101,87],"product_tag":[],"class_list":{"0":"post-5740","1":"product","2":"type-product","3":"status-publish","4":"has-post-thumbnail","6":"product_cat-dodge","7":"product_cat-intakes","9":"first","10":"instock","11":"shipping-taxable","12":"product-type-simple"},"aioseo_notices":[],"_links":{"self":[{"href":"https:\/\/www.ttrcncusa.com\/br\/wp-json\/wp\/v2\/product\/5740","targetHints":{"allow":["GET"]}}],"collection":[{"href":"https:\/\/www.ttrcncusa.com\/br\/wp-json\/wp\/v2\/product"}],"about":[{"href":"https:\/\/www.ttrcncusa.com\/br\/wp-json\/wp\/v2\/types\/product"}],"replies":[{"embeddable":true,"href":"https:\/\/www.ttrcncusa.com\/br\/wp-json\/wp\/v2\/comments?post=5740"}],"wp:featuredmedia":[{"embeddable":true,"href":"https:\/\/www.ttrcncusa.com\/br\/wp-json\/wp\/v2\/media\/5741"}],"wp:attachment":[{"href":"https:\/\/www.ttrcncusa.com\/br\/wp-json\/wp\/v2\/media?parent=5740"}],"wp:term":[{"taxonomy":"product_cat","embeddable":true,"href":"https:\/\/www.ttrcncusa.com\/br\/wp-json\/wp\/v2\/product_cat?post=5740"},{"taxonomy":"product_tag","embeddable":true,"href":"https:\/\/www.ttrcncusa.com\/br\/wp-json\/wp\/v2\/product_tag?post=5740"}],"curies":[{"name":"wp","href":"https:\/\/api.w.org\/{rel}","templated":true}]}}