{"id":5692,"date":"2024-03-29T09:02:55","date_gmt":"2024-03-29T11:02:55","guid":{"rendered":"https:\/\/darkred-lark-961430.hostingersite.com\/?post_type=product&#038;p=5692"},"modified":"2024-04-17T16:58:58","modified_gmt":"2024-04-17T18:58:58","slug":"polaris-rzr-turbo-billet-intake-manifold","status":"publish","type":"product","link":"https:\/\/www.ttrcncusa.com\/br\/product\/coletor-de-admissao-de-tarugo-turbo-polaris-rzr\/","title":{"rendered":"COLETOR DE ADMISS\u00c3O POLARIS RZR TURBO BILLET"},"content":{"rendered":"<h2 class=\"yikes-custom-woo-tab-title yikes-custom-woo-tab-title-features\">Vis\u00e3o geral<\/h2>\n<p>Projetado para melhorar o desempenho da configura\u00e7\u00e3o do motor por meio de simula\u00e7\u00f5es computacionais de din\u00e2mica de fluidos de \u00faltima gera\u00e7\u00e3o, sem comprometer a eleg\u00e2ncia do design, este plenum e o corredor s\u00e3o constru\u00eddos em alum\u00ednio 6061 T6<\/p>\n<h2 class=\"yikes-custom-woo-tab-title yikes-custom-woo-tab-title-where-to-buy\">Onde Comprar<\/h2>\n<p>Contate-nos por e-mail em sales@www.ttrcncusa.com para obter informa\u00e7\u00f5es sobre nossos produtos ou servi\u00e7os.<\/p>","protected":false},"excerpt":{"rendered":"<p>Vis\u00e3o geral Projetado para melhorar o desempenho da configura\u00e7\u00e3o do motor por meio de simula\u00e7\u00f5es de din\u00e2mica de fluidos computacionais de \u00faltima gera\u00e7\u00e3o, sem comprometer a eleg\u00e2ncia do design, este plenum e corredor s\u00e3o constru\u00eddos usando alum\u00ednio 6061 T6 Onde comprar Entre em contato conosco pelo e-mail sales@www.ttrcncusa.com para saber mais sobre nossos produtos ou servi\u00e7os.<\/p>","protected":false},"featured_media":5699,"comment_status":"open","ping_status":"closed","template":"","meta":[],"product_cat":[87,98],"product_tag":[],"class_list":{"0":"post-5692","1":"product","2":"type-product","3":"status-publish","4":"has-post-thumbnail","6":"product_cat-intakes","7":"product_cat-polaris","9":"first","10":"instock","11":"shipping-taxable","12":"purchasable","13":"product-type-simple"},"aioseo_notices":[],"_links":{"self":[{"href":"https:\/\/www.ttrcncusa.com\/br\/wp-json\/wp\/v2\/product\/5692","targetHints":{"allow":["GET"]}}],"collection":[{"href":"https:\/\/www.ttrcncusa.com\/br\/wp-json\/wp\/v2\/product"}],"about":[{"href":"https:\/\/www.ttrcncusa.com\/br\/wp-json\/wp\/v2\/types\/product"}],"replies":[{"embeddable":true,"href":"https:\/\/www.ttrcncusa.com\/br\/wp-json\/wp\/v2\/comments?post=5692"}],"wp:featuredmedia":[{"embeddable":true,"href":"https:\/\/www.ttrcncusa.com\/br\/wp-json\/wp\/v2\/media\/5699"}],"wp:attachment":[{"href":"https:\/\/www.ttrcncusa.com\/br\/wp-json\/wp\/v2\/media?parent=5692"}],"wp:term":[{"taxonomy":"product_cat","embeddable":true,"href":"https:\/\/www.ttrcncusa.com\/br\/wp-json\/wp\/v2\/product_cat?post=5692"},{"taxonomy":"product_tag","embeddable":true,"href":"https:\/\/www.ttrcncusa.com\/br\/wp-json\/wp\/v2\/product_tag?post=5692"}],"curies":[{"name":"wp","href":"https:\/\/api.w.org\/{rel}","templated":true}]}}