{"id":5619,"date":"2024-03-04T04:22:33","date_gmt":"2024-03-04T06:22:33","guid":{"rendered":"https:\/\/darkred-lark-961430.hostingersite.com\/?post_type=product&#038;p=5619"},"modified":"2024-10-20T22:25:36","modified_gmt":"2024-10-21T00:25:36","slug":"toyota-2jz-billet-headoem-ports","status":"publish","type":"product","link":"https:\/\/www.ttrcncusa.com\/br\/product\/portos-headoem-do-boleto-de-toyota-2jz\/","title":{"rendered":"CABE\u00c7A DE BILLET TOYOTA 2JZ (PORTAS OEM)"},"content":{"rendered":"<h2 class=\"yikes-custom-woo-tab-title yikes-custom-woo-tab-title-features\">Vis\u00e3o geral<\/h2>\n<p>Um tarugo substituto para a pe\u00e7a fundida OEM, refor\u00e7ado para sa\u00eddas de alta pot\u00eancia, usinado em alum\u00ednio de classe aeroespacial com geometria de porta revisada, representa o auge do design do cabe\u00e7ote, mantendo o padr\u00e3o de porta OEM. A geometria aprimorada da c\u00e2mara de combust\u00e3o melhora a taxa de rota\u00e7\u00e3o e queima, superando o desempenho da cabe\u00e7a fundida original.<\/p>\n<h2 class=\"yikes-custom-woo-tab-title yikes-custom-woo-tab-title-where-to-buy\">Onde Comprar<\/h2>\n<p>Contate-nos por e-mail em sales@www.ttrcncusa.com para obter informa\u00e7\u00f5es sobre nossos produtos ou servi\u00e7os.<\/p>","protected":false},"excerpt":{"rendered":"<h2 class=\"sdSa7p0 o_F1pek---typography-11-runningText o_F1pek---priority-7-primary _HOcyB x4nptw sxbtulv\" aria-hidden=\"false\" data-hook=\"info-section-title\">INFORMA\u00c7\u00c3O DO PRODUTO<\/h2>\n<div class=\"aecizt QfrfFD cell\">Refrigera\u00e7\u00e3o do sistema: Circula\u00e7\u00e3o de \u00e1gua nas se\u00e7\u00f5es central e lateral com refrigera\u00e7\u00e3o da sede da v\u00e1lvula<br \/>\nTrem de v\u00e1lvulas: Dimens\u00f5es OEM 2JZ GTE.<br \/>\nCircula\u00e7\u00e3o de \u00e1gua: Mesma posi\u00e7\u00e3o do 2JZ GTE OEM<br \/>\nDi\u00e2metro m\u00e1ximo da v\u00e1lvula de admiss\u00e3o: 36,0 mm<br \/>\nDi\u00e2metro m\u00e1ximo da v\u00e1lvula de escape: 31,5 mm<br \/>\nLayout da porta de admiss\u00e3o e padr\u00e3o de parafuso: OEM<br \/>\nLayout da porta de exaust\u00e3o e padr\u00e3o de parafuso: OEM<\/div>","protected":false},"featured_media":5622,"comment_status":"open","ping_status":"closed","template":"","meta":[],"product_cat":[88,99],"product_tag":[],"class_list":{"0":"post-5619","1":"product","2":"type-product","3":"status-publish","4":"has-post-thumbnail","6":"product_cat-others","7":"product_cat-toyota","9":"first","10":"onbackorder","11":"shipping-taxable","12":"purchasable","13":"product-type-simple"},"aioseo_notices":[],"_links":{"self":[{"href":"https:\/\/www.ttrcncusa.com\/br\/wp-json\/wp\/v2\/product\/5619","targetHints":{"allow":["GET"]}}],"collection":[{"href":"https:\/\/www.ttrcncusa.com\/br\/wp-json\/wp\/v2\/product"}],"about":[{"href":"https:\/\/www.ttrcncusa.com\/br\/wp-json\/wp\/v2\/types\/product"}],"replies":[{"embeddable":true,"href":"https:\/\/www.ttrcncusa.com\/br\/wp-json\/wp\/v2\/comments?post=5619"}],"wp:featuredmedia":[{"embeddable":true,"href":"https:\/\/www.ttrcncusa.com\/br\/wp-json\/wp\/v2\/media\/5622"}],"wp:attachment":[{"href":"https:\/\/www.ttrcncusa.com\/br\/wp-json\/wp\/v2\/media?parent=5619"}],"wp:term":[{"taxonomy":"product_cat","embeddable":true,"href":"https:\/\/www.ttrcncusa.com\/br\/wp-json\/wp\/v2\/product_cat?post=5619"},{"taxonomy":"product_tag","embeddable":true,"href":"https:\/\/www.ttrcncusa.com\/br\/wp-json\/wp\/v2\/product_tag?post=5619"}],"curies":[{"name":"wp","href":"https:\/\/api.w.org\/{rel}","templated":true}]}}