{"id":5420,"date":"2023-11-14T18:17:52","date_gmt":"2023-11-14T20:17:52","guid":{"rendered":"https:\/\/ttrcncusa.tfx.company\/?post_type=product&#038;p=5420"},"modified":"2025-09-29T09:44:55","modified_gmt":"2025-09-29T11:44:55","slug":"3rs-block","status":"publish","type":"product","link":"https:\/\/www.ttrcncusa.com\/br\/product\/3rs-block\/","title":{"rendered":"TOYOTA 3RZ DRY BLOCK (RACE)"},"content":{"rendered":"<h2 class=\"yikes-custom-woo-tab-title yikes-custom-woo-tab-title-features\">Vis\u00e3o geral<\/h2>\n<p>Projetado para se adequar ao hardware original com todos os refor\u00e7os necess\u00e1rios para um uso de alto desempenho.<\/p>\n<p>Usinado em alum\u00ednio aeroespacial 6061 T6 usando m\u00e1quinas de at\u00e9 5 eixos e equipado com mangas de ferro d\u00factil. Todos os blocos CNC TTR s\u00e3o otimizados usando simula\u00e7\u00f5es de m\u00e9todos de elementos finitos explorando diferentes faixas de RPM, pesos de conjuntos rotativos e condi\u00e7\u00f5es limite m\u00e1ximas de torque\/pot\u00eancia para garantir um produto que possa suportar todo o estresse que ser\u00e1 imposto.<\/p>\n<p>Contando com tampas principais Chrome-Moly o bloco foi projetado para cuidar de qualquer abuso.<\/p>\n<h2 class=\"yikes-custom-woo-tab-title yikes-custom-woo-tab-title-where-to-buy\">Onde Comprar<\/h2>\n<p>Contate-nos por e-mail em sales@www.ttrcncusa.com para obter informa\u00e7\u00f5es sobre nossos produtos ou servi\u00e7os.<\/p>","protected":false},"excerpt":{"rendered":"<h2 class=\"sdSa7p0 o_F1pek---typography-11-runningText o_F1pek---priority-7-primary _HOcyB x4nptw sxbtulv\" aria-hidden=\"false\" data-hook=\"info-section-title\">INFORMA\u00c7\u00c3O DO PRODUTO<\/h2>\n<p>Camisas de cilindro: Mangas personalizadas<br \/>\nConv\u00e9s: Conv\u00e9s seco<br \/>\nArrefecimento do motor: Nenhum<br \/>\nTampas principais: Tampas individuais de cromo-moly em tarugo<br \/>\nSistema de \u00d3leo: C\u00e1rter seco com bomba externa (tamb\u00e9m dispon\u00edvel em tarugo)<br \/>\nDi\u00e2metro m\u00e1ximo recomendado do pist\u00e3o: 95,5 mm<\/p>","protected":false},"featured_media":5636,"comment_status":"open","ping_status":"closed","template":"","meta":[],"product_cat":[86,99],"product_tag":[],"class_list":{"0":"post-5420","1":"product","2":"type-product","3":"status-publish","4":"has-post-thumbnail","6":"product_cat-blocks","7":"product_cat-toyota","9":"first","10":"onbackorder","11":"shipping-taxable","12":"purchasable","13":"product-type-simple"},"aioseo_notices":[],"_links":{"self":[{"href":"https:\/\/www.ttrcncusa.com\/br\/wp-json\/wp\/v2\/product\/5420","targetHints":{"allow":["GET"]}}],"collection":[{"href":"https:\/\/www.ttrcncusa.com\/br\/wp-json\/wp\/v2\/product"}],"about":[{"href":"https:\/\/www.ttrcncusa.com\/br\/wp-json\/wp\/v2\/types\/product"}],"replies":[{"embeddable":true,"href":"https:\/\/www.ttrcncusa.com\/br\/wp-json\/wp\/v2\/comments?post=5420"}],"wp:featuredmedia":[{"embeddable":true,"href":"https:\/\/www.ttrcncusa.com\/br\/wp-json\/wp\/v2\/media\/5636"}],"wp:attachment":[{"href":"https:\/\/www.ttrcncusa.com\/br\/wp-json\/wp\/v2\/media?parent=5420"}],"wp:term":[{"taxonomy":"product_cat","embeddable":true,"href":"https:\/\/www.ttrcncusa.com\/br\/wp-json\/wp\/v2\/product_cat?post=5420"},{"taxonomy":"product_tag","embeddable":true,"href":"https:\/\/www.ttrcncusa.com\/br\/wp-json\/wp\/v2\/product_tag?post=5420"}],"curies":[{"name":"wp","href":"https:\/\/api.w.org\/{rel}","templated":true}]}}