{"id":5409,"date":"2023-11-14T18:09:30","date_gmt":"2023-11-14T20:09:30","guid":{"rendered":"https:\/\/ttrcncusa.tfx.company\/?post_type=product&#038;p=5409"},"modified":"2024-04-17T16:58:44","modified_gmt":"2024-04-17T18:58:44","slug":"yamaha-gp1800-billet-intake","status":"publish","type":"product","link":"https:\/\/www.ttrcncusa.com\/br\/product\/yamaha-gp1800-billet-intake\/","title":{"rendered":"ENTRADA DE BILLET YAMAHA GP1800 (TURBO)"},"content":{"rendered":"<h2 class=\"yikes-custom-woo-tab-title yikes-custom-woo-tab-title-features\">Vis\u00e3o geral<\/h2>\n<p>Efici\u00eancia incr\u00edvel: Com impulso e RPM extremamente altos, este coletor demonstrou not\u00e1vel estabilidade t\u00e9rmica, confirmada pela aquisi\u00e7\u00e3o de dados precisos da diferen\u00e7a de temperatura dos gases de escape de menos de 20 graus Fahrenheit dentro de uma faixa de temperatura de 1450 graus Fahrenheit do EGT. Um feito impressionante, mesmo nas condi\u00e7\u00f5es mais desafiadoras.<\/p>\n<p>Compatibilidade avan\u00e7ada: O coletor se integra perfeitamente aos trilhos de combust\u00edvel RIVA Racing tradicionais e \u00e9 compat\u00edvel, embora possam exigir perfura\u00e7\u00e3o para uma alimenta\u00e7\u00e3o superior de 11 mm para os injetores FT (n\u00e3o inclu\u00eddos). Vedado com an\u00e9is de veda\u00e7\u00e3o fornecidos em todos os flanges, garante uma veda\u00e7\u00e3o herm\u00e9tica no cabe\u00e7ote do cilindro, no conjunto do plenum e no corpo do acelerador.<\/p>\n<p>Op\u00e7\u00f5es de corpo do acelerador: Compat\u00edvel com o corpo do acelerador eletr\u00f4nico original da Yamaha (SVHO ou HO) ou com o corpo do acelerador eletr\u00f4nico de 68 mm da Bosch Motorsports preferido, escolhido por entusiastas e profissionais.<\/p>\n<div id=\"1707316277.073649\" class=\"c-virtual_list__item\" tabindex=\"0\" role=\"listitem\" aria-setsize=\"-1\" data-qa=\"virtual-list-item\" data-item-key=\"1707316277.073649\">\n<div class=\"c-message_kit__background c-message_kit__background--hovered p-message_pane_message__message c-message_kit__message\" role=\"presentation\" data-qa=\"message_container\" data-qa-unprocessed=\"false\" data-qa-placeholder=\"false\">\n<div class=\"c-message_kit__hover c-message_kit__hover--hovered\" role=\"document\" aria-roledescription=\"message\" data-qa-hover=\"true\">\n<div class=\"c-message_kit__actions c-message_kit__actions--above\">\n<div class=\"c-message_kit__gutter\">\n<div class=\"c-message_kit__gutter__right\" role=\"presentation\" data-qa=\"message_content\">\n<div class=\"c-message_kit__blocks c-message_kit__blocks--rich_text\">\n<div class=\"c-message__message_blocks c-message__message_blocks--rich_text\" data-qa=\"message-text\">\n<div class=\"p-block_kit_renderer\" data-qa=\"block-kit-renderer\">\n<div class=\"p-block_kit_renderer__block_wrapper p-block_kit_renderer__block_wrapper--first\">\n<div class=\"p-rich_text_block\" dir=\"auto\">\n<div class=\"p-rich_text_section\">Design Supercharged: O corpo do acelerador estrategicamente posicionado \u00e9 orientado para a frente do jet ski, ideal para supercharger ou quando o intercooler \u00e9 montado na frente do PWC, reduzindo significativamente o comprimento da tubula\u00e7\u00e3o do intercooler e melhorando a efici\u00eancia geral.<\/div>\n<div><\/div>\n<div><\/div>\n<div class=\"p-rich_text_section\">\n<h2 class=\"yikes-custom-woo-tab-title yikes-custom-woo-tab-title-where-to-buy\">Onde Comprar<\/h2>\n<p>Nosso Yamaha GP1800 Billet Intake (Supercharger) agora est\u00e1 oficialmente dispon\u00edvel atrav\u00e9s de nosso distribuidor confi\u00e1vel, Fueltech USA. N\u00e3o perca esta oportunidade de melhorar o desempenho do seu motor Yamaha GP1800. Fa\u00e7a j\u00e1 seu pedido pelo site deles em\u00a0<a href=\"https:\/\/www.pbdyno.com\/catalogsearch\/result\/?q=+TTR-CARBONINTAKE-C\" target=\"_new\" rel=\"noopener\">https:\/\/www.fueltech.net\/search?q=ttr<\/a>\u00a0e experimente a diferen\u00e7a em primeira m\u00e3o!<\/p>\n<p><img decoding=\"async\" class=\"alignnone size-full wp-image-5606\" src=\"http:\/\/ttrcncusa.com\/wp-content\/uploads\/2023\/11\/fueltech-1.png\" sizes=\"(max-width: 208px) 100vw, 208px\" srcset=\"http:\/\/ttrcncusa.com\/wp-content\/uploads\/2023\/11\/fueltech-1.png 208w, http:\/\/ttrcncusa.com\/wp-content\/uploads\/2023\/11\/fueltech-1-18x5.png 18w\" alt=\"\" width=\"208\" height=\"59\" \/><\/p>\n<\/div>\n<\/div>\n<\/div>\n<\/div>\n<\/div>\n<\/div>\n<\/div>\n<\/div>\n<\/div>\n<\/div>\n<\/div>\n<\/div>","protected":false},"excerpt":{"rendered":"<h2 class=\"sdSa7p0 o_F1pek---typography-11-runningText o_F1pek---priority-7-primary _HOcyB x4nptw sxbtulv\" aria-hidden=\"false\" data-hook=\"info-section-title\">INFORMA\u00c7\u00c3O DO PRODUTO<\/h2>\n<p>Coletor de admiss\u00e3o de tarugo TTR CNC para Yamaha 1800<\/p>\n<p>Meticulosamente projetado usando o software de simula\u00e7\u00e3o mais avan\u00e7ado dispon\u00edvel, o coletor de admiss\u00e3o TTR CNC Billet para motores de jet ski Yamaha 1800 estabelece novos padr\u00f5es de desempenho. Apresentando dutos internos de fibra de carbono e um design plenum que mant\u00e9m uma distribui\u00e7\u00e3o de fluxo de ar perfeitamente equilibrada, este coletor de admiss\u00e3o foi testado e refinado em ambientes extremos.<\/p>","protected":false},"featured_media":5418,"comment_status":"open","ping_status":"closed","template":"","meta":[],"product_cat":[87,97],"product_tag":[],"class_list":{"0":"post-5409","1":"product","2":"type-product","3":"status-publish","4":"has-post-thumbnail","6":"product_cat-intakes","7":"product_cat-yamaha","9":"first","10":"instock","11":"shipping-taxable","12":"purchasable","13":"product-type-simple"},"aioseo_notices":[],"_links":{"self":[{"href":"https:\/\/www.ttrcncusa.com\/br\/wp-json\/wp\/v2\/product\/5409","targetHints":{"allow":["GET"]}}],"collection":[{"href":"https:\/\/www.ttrcncusa.com\/br\/wp-json\/wp\/v2\/product"}],"about":[{"href":"https:\/\/www.ttrcncusa.com\/br\/wp-json\/wp\/v2\/types\/product"}],"replies":[{"embeddable":true,"href":"https:\/\/www.ttrcncusa.com\/br\/wp-json\/wp\/v2\/comments?post=5409"}],"wp:featuredmedia":[{"embeddable":true,"href":"https:\/\/www.ttrcncusa.com\/br\/wp-json\/wp\/v2\/media\/5418"}],"wp:attachment":[{"href":"https:\/\/www.ttrcncusa.com\/br\/wp-json\/wp\/v2\/media?parent=5409"}],"wp:term":[{"taxonomy":"product_cat","embeddable":true,"href":"https:\/\/www.ttrcncusa.com\/br\/wp-json\/wp\/v2\/product_cat?post=5409"},{"taxonomy":"product_tag","embeddable":true,"href":"https:\/\/www.ttrcncusa.com\/br\/wp-json\/wp\/v2\/product_tag?post=5409"}],"curies":[{"name":"wp","href":"https:\/\/api.w.org\/{rel}","templated":true}]}}