{"id":5399,"date":"2023-11-14T18:06:41","date_gmt":"2023-11-14T20:06:41","guid":{"rendered":"https:\/\/ttrcncusa.tfx.company\/?post_type=product&#038;p=5399"},"modified":"2026-02-13T19:57:56","modified_gmt":"2026-02-13T21:57:56","slug":"ford-coyote-carbon-intake","status":"publish","type":"product","link":"https:\/\/www.ttrcncusa.com\/br\/product\/ford-coyote-carbon-intake\/","title":{"rendered":"COLETOR DE ADMISS\u00c3O DE CARBONO FORD COYOTE"},"content":{"rendered":"<div id=\"description\" class=\"page-main-description product-full-width-section\">\n<div class=\"product attribute description\">\n<div class=\"value\">\n<div data-content-type=\"row\" data-appearance=\"contained\" data-element=\"main\">\n<div data-enable-parallax=\"0\" data-parallax-speed=\"0.5\" data-background-images=\"{}\" data-background-type=\"image\" data-video-loop=\"true\" data-video-play-only-visible=\"true\" data-video-lazy-load=\"true\" data-video-fallback-src=\"\" data-element=\"inner\" data-pb-style=\"LBLIS9S\">\n<div data-content-type=\"text\" data-appearance=\"default\" data-element=\"main\" data-pb-style=\"PRCNBO3\">\n<p><strong>Coletor de admiss\u00e3o de fibra de carbono CNC TTR<\/strong><\/p>\n<p>A entrada de fibra de carbono TTR CNC est\u00e1 dispon\u00edvel para todas as variantes do coyote, incluindo o 11-23 Mustang GT 5.0L, Shelby GT500, Shelby GT350 e muito mais. Esta entrada de \u00faltima gera\u00e7\u00e3o est\u00e1 dispon\u00edvel exclusivamente no Palm Beach Dyno e teve o melhor desempenho em nosso tiroteio que voc\u00ea pode assistir abaixo. Testado at\u00e9 100 PSI, esta entrada vem com garantia limitada de 6 meses. O prazo de entrega t\u00edpico \u00e9 de 30 a 60 dias a partir do pedido, mas podemos ter certas configura\u00e7\u00f5es em estoque. Ligue para 561.571.1173 para obter um prazo de entrega preciso. Esta vers\u00e3o se adapta a todas as variantes do coiote, exceto 2021-2024 F150. Uma vers\u00e3o especial para esse aplicativo est\u00e1 dispon\u00edvel aqui:\u00a0<a tabindex=\"0\" href=\"https:\/\/www.pbdyno.com\/ttr-cnc-carbon-fiber-intake-manifold-21-22-23-24-f150.html\">https:\/\/www.pbdyno.com\/ttr-cnc-carbon-fiber-intake-manifold-21-22-23-24-f150.html<\/a><\/p>\n<p><iframe title=\"Reprodutor de v\u00eddeo do YouTube\" src=\"https:\/\/www.youtube.com\/embed\/iPpd9uBJ-7k?si=A7R2o9YLRflUac5X\" width=\"560\" height=\"315\" frameborder=\"0\" allowfullscreen=\"allowfullscreen\"><\/iframe><\/p>\n<\/div>\n<\/div>\n<\/div>\n<div data-content-type=\"row\" data-appearance=\"contained\" data-element=\"main\">\n<div data-enable-parallax=\"0\" data-parallax-speed=\"0.5\" data-background-images=\"{}\" data-background-type=\"image\" data-video-loop=\"true\" data-video-play-only-visible=\"true\" data-video-lazy-load=\"true\" data-video-fallback-src=\"\" data-element=\"inner\" data-pb-style=\"DOS46UH\">\n<div data-content-type=\"html\" data-appearance=\"default\" data-element=\"main\" data-pb-style=\"K796CC7\" data-decoded=\"true\"><strong>Guia de instala\u00e7\u00e3o do corpo do acelerador<\/strong><\/div>\n<\/div>\n<\/div>\n<div data-content-type=\"row\" data-appearance=\"contained\" data-element=\"main\">\n<div data-enable-parallax=\"0\" data-parallax-speed=\"0.5\" data-background-images=\"{}\" data-background-type=\"image\" data-video-loop=\"true\" data-video-play-only-visible=\"true\" data-video-lazy-load=\"true\" data-video-fallback-src=\"\" data-element=\"inner\" data-pb-style=\"Q5NOH7X\">\n<div data-content-type=\"block\" data-appearance=\"default\" data-element=\"main\">\n<div class=\"widget block block-static-block\">\n<div data-content-type=\"row\" data-appearance=\"contained\" data-element=\"main\">\n<div data-enable-parallax=\"0\" data-parallax-speed=\"0.5\" data-background-images=\"{}\" data-background-type=\"image\" data-video-loop=\"true\" data-video-play-only-visible=\"true\" data-video-lazy-load=\"true\" data-video-fallback-src=\"\" data-element=\"inner\" data-pb-style=\"B094YOL\">\n<div data-content-type=\"text\" data-appearance=\"default\" data-element=\"main\">\n<table border=\"3\">\n<tbody>\n<tr>\n<td><strong>F\u00e1brica de Coiote TB<\/strong><\/td>\n<td><a tabindex=\"0\" href=\"https:\/\/www.pbdyno.com\/media\/wysiwyg\/TB-GT.jpg\" target=\"_blank\" rel=\"noopener\"><img decoding=\"async\" id=\"SDMUH1W\" src=\"https:\/\/www.pbdyno.com\/media\/wysiwyg\/TB-GT.jpg\" alt=\"\" width=\"100\" height=\"100\" \/><\/a><\/td>\n<\/tr>\n<tr>\n<td><strong>20-22 Shelby GT500TB<\/strong><\/td>\n<td><a tabindex=\"0\" href=\"https:\/\/www.pbdyno.com\/media\/wysiwyg\/TB-GT500.jpg\" target=\"_blank\" rel=\"noopener\"><img decoding=\"async\" src=\"https:\/\/www.pbdyno.com\/media\/wysiwyg\/TB-GT500.jpg\" alt=\"\" width=\"100\" height=\"100\" \/><\/a><\/td>\n<\/tr>\n<tr>\n<td><strong>Shelby GT350TB<\/strong><\/td>\n<td><a tabindex=\"0\" href=\"https:\/\/www.pbdyno.com\/media\/wysiwyg\/TB-GT350.jpg\" target=\"_blank\" rel=\"noopener\"><img decoding=\"async\" src=\"https:\/\/www.pbdyno.com\/media\/wysiwyg\/TB-GT350.jpg\" alt=\"\" width=\"100\" height=\"100\" \/><\/a><\/td>\n<\/tr>\n<tr>\n<td><strong>21+ TB de f\u00e1brica F150<\/strong><\/td>\n<td><a tabindex=\"0\" href=\"https:\/\/www.pbdyno.com\/media\/wysiwyg\/21f150.jpg\" target=\"_blank\" rel=\"noopener\"><img loading=\"lazy\" decoding=\"async\" src=\"https:\/\/www.pbdyno.com\/media\/wysiwyg\/21f150.jpg\" alt=\"\" width=\"100\" height=\"100\" \/><\/a><\/td>\n<\/tr>\n<tr>\n<td><strong>Cabo LS 102mm TB<\/strong><\/td>\n<td><a tabindex=\"0\" href=\"https:\/\/www.pbdyno.com\/media\/wysiwyg\/TB-102-mm.jpg\" target=\"_blank\" rel=\"noopener\"><img loading=\"lazy\" decoding=\"async\" src=\"https:\/\/www.pbdyno.com\/media\/wysiwyg\/TB-102-mm.jpg\" alt=\"\" width=\"100\" height=\"100\" \/><\/a><\/td>\n<\/tr>\n<tr>\n<td><strong>Cabo Ford 105mm TB<\/strong><\/td>\n<td><a tabindex=\"0\" href=\"https:\/\/www.pbdyno.com\/media\/wysiwyg\/TB-105mm.jpg\" target=\"_blank\" rel=\"noopener\"><img loading=\"lazy\" decoding=\"async\" src=\"https:\/\/www.pbdyno.com\/media\/wysiwyg\/TB-105mm.jpg\" alt=\"\" width=\"100\" height=\"100\" \/><\/a><\/td>\n<\/tr>\n<\/tbody>\n<\/table>\n<\/div>\n<\/div>\n<\/div>\n<\/div>\n<\/div>\n<\/div>\n<\/div>\n<div data-content-type=\"row\" data-appearance=\"contained\" data-element=\"main\">\n<div data-enable-parallax=\"0\" data-parallax-speed=\"0.5\" data-background-images=\"{}\" data-background-type=\"image\" data-video-loop=\"true\" data-video-play-only-visible=\"true\" data-video-lazy-load=\"true\" data-video-fallback-src=\"\" data-element=\"inner\" data-pb-style=\"IDLP2NQ\">\n<div data-content-type=\"block\" data-appearance=\"default\" data-element=\"main\">\n<div class=\"widget block block-static-block\">\n<div data-content-type=\"row\" data-appearance=\"contained\" data-element=\"main\">\n<div data-enable-parallax=\"0\" data-parallax-speed=\"0.5\" data-background-images=\"{}\" data-background-type=\"image\" data-video-loop=\"true\" data-video-play-only-visible=\"true\" data-video-lazy-load=\"true\" data-video-fallback-src=\"\" data-element=\"inner\" data-pb-style=\"ERVVWW7\">\n<div data-content-type=\"text\" data-appearance=\"default\" data-element=\"main\">\n<p><strong>Guia de instala\u00e7\u00e3o de admiss\u00e3o TTR CNC<\/strong><\/p>\n<\/div>\n<div data-content-type=\"text\" data-appearance=\"default\" data-element=\"main\">\n<table width=\"1440\">\n<tbody>\n<tr>\n<td width=\"377\"><strong>Ano<\/strong><\/td>\n<td width=\"377\"><strong>Fazer<\/strong><\/td>\n<\/tr>\n<tr>\n<td width=\"377\">2011-2024<\/td>\n<td width=\"377\">Mustang GT<\/td>\n<\/tr>\n<tr>\n<td width=\"377\">2020-2022<\/td>\n<td width=\"377\">Shelby GT500<\/td>\n<\/tr>\n<tr>\n<td width=\"377\">2014-2020<\/td>\n<td width=\"377\">Shelby GT350<\/td>\n<\/tr>\n<tr>\n<td width=\"377\">2021-2023<\/td>\n<td width=\"377\">Mach 1<\/td>\n<\/tr>\n<tr>\n<td width=\"377\">2012-2013<\/td>\n<td width=\"377\">Chefe 302<\/td>\n<\/tr>\n<tr>\n<td width=\"377\">2011-2020<\/td>\n<td width=\"377\">F150<\/td>\n<\/tr>\n<tr>\n<td width=\"377\">2021-2024<\/td>\n<td width=\"377\">F150<\/td>\n<\/tr>\n<\/tbody>\n<\/table>\n<\/div>\n<\/div>\n<\/div>\n<\/div>\n<\/div>\n<\/div>\n<\/div>\n<\/div>\n<\/div>\n<\/div>\n<div class=\"page-main-pagebuilder-attributes\"><\/div>\n<div class=\"page-main page-main-details\">\n<div class=\"columns\">\n<div class=\"column main\">\n<div id=\"additional\" class=\"product-full-width-section\">\n<h2 class=\"product-section-title\">Mais Informa\u00e7\u00f5es<\/h2>\n<div class=\"additional-attributes-wrapper table-wrapper\">\n<table id=\"product-attribute-specs-table\" class=\"data table additional-attributes\">\n<caption class=\"table-caption\">Mais Informa\u00e7\u00f5es<\/caption>\n<tbody>\n<tr>\n<th class=\"col label\" scope=\"row\">Ano<\/th>\n<td class=\"col data\" data-th=\"Year\">2023, 2022, 2021, 2020, 2019, 2018, 2017, 2016, 2015, 2014, 2013, 2012, 2011<\/td>\n<\/tr>\n<tr>\n<th class=\"col label\" scope=\"row\">Fazer<\/th>\n<td class=\"col data\" data-th=\"Make\">Ford<\/td>\n<\/tr>\n<tr>\n<th class=\"col label\" scope=\"row\">Modelo<\/th>\n<td class=\"col data\" data-th=\"Model\">Troca de coiote, Mustang GT, Shelby GT500, Shelby GT350, Boss 302, Mach 1, Bullitt, F-150<\/td>\n<\/tr>\n<tr>\n<th class=\"col label\" scope=\"row\">Fabricante<\/th>\n<td class=\"col data\" data-th=\"Manufacturer\">CNC TTR<\/td>\n<\/tr>\n<\/tbody>\n<\/table>\n<p>&nbsp;<\/p>\n<\/div>\n<\/div>\n<\/div>\n<h2 class=\"yikes-custom-woo-tab-title yikes-custom-woo-tab-title-where-to-buy\">Onde Comprar<\/h2>\n<p>Nosso COLETOR DE ADMISS\u00c3O DE FIBRA DE CARBONO TTR CNC agora est\u00e1 oficialmente dispon\u00edvel atrav\u00e9s de nosso parceiro de confian\u00e7a, Palm Beach Dyno. N\u00e3o perca esta oportunidade de melhorar o desempenho do motor do seu Ford Coyote. Fa\u00e7a j\u00e1 seu pedido pelo site deles em\u00a0<a href=\"https:\/\/www.pbdyno.com\/catalogsearch\/result\/?q=+TTR-CARBONINTAKE-C\" target=\"_new\" rel=\"noopener\">https:\/\/www.pbdyno.com\/catalogsearch\/result\/?q=+TTR-CARBONINTAKE-C<\/a>\u00a0e experimente a diferen\u00e7a em primeira m\u00e3o!<\/p>\n<p><img loading=\"lazy\" decoding=\"async\" class=\"alignnone size-medium wp-image-5597\" src=\"http:\/\/ttrcncusa.com\/wp-content\/uploads\/2023\/11\/palmbeach-1-300x54.png\" sizes=\"(max-width: 300px) 100vw, 300px\" srcset=\"http:\/\/ttrcncusa.com\/wp-content\/uploads\/2023\/11\/palmbeach-1-300x54.png 300w, http:\/\/ttrcncusa.com\/wp-content\/uploads\/2023\/11\/palmbeach-1-18x3.png 18w, http:\/\/ttrcncusa.com\/wp-content\/uploads\/2023\/11\/palmbeach-1.png 419w\" alt=\"\" width=\"300\" height=\"54\" \/><\/p>\n<\/div>\n<\/div>","protected":false},"excerpt":{"rendered":"<p>Projetado para melhorar o desempenho da configura\u00e7\u00e3o do motor por meio de simula\u00e7\u00f5es de din\u00e2mica de fluidos computacionais de \u00faltima gera\u00e7\u00e3o, sem perder a eleg\u00e2ncia do design, constru\u00e7\u00e3o de plenum pr\u00e9-impregnado em fibra de carbono usando autoclave e corredores usinados em alum\u00ednio 6061 T6.<\/p>\n<h2 class=\"sdSa7p0 o_F1pek---typography-11-runningText o_F1pek---priority-7-primary _HOcyB x4nptw sxbtulv\" aria-hidden=\"false\" data-hook=\"info-section-title\">INFORMA\u00c7\u00c3O DO PRODUTO<\/h2>\n<div class=\"aecizt QfrfFD cell\">Plenum: Totalmente em fibra de carbono<br \/>\nCorredores: Corredores, flanges e boca de sino usinados em CNC de tarugo completo<br \/>\nPlenum: plenum maior para maior faixa de RPM<br \/>\nPress\u00e3o de refor\u00e7o: m\u00e1ximo 100 PSI<\/div>","protected":false},"featured_media":5603,"comment_status":"open","ping_status":"closed","template":"","meta":[],"product_cat":[92,87],"product_tag":[],"class_list":{"0":"post-5399","1":"product","2":"type-product","3":"status-publish","4":"has-post-thumbnail","6":"product_cat-ford","7":"product_cat-intakes","9":"first","10":"onbackorder","11":"shipping-taxable","12":"product-type-simple"},"aioseo_notices":[],"_links":{"self":[{"href":"https:\/\/www.ttrcncusa.com\/br\/wp-json\/wp\/v2\/product\/5399","targetHints":{"allow":["GET"]}}],"collection":[{"href":"https:\/\/www.ttrcncusa.com\/br\/wp-json\/wp\/v2\/product"}],"about":[{"href":"https:\/\/www.ttrcncusa.com\/br\/wp-json\/wp\/v2\/types\/product"}],"replies":[{"embeddable":true,"href":"https:\/\/www.ttrcncusa.com\/br\/wp-json\/wp\/v2\/comments?post=5399"}],"wp:featuredmedia":[{"embeddable":true,"href":"https:\/\/www.ttrcncusa.com\/br\/wp-json\/wp\/v2\/media\/5603"}],"wp:attachment":[{"href":"https:\/\/www.ttrcncusa.com\/br\/wp-json\/wp\/v2\/media?parent=5399"}],"wp:term":[{"taxonomy":"product_cat","embeddable":true,"href":"https:\/\/www.ttrcncusa.com\/br\/wp-json\/wp\/v2\/product_cat?post=5399"},{"taxonomy":"product_tag","embeddable":true,"href":"https:\/\/www.ttrcncusa.com\/br\/wp-json\/wp\/v2\/product_tag?post=5399"}],"curies":[{"name":"wp","href":"https:\/\/api.w.org\/{rel}","templated":true}]}}