{"id":5382,"date":"2023-11-14T17:48:04","date_gmt":"2023-11-14T19:48:04","guid":{"rendered":"https:\/\/ttrcncusa.tfx.company\/?post_type=product&#038;p=5382"},"modified":"2025-02-11T04:36:20","modified_gmt":"2025-02-11T06:36:20","slug":"nissan-tb48-naturally-aspirated-carbon-intake","status":"publish","type":"product","link":"https:\/\/www.ttrcncusa.com\/br\/product\/nissan-tb48-naturally-aspirated-carbon\/","title":{"rendered":"NISSAN TB48 CARBONO ASPIRADO NATURALMENTE"},"content":{"rendered":"<p>TTR CNC USA Nissan TB48 Entrada de carbono aspirado naturalmente, um pin\u00e1culo da engenharia de precis\u00e3o projetado para elevar o desempenho de carros de alta pot\u00eancia a n\u00edveis sem precedentes. Fabricado com aten\u00e7\u00e3o meticulosa aos detalhes, este sistema de admiss\u00e3o \u00e9 uma prova do compromisso da TTR CNC USA com a excel\u00eancia.<\/p>\n<p><strong>Excel\u00eancia Plen\u00e1ria:<\/strong> O cora\u00e7\u00e3o deste sistema de admiss\u00e3o reside no seu plenum de formato org\u00e2nico totalmente em fibra de carbono. A constru\u00e7\u00e3o leve mas robusta do plenum garante uma din\u00e2mica de fluxo de ar ideal, proporcionando ao seu motor Nissan TB48 um caminho ininterrupto e suave para o ar que entra. Esta constru\u00e7\u00e3o em fibra de carbono n\u00e3o s\u00f3 contribui para a redu\u00e7\u00e3o de peso, mas tamb\u00e9m exala uma est\u00e9tica elegante e inspirada nas corridas.<\/p>\n<p><strong>Corredores usinados CNC de boleto:<\/strong> A precis\u00e3o \u00e9 a marca registrada do TTR CNC USA, e a entrada de carbono aspirado naturalmente Nissan TB48 n\u00e3o \u00e9 exce\u00e7\u00e3o. Os corredores, flanges e boca de sino desta entrada s\u00e3o meticulosamente fabricados com materiais usinados Full Billet CNC. Isto garante durabilidade e precis\u00e3o incompar\u00e1veis em todos os componentes, proporcionando um desempenho consistente e confi\u00e1vel nas condi\u00e7\u00f5es de condu\u00e7\u00e3o mais exigentes.<\/p>\n<p><strong>Design Plenum Otimizado:<\/strong> O TTR CNC USA elevou o desempenho a novos patamares ao projetar um plenum maior especificamente adaptado para atender a uma faixa de RPM mais alta. Este plenum otimizado permite maior fluxo de ar e efici\u00eancia volum\u00e9trica, garantindo que seu motor possa respirar sem esfor\u00e7o em v\u00e1rios n\u00edveis de RPM. O resultado \u00e9 uma melhoria not\u00e1vel no desempenho geral e na capacidade de resposta do motor.<\/p>\n<p><strong>Desempenho vers\u00e1til:<\/strong> Projetado com o motorista mais exigente em mente, o Nissan TB48 Naturalmente Aspirado Carbono Ingest\u00e3o da TTR CNC USA foi projetado para melhorar a efici\u00eancia volum\u00e9trica do motor em uma ampla faixa de RPM. Quer esteja a ultrapassar os limites na pista ou a desfrutar de viagens vigorosas em estrada aberta, este sistema de admiss\u00e3o proporciona uma combina\u00e7\u00e3o harmoniosa de pot\u00eancia e precis\u00e3o.<\/p>\n<p>Em resumo, a entrada de carbono naturalmente aspirada TTR CNC USA Nissan TB48 \u00e9 uma prova da dedica\u00e7\u00e3o da marca em ultrapassar os limites do desempenho automotivo. Eleve a sua experi\u00eancia de condu\u00e7\u00e3o com um produto que combina perfeitamente tecnologia de ponta, precis\u00e3o artesanal e uma paix\u00e3o pela excel\u00eancia de alto desempenho.<\/p>","protected":false},"excerpt":{"rendered":"<p>TTR CNC USA Nissan TB48 Entrada de carbono aspirado naturalmente, um pin\u00e1culo da engenharia de precis\u00e3o projetado para elevar o desempenho de carros de alta pot\u00eancia a n\u00edveis sem precedentes. Fabricado com aten\u00e7\u00e3o meticulosa aos detalhes, este sistema de admiss\u00e3o \u00e9 uma prova do compromisso da TTR CNC USA com a excel\u00eancia.<\/p>\n<p>Em resumo, a entrada de carbono naturalmente aspirada TTR CNC USA Nissan TB48 \u00e9 uma prova da dedica\u00e7\u00e3o da marca em ultrapassar os limites do desempenho automotivo. Eleve a sua experi\u00eancia de condu\u00e7\u00e3o com um produto que combina perfeitamente tecnologia de ponta, precis\u00e3o artesanal e uma paix\u00e3o pela excel\u00eancia de alto desempenho.<\/p>","protected":false},"featured_media":5388,"comment_status":"open","ping_status":"closed","template":"","meta":[],"product_cat":[87,93],"product_tag":[],"class_list":{"0":"post-5382","1":"product","2":"type-product","3":"status-publish","4":"has-post-thumbnail","6":"product_cat-intakes","7":"product_cat-nissan","9":"first","10":"onbackorder","11":"shipping-taxable","12":"purchasable","13":"product-type-simple"},"aioseo_notices":[],"_links":{"self":[{"href":"https:\/\/www.ttrcncusa.com\/br\/wp-json\/wp\/v2\/product\/5382","targetHints":{"allow":["GET"]}}],"collection":[{"href":"https:\/\/www.ttrcncusa.com\/br\/wp-json\/wp\/v2\/product"}],"about":[{"href":"https:\/\/www.ttrcncusa.com\/br\/wp-json\/wp\/v2\/types\/product"}],"replies":[{"embeddable":true,"href":"https:\/\/www.ttrcncusa.com\/br\/wp-json\/wp\/v2\/comments?post=5382"}],"wp:featuredmedia":[{"embeddable":true,"href":"https:\/\/www.ttrcncusa.com\/br\/wp-json\/wp\/v2\/media\/5388"}],"wp:attachment":[{"href":"https:\/\/www.ttrcncusa.com\/br\/wp-json\/wp\/v2\/media?parent=5382"}],"wp:term":[{"taxonomy":"product_cat","embeddable":true,"href":"https:\/\/www.ttrcncusa.com\/br\/wp-json\/wp\/v2\/product_cat?post=5382"},{"taxonomy":"product_tag","embeddable":true,"href":"https:\/\/www.ttrcncusa.com\/br\/wp-json\/wp\/v2\/product_tag?post=5382"}],"curies":[{"name":"wp","href":"https:\/\/api.w.org\/{rel}","templated":true}]}}