{"id":5369,"date":"2023-11-14T17:45:17","date_gmt":"2023-11-14T19:45:17","guid":{"rendered":"https:\/\/ttrcncusa.tfx.company\/?post_type=product&#038;p=5369"},"modified":"2025-02-11T04:37:05","modified_gmt":"2025-02-11T06:37:05","slug":"nissan-tb48-billet-intake-single-throttle","status":"publish","type":"product","link":"https:\/\/www.ttrcncusa.com\/br\/product\/nissan-tb48-billet-intake-single-throttle\/","title":{"rendered":"ENTRADA DE BILLET NISSAN TB48 (ACELERADOR \u00daNICO)"},"content":{"rendered":"<p>TTR CNC USA Nissan TB48 Billet Intake (Single Throttle) \u2013 uma obra-prima de engenharia de precis\u00e3o meticulosamente elaborada para entusiastas que exigem pot\u00eancia e desempenho excepcionais de seu motor Nissan TB48. Este Billet Intake representa o ep\u00edtome da usinagem de precis\u00e3o, integrando perfeitamente a tecnologia CNC de ponta com um design inteligente para redefinir as capacidades do motor TB48.<\/p>\n<p><strong>Caracter\u00edsticas principais:<\/strong><\/p>\n<p><strong>Plenum: Boleto completo usinado em CNC<\/strong><\/p>\n<p>O n\u00facleo desta entrada de tarugo \u00e9 um plenum fabricado inteiramente em tarugo de alum\u00ednio por meio de usinagem CNC avan\u00e7ada. Este processo garante n\u00e3o apenas resist\u00eancia e durabilidade incompar\u00e1veis, mas tamb\u00e9m detalhes precisos, otimizando o fluxo de ar para melhorar o desempenho do motor.<\/p>\n<p><strong>Corredores: Corredores prim\u00e1rios OEM<\/strong><\/p>\n<p>Mantendo os corredores prim\u00e1rios OEM, este Billet Intake aproveita o design comprovado para manter o desempenho ideal. A combina\u00e7\u00e3o de rotores OEM com um plenum de tarugo \u00e9 adaptada para melhorar a efici\u00eancia volum\u00e9trica do motor em uma ampla faixa de RPM.<\/p>\n<p><strong>Projetado para melhorar a efici\u00eancia volum\u00e9trica do motor em uma ampla faixa de RPM<\/strong><\/p>\n<p>Adaptado para melhorar a efici\u00eancia volum\u00e9trica do motor, este Billet Intake \u00e9 meticulosamente projetado para funcionar perfeitamente em um amplo espectro de RPM. A engenharia cuidadosa garante um fluxo de ar otimizado, contribuindo para maior pot\u00eancia e capacidade de resposta.<\/p>\n<p>O TTR CNC USA Nissan TB48 Billet Intake (Single Throttle) n\u00e3o \u00e9 apenas uma atualiza\u00e7\u00e3o; \u00e9 um aprimoramento projetado com precis\u00e3o que estabelece novos padr\u00f5es para uma dire\u00e7\u00e3o de alto desempenho. Eleve a experi\u00eancia do motor Nissan TB48 com uma admiss\u00e3o que combina perfeitamente forma e fun\u00e7\u00e3o, ampliando os limites de capacidade em uma ampla faixa de RPMs.<\/p>","protected":false},"excerpt":{"rendered":"<p>TTR CNC USA Nissan TB48 Billet Intake (Single Throttle) \u2013 uma obra-prima de engenharia de precis\u00e3o meticulosamente elaborada para entusiastas que exigem pot\u00eancia e desempenho excepcionais de seu motor Nissan TB48. Este Billet Intake representa o ep\u00edtome da usinagem de precis\u00e3o, integrando perfeitamente a tecnologia CNC de ponta com um design inteligente para redefinir as capacidades do motor TB48.<\/p>\n<p>O TTR CNC USA Nissan TB48 Billet Intake (Single Throttle) n\u00e3o \u00e9 apenas uma atualiza\u00e7\u00e3o; \u00e9 um aprimoramento projetado com precis\u00e3o que estabelece novos padr\u00f5es para uma dire\u00e7\u00e3o de alto desempenho. Eleve a experi\u00eancia do motor Nissan TB48 com uma admiss\u00e3o que combina perfeitamente forma e fun\u00e7\u00e3o, ampliando os limites de capacidade em uma ampla faixa de RPMs.<\/p>","protected":false},"featured_media":5381,"comment_status":"open","ping_status":"closed","template":"","meta":[],"product_cat":[87,93],"product_tag":[],"class_list":{"0":"post-5369","1":"product","2":"type-product","3":"status-publish","4":"has-post-thumbnail","6":"product_cat-intakes","7":"product_cat-nissan","9":"first","10":"onbackorder","11":"shipping-taxable","12":"purchasable","13":"product-type-simple"},"aioseo_notices":[],"_links":{"self":[{"href":"https:\/\/www.ttrcncusa.com\/br\/wp-json\/wp\/v2\/product\/5369","targetHints":{"allow":["GET"]}}],"collection":[{"href":"https:\/\/www.ttrcncusa.com\/br\/wp-json\/wp\/v2\/product"}],"about":[{"href":"https:\/\/www.ttrcncusa.com\/br\/wp-json\/wp\/v2\/types\/product"}],"replies":[{"embeddable":true,"href":"https:\/\/www.ttrcncusa.com\/br\/wp-json\/wp\/v2\/comments?post=5369"}],"wp:featuredmedia":[{"embeddable":true,"href":"https:\/\/www.ttrcncusa.com\/br\/wp-json\/wp\/v2\/media\/5381"}],"wp:attachment":[{"href":"https:\/\/www.ttrcncusa.com\/br\/wp-json\/wp\/v2\/media?parent=5369"}],"wp:term":[{"taxonomy":"product_cat","embeddable":true,"href":"https:\/\/www.ttrcncusa.com\/br\/wp-json\/wp\/v2\/product_cat?post=5369"},{"taxonomy":"product_tag","embeddable":true,"href":"https:\/\/www.ttrcncusa.com\/br\/wp-json\/wp\/v2\/product_tag?post=5369"}],"curies":[{"name":"wp","href":"https:\/\/api.w.org\/{rel}","templated":true}]}}