{"id":5355,"date":"2023-11-14T17:41:31","date_gmt":"2023-11-14T19:41:31","guid":{"rendered":"https:\/\/ttrcncusa.tfx.company\/?post_type=product&#038;p=5355"},"modified":"2024-04-17T16:56:30","modified_gmt":"2024-04-17T18:56:30","slug":"nissan-tb48-billet-intake-double-throttle","status":"publish","type":"product","link":"https:\/\/www.ttrcncusa.com\/br\/product\/nissan-tb48-billet-intake-double-throttle\/","title":{"rendered":"ENTRADA DE BILLET NISSAN TB48 (ACELERADOR DUPLO)"},"content":{"rendered":"<p>TTR CNC USA Nissan TB48 Billet Intake (Double Throttle) \u2013 uma cria\u00e7\u00e3o magistral meticulosamente projetada para entusiastas que buscam pot\u00eancia e precis\u00e3o incompar\u00e1veis. Este Billet Intake \u00e9 um testemunho da usinagem de precis\u00e3o, integrando perfeitamente tecnologia CNC de ponta com um design inteligente para redefinir as capacidades do motor Nissan TB48.<\/p>\n<p><strong>Caracter\u00edsticas principais:<\/strong><\/p>\n<p><strong>Plenum: Boleto completo usinado em CNC<\/strong><\/p>\n<p>O cora\u00e7\u00e3o desta entrada de tarugo \u00e9 um plenum fabricado inteiramente em tarugo de alum\u00ednio por meio de usinagem CNC avan\u00e7ada. Este processo n\u00e3o s\u00f3 garante resist\u00eancia e durabilidade superiores, mas tamb\u00e9m permite detalhes precisos, otimizando o fluxo de ar para melhorar o desempenho do motor.<\/p>\n<p><strong>Corredores: Corredores prim\u00e1rios OEM<\/strong><\/p>\n<p>Projetado para reter os corredores prim\u00e1rios OEM, este Billet Intake aproveita o design comprovado para garantir desempenho ideal. A combina\u00e7\u00e3o de rotores OEM com um plenum de tarugo aumenta a efici\u00eancia volum\u00e9trica do motor em uma ampla faixa de RPM.<\/p>\n<p><strong>Projetado para melhorar a efici\u00eancia volum\u00e9trica do motor em uma ampla faixa de RPM<\/strong><\/p>\n<p>Adaptado para melhorar a efici\u00eancia volum\u00e9trica do motor, este Billet Intake foi projetado para funcionar em uma ampla faixa de RPM. A engenharia cuidadosa garante que o motor receba um fluxo de ar otimizado, promovendo maior pot\u00eancia e capacidade de resposta.<\/p>\n<p>O TTR CNC USA Nissan TB48 Billet Intake (Double Throttle) n\u00e3o \u00e9 apenas um acess\u00f3rio; \u00e9 uma atualiza\u00e7\u00e3o de engenharia de precis\u00e3o projetada para superar as expectativas no mundo da dire\u00e7\u00e3o de alto desempenho. Eleve a experi\u00eancia do motor Nissan TB48 com uma admiss\u00e3o que combina perfeitamente forma e fun\u00e7\u00e3o, ampliando os limites de capacidade em um amplo espectro de RPMs.<\/p>","protected":false},"excerpt":{"rendered":"<p>TTR CNC USA Nissan TB48 Billet Intake (Double Throttle) \u2013 uma cria\u00e7\u00e3o magistral meticulosamente projetada para entusiastas que buscam pot\u00eancia e precis\u00e3o incompar\u00e1veis. Este Billet Intake \u00e9 um testemunho da usinagem de precis\u00e3o, integrando perfeitamente tecnologia CNC de ponta com um design inteligente para redefinir as capacidades do motor Nissan TB48.<\/p>\n<p>O TTR CNC USA Nissan TB48 Billet Intake (Double Throttle) n\u00e3o \u00e9 apenas um acess\u00f3rio; \u00e9 uma atualiza\u00e7\u00e3o de engenharia de precis\u00e3o projetada para superar as expectativas no mundo da dire\u00e7\u00e3o de alto desempenho. Eleve a experi\u00eancia do motor Nissan TB48 com uma admiss\u00e3o que combina perfeitamente forma e fun\u00e7\u00e3o, ampliando os limites de capacidade em um amplo espectro de RPMs.<\/p>","protected":false},"featured_media":5368,"comment_status":"open","ping_status":"closed","template":"","meta":[],"product_cat":[87,93],"product_tag":[],"class_list":{"0":"post-5355","1":"product","2":"type-product","3":"status-publish","4":"has-post-thumbnail","6":"product_cat-intakes","7":"product_cat-nissan","9":"first","10":"instock","11":"shipping-taxable","12":"product-type-simple"},"aioseo_notices":[],"_links":{"self":[{"href":"https:\/\/www.ttrcncusa.com\/br\/wp-json\/wp\/v2\/product\/5355","targetHints":{"allow":["GET"]}}],"collection":[{"href":"https:\/\/www.ttrcncusa.com\/br\/wp-json\/wp\/v2\/product"}],"about":[{"href":"https:\/\/www.ttrcncusa.com\/br\/wp-json\/wp\/v2\/types\/product"}],"replies":[{"embeddable":true,"href":"https:\/\/www.ttrcncusa.com\/br\/wp-json\/wp\/v2\/comments?post=5355"}],"wp:featuredmedia":[{"embeddable":true,"href":"https:\/\/www.ttrcncusa.com\/br\/wp-json\/wp\/v2\/media\/5368"}],"wp:attachment":[{"href":"https:\/\/www.ttrcncusa.com\/br\/wp-json\/wp\/v2\/media?parent=5355"}],"wp:term":[{"taxonomy":"product_cat","embeddable":true,"href":"https:\/\/www.ttrcncusa.com\/br\/wp-json\/wp\/v2\/product_cat?post=5355"},{"taxonomy":"product_tag","embeddable":true,"href":"https:\/\/www.ttrcncusa.com\/br\/wp-json\/wp\/v2\/product_tag?post=5355"}],"curies":[{"name":"wp","href":"https:\/\/api.w.org\/{rel}","templated":true}]}}