{"id":5295,"date":"2023-11-14T16:50:54","date_gmt":"2023-11-14T18:50:54","guid":{"rendered":"https:\/\/ttrcncusa.tfx.company\/?post_type=product&#038;p=5295"},"modified":"2024-07-11T13:54:36","modified_gmt":"2024-07-11T15:54:36","slug":"porsche-992-billet-intake","status":"publish","type":"product","link":"https:\/\/www.ttrcncusa.com\/br\/product\/porsche-992-billet-intake\/","title":{"rendered":"COLETOR DE ADMISS\u00c3O PORSCHE 992 BILLET"},"content":{"rendered":"<h2 class=\"yikes-custom-woo-tab-title yikes-custom-woo-tab-title-features\">Vis\u00e3o geral<\/h2>\n<p>Projetado para melhorar o desempenho do ajuste do motor atrav\u00e9s de simula\u00e7\u00f5es computacionais de din\u00e2mica de fluidos de \u00faltima gera\u00e7\u00e3o, sem perder a eleg\u00e2ncia do design, e usinado em alum\u00ednio 6061 T6.<\/p>\n<h2 class=\"yikes-custom-woo-tab-title yikes-custom-woo-tab-title-where-to-buy\">Onde Comprar<\/h2>\n<p>Contate-nos por e-mail em sales@www.ttrcncusa.com para obter informa\u00e7\u00f5es sobre nossos produtos ou servi\u00e7os.<\/p>","protected":false},"excerpt":{"rendered":"<h2 class=\"sdSa7p0 o_F1pek---typography-11-runningText o_F1pek---priority-7-primary _HOcyB x4nptw sxbtulv\" aria-hidden=\"false\" data-hook=\"info-section-title\">INFORMA\u00c7\u00c3O DO PRODUTO<\/h2>\n<div class=\"aecizt QfrfFD cell\">Plenum: Boleto completo usinado em CNC<br \/>\nCorpo do acelerador: Mesma posi\u00e7\u00e3o da entrada OEM<br \/>\nTrilhos de combust\u00edvel: Adapta-se ao trilho de combust\u00edvel DI OEM<br \/>\nTrilhos de combust\u00edvel adicionais: Provis\u00e3o para um segundo banco de injetores de combust\u00edvel (necess\u00e1rio para modificar as linhas r\u00edgidas do DI)<br \/>\nMelhorias: Din\u00e2mica de fluidos computacional simulada e geometria otimizada, desempenho aprimorado relacionado \u00e0 pe\u00e7a OEM, capaz de press\u00e3o de refor\u00e7o de mais de 100 psi.<\/div>","protected":false},"featured_media":5869,"comment_status":"open","ping_status":"closed","template":"","meta":[],"product_cat":[87,91],"product_tag":[89],"class_list":{"0":"post-5295","1":"product","2":"type-product","3":"status-publish","4":"has-post-thumbnail","6":"product_cat-intakes","7":"product_cat-porsche","8":"product_tag-porsche","10":"first","11":"instock","12":"shipping-taxable","13":"product-type-simple"},"aioseo_notices":[],"_links":{"self":[{"href":"https:\/\/www.ttrcncusa.com\/br\/wp-json\/wp\/v2\/product\/5295","targetHints":{"allow":["GET"]}}],"collection":[{"href":"https:\/\/www.ttrcncusa.com\/br\/wp-json\/wp\/v2\/product"}],"about":[{"href":"https:\/\/www.ttrcncusa.com\/br\/wp-json\/wp\/v2\/types\/product"}],"replies":[{"embeddable":true,"href":"https:\/\/www.ttrcncusa.com\/br\/wp-json\/wp\/v2\/comments?post=5295"}],"wp:featuredmedia":[{"embeddable":true,"href":"https:\/\/www.ttrcncusa.com\/br\/wp-json\/wp\/v2\/media\/5869"}],"wp:attachment":[{"href":"https:\/\/www.ttrcncusa.com\/br\/wp-json\/wp\/v2\/media?parent=5295"}],"wp:term":[{"taxonomy":"product_cat","embeddable":true,"href":"https:\/\/www.ttrcncusa.com\/br\/wp-json\/wp\/v2\/product_cat?post=5295"},{"taxonomy":"product_tag","embeddable":true,"href":"https:\/\/www.ttrcncusa.com\/br\/wp-json\/wp\/v2\/product_tag?post=5295"}],"curies":[{"name":"wp","href":"https:\/\/api.w.org\/{rel}","templated":true}]}}