{"id":5230,"date":"2023-11-14T15:26:13","date_gmt":"2023-11-14T17:26:13","guid":{"rendered":"https:\/\/ttrcncusa.tfx.company\/?post_type=product&#038;p=5230"},"modified":"2024-04-17T16:56:15","modified_gmt":"2024-04-17T18:56:15","slug":"ford-barra-dry-sump","status":"publish","type":"product","link":"https:\/\/www.ttrcncusa.com\/br\/product\/ford-barra-dry-sump\/","title":{"rendered":"C\u00c1RTER SECO FORD BARRA"},"content":{"rendered":"<p>Apresentamos o C\u00e1rter Seco Ford Barra TTR CNC USA \u2013 uma maravilha da engenharia meticulosamente concebida para aficionados de alto desempenho que procuram um controlo de \u00f3leo incompar\u00e1vel e maior fiabilidade do motor. Concebido especificamente para o ic\u00f3nico motor Ford Barra, este sistema de c\u00e1rter seco \u00e9 um testemunho de precis\u00e3o e desempenho.<\/p>\n<p><strong>Caracter\u00edsticas principais:<\/strong><\/p>\n<ol>\n<li><strong>Ajuste personalizado para motores Ford Barra:<\/strong> Projetado com precis\u00e3o para integra\u00e7\u00e3o perfeita com os motores Ford Barra, garantindo um ajuste perfeito e \u00f3timo desempenho.<\/li>\n<li><strong>Usinagem CNC de precis\u00e3o:<\/strong> Cada componente do sistema de c\u00e1rter seco passa por usinagem CNC de precis\u00e3o, garantindo qualidade e precis\u00e3o excepcionais para desempenho incompar\u00e1vel.<\/li>\n<li><strong>Gerenciamento Avan\u00e7ado de Petr\u00f3leo:<\/strong> A bomba multiest\u00e1gio e o design com defletores garantem um fornecimento consistente de \u00f3leo aos componentes cr\u00edticos do motor, mesmo sob condi\u00e7\u00f5es extremas, evitando a falta de \u00f3leo e aumentando a longevidade geral do motor.<\/li>\n<li><strong>Constru\u00e7\u00e3o dur\u00e1vel:<\/strong> Fabricado com materiais de alta qualidade, o C\u00e1rter Seco Ford Barra foi constru\u00eddo para suportar os rigores da condu\u00e7\u00e3o de alto desempenho, proporcionando fiabilidade e durabilidade aos entusiastas mais exigentes.<\/li>\n<li><strong>F\u00e1cil Integra\u00e7\u00e3o:<\/strong> Concebido para uma instala\u00e7\u00e3o simples, este sistema de c\u00e1rter seco integra-se perfeitamente na configura\u00e7\u00e3o do seu Ford Barra, minimizando o tempo de inatividade e maximizando os benef\u00edcios de um controlo de \u00f3leo superior.<\/li>\n<\/ol>\n<p>Atualize as capacidades do seu motor Ford Barra com o C\u00e1rter Seco Ford Barra TTR CNC USA \u2013 onde a precis\u00e3o artesanal satisfaz as exig\u00eancias da condu\u00e7\u00e3o de alto desempenho. Confie na nossa experi\u00eancia para elevar a sua experi\u00eancia de condu\u00e7\u00e3o a novos patamares.<\/p>","protected":false},"excerpt":{"rendered":"<p>Apresentamos o C\u00e1rter Seco Ford Barra TTR CNC USA \u2013 uma maravilha da engenharia meticulosamente concebida para aficionados de alto desempenho que procuram um controlo de \u00f3leo incompar\u00e1vel e maior fiabilidade do motor. Concebido especificamente para o ic\u00f3nico motor Ford Barra, este sistema de c\u00e1rter seco \u00e9 um testemunho de precis\u00e3o e desempenho.<\/p>\n<p>Atualize as capacidades do seu motor Ford Barra com o C\u00e1rter Seco Ford Barra TTR CNC USA \u2013 onde a precis\u00e3o artesanal satisfaz as exig\u00eancias da condu\u00e7\u00e3o de alto desempenho. Confie na nossa experi\u00eancia para elevar a sua experi\u00eancia de condu\u00e7\u00e3o a novos patamares.<\/p>","protected":false},"featured_media":5231,"comment_status":"open","ping_status":"closed","template":"","meta":[],"product_cat":[92,87],"product_tag":[],"class_list":{"0":"post-5230","1":"product","2":"type-product","3":"status-publish","4":"has-post-thumbnail","6":"product_cat-ford","7":"product_cat-intakes","9":"first","10":"instock","11":"shipping-taxable","12":"product-type-simple"},"aioseo_notices":[],"_links":{"self":[{"href":"https:\/\/www.ttrcncusa.com\/br\/wp-json\/wp\/v2\/product\/5230","targetHints":{"allow":["GET"]}}],"collection":[{"href":"https:\/\/www.ttrcncusa.com\/br\/wp-json\/wp\/v2\/product"}],"about":[{"href":"https:\/\/www.ttrcncusa.com\/br\/wp-json\/wp\/v2\/types\/product"}],"replies":[{"embeddable":true,"href":"https:\/\/www.ttrcncusa.com\/br\/wp-json\/wp\/v2\/comments?post=5230"}],"wp:featuredmedia":[{"embeddable":true,"href":"https:\/\/www.ttrcncusa.com\/br\/wp-json\/wp\/v2\/media\/5231"}],"wp:attachment":[{"href":"https:\/\/www.ttrcncusa.com\/br\/wp-json\/wp\/v2\/media?parent=5230"}],"wp:term":[{"taxonomy":"product_cat","embeddable":true,"href":"https:\/\/www.ttrcncusa.com\/br\/wp-json\/wp\/v2\/product_cat?post=5230"},{"taxonomy":"product_tag","embeddable":true,"href":"https:\/\/www.ttrcncusa.com\/br\/wp-json\/wp\/v2\/product_tag?post=5230"}],"curies":[{"name":"wp","href":"https:\/\/api.w.org\/{rel}","templated":true}]}}