{"id":5193,"date":"2023-11-14T14:29:27","date_gmt":"2023-11-14T16:29:27","guid":{"rendered":"https:\/\/ttrcncusa.tfx.company\/?post_type=product&#038;p=5193"},"modified":"2024-10-20T22:35:40","modified_gmt":"2024-10-21T00:35:40","slug":"2jz-dry-sump","status":"publish","type":"product","link":"https:\/\/www.ttrcncusa.com\/br\/product\/carter-seco-2jz\/","title":{"rendered":"C\u00c1RTER SECO TOYOTA 2JZ"},"content":{"rendered":"<p>Apresentando o C\u00e1rter Seco TTR CNC USA 2JZ, um pin\u00e1culo da engenharia de precis\u00e3o projetado exclusivamente para carros de alto desempenho e especificamente adaptado para o lend\u00e1rio motor 2JZ. Eleve as capacidades do seu motor com este sistema de c\u00e1rter seco de \u00faltima gera\u00e7\u00e3o, meticulosamente concebido para melhorar o controlo do \u00f3leo e o desempenho geral em condi\u00e7\u00f5es de condu\u00e7\u00e3o exigentes.<\/p>\n<p><strong>Caracter\u00edsticas principais:<\/strong><\/p>\n<ol>\n<li><strong>Usinagem de Precis\u00e3o:<\/strong> Fabricado com precis\u00e3o incompar\u00e1vel usando tecnologia CNC de \u00faltima gera\u00e7\u00e3o, nosso C\u00e1rter Seco 2JZ garante toler\u00e2ncias exatas para ajuste e fun\u00e7\u00e3o ideais.<\/li>\n<li><strong>Controle de \u00f3leo aprimorado:<\/strong> Experimente um gerenciamento de \u00f3leo superior com a bomba multiest\u00e1gio, proporcionando lubrifica\u00e7\u00e3o consistente e confi\u00e1vel mesmo sob for\u00e7as G extremas e manobras de alta velocidade.<\/li>\n<li><strong>Materiais de alta qualidade:<\/strong> Constru\u00eddo para suportar os rigores da condu\u00e7\u00e3o de alto desempenho, o 2JZ Dry Sump \u00e9 constru\u00eddo com materiais de alta qualidade, garantindo durabilidade e longevidade.<\/li>\n<li><strong>Design confuso:<\/strong> O sistema de defletor integrado evita a falta de \u00f3leo durante acelera\u00e7\u00f5es, desacelera\u00e7\u00f5es e curvas agressivas, proporcionando lubrifica\u00e7\u00e3o ininterrupta aos componentes cr\u00edticos do motor.<\/li>\n<li><strong>Instala\u00e7\u00e3o f\u00e1cil:<\/strong> Projetado para um processo de instala\u00e7\u00e3o simples, nosso 2JZ Dry Sump integra-se perfeitamente \u00e0 sua configura\u00e7\u00e3o, minimizando o tempo de inatividade e maximizando os ganhos de desempenho.<\/li>\n<\/ol>\n<p>Liberte todo o potencial do seu ve\u00edculo com motor 2JZ com o C\u00e1rter Seco TTR CNC USA 2JZ \u2013 onde a precis\u00e3o encontra o desempenho e cada detalhe \u00e9 projetado para a emo\u00e7\u00e3o do passeio. Atualize seu sistema de gerenciamento de \u00f3leo e comande a estrada com confian\u00e7a.<\/p>","protected":false},"excerpt":{"rendered":"<p>Apresentando o C\u00e1rter Seco TTR CNC USA 2JZ, um pin\u00e1culo da engenharia de precis\u00e3o projetado exclusivamente para carros de alto desempenho e especificamente adaptado para o lend\u00e1rio motor 2JZ. Eleve as capacidades do seu motor com este sistema de c\u00e1rter seco de \u00faltima gera\u00e7\u00e3o, meticulosamente concebido para melhorar o controlo do \u00f3leo e o desempenho geral em condi\u00e7\u00f5es de condu\u00e7\u00e3o exigentes.<\/p>\n<p>Liberte todo o potencial do seu ve\u00edculo com motor 2JZ com o C\u00e1rter Seco TTR CNC USA 2JZ \u2013 onde a precis\u00e3o encontra o desempenho e cada detalhe \u00e9 projetado para a emo\u00e7\u00e3o do passeio. Atualize seu sistema de gerenciamento de \u00f3leo e comande a estrada com confian\u00e7a.<\/p>","protected":false},"featured_media":5219,"comment_status":"open","ping_status":"closed","template":"","meta":[],"product_cat":[99],"product_tag":[],"class_list":{"0":"post-5193","1":"product","2":"type-product","3":"status-publish","4":"has-post-thumbnail","6":"product_cat-toyota","8":"first","9":"onbackorder","10":"shipping-taxable","11":"purchasable","12":"product-type-simple"},"aioseo_notices":[],"_links":{"self":[{"href":"https:\/\/www.ttrcncusa.com\/br\/wp-json\/wp\/v2\/product\/5193","targetHints":{"allow":["GET"]}}],"collection":[{"href":"https:\/\/www.ttrcncusa.com\/br\/wp-json\/wp\/v2\/product"}],"about":[{"href":"https:\/\/www.ttrcncusa.com\/br\/wp-json\/wp\/v2\/types\/product"}],"replies":[{"embeddable":true,"href":"https:\/\/www.ttrcncusa.com\/br\/wp-json\/wp\/v2\/comments?post=5193"}],"wp:featuredmedia":[{"embeddable":true,"href":"https:\/\/www.ttrcncusa.com\/br\/wp-json\/wp\/v2\/media\/5219"}],"wp:attachment":[{"href":"https:\/\/www.ttrcncusa.com\/br\/wp-json\/wp\/v2\/media?parent=5193"}],"wp:term":[{"taxonomy":"product_cat","embeddable":true,"href":"https:\/\/www.ttrcncusa.com\/br\/wp-json\/wp\/v2\/product_cat?post=5193"},{"taxonomy":"product_tag","embeddable":true,"href":"https:\/\/www.ttrcncusa.com\/br\/wp-json\/wp\/v2\/product_tag?post=5193"}],"curies":[{"name":"wp","href":"https:\/\/api.w.org\/{rel}","templated":true}]}}