{"id":5668,"date":"2024-03-21T20:11:04","date_gmt":"2024-03-21T22:11:04","guid":{"rendered":"https:\/\/darkred-lark-961430.hostingersite.com\/?page_id=5668"},"modified":"2024-03-22T20:13:42","modified_gmt":"2024-03-22T22:13:42","slug":"disclaimer","status":"publish","type":"page","link":"https:\/\/www.ttrcncusa.com\/br\/disclaimer\/","title":{"rendered":"Disclaimer"},"content":{"rendered":"<div data-elementor-type=\"wp-page\" data-elementor-id=\"5668\" class=\"elementor elementor-5668\" data-elementor-post-type=\"page\">\n\t\t\t\t\t\t<section class=\"elementor-section elementor-top-section elementor-element elementor-element-8ac0af0 container-width-1500 elementor-section-stretched elementor-section-boxed elementor-section-height-default elementor-section-height-default\" data-id=\"8ac0af0\" data-element_type=\"section\" data-settings=\"{&quot;background_background&quot;:&quot;classic&quot;,&quot;stretch_section&quot;:&quot;section-stretched&quot;}\">\n\t\t\t\t\t\t\t<div class=\"elementor-background-overlay\"><\/div>\n\t\t\t\t\t\t\t<div class=\"elementor-container elementor-column-gap-default\">\n\t\t\t\t\t<div class=\"elementor-column elementor-col-100 elementor-top-column elementor-element elementor-element-71d1065\" data-id=\"71d1065\" data-element_type=\"column\">\n\t\t\t<div class=\"elementor-widget-wrap elementor-element-populated\">\n\t\t\t\t\t\t<div class=\"elementor-element elementor-element-e2978e3 elementor-widget elementor-widget-heading\" data-id=\"e2978e3\" data-element_type=\"widget\" data-widget_type=\"heading.default\">\n\t\t\t\t<div class=\"elementor-widget-container\">\n\t\t\t<h1 class=\"elementor-heading-title elementor-size-default\">Disclaimer<\/h1>\t\t<\/div>\n\t\t\t\t<\/div>\n\t\t\t\t<div class=\"elementor-element elementor-element-8d8c123 elementor-widget elementor-widget-html\" data-id=\"8d8c123\" data-element_type=\"widget\" data-widget_type=\"html.default\">\n\t\t\t\t<div class=\"elementor-widget-container\">\n\t\t\t<style>\n \n#site-header{background-color:black}\n \n.site-header-inner,\n.site-header-inner .wrap-inner{\n display:flex;\n align-items:center;\n height:80px;\n transition:0.0s;\n transition-delay:0.0s;\n}\n\n\n \n<\/style>\t\t<\/div>\n\t\t\t\t<\/div>\n\t\t\t\t\t<\/div>\n\t\t<\/div>\n\t\t\t\t\t<\/div>\n\t\t<\/section>\n\t\t\t\t<section class=\"elementor-section elementor-top-section elementor-element elementor-element-fed4b8c elementor-section-boxed elementor-section-height-default elementor-section-height-default\" data-id=\"fed4b8c\" data-element_type=\"section\">\n\t\t\t\t\t\t<div class=\"elementor-container elementor-column-gap-default\">\n\t\t\t\t\t<div class=\"elementor-column elementor-col-100 elementor-top-column elementor-element elementor-element-f134206\" data-id=\"f134206\" data-element_type=\"column\">\n\t\t\t<div class=\"elementor-widget-wrap elementor-element-populated\">\n\t\t\t\t\t\t<div class=\"elementor-element elementor-element-311f07b elementor-widget elementor-widget-text-editor\" data-id=\"311f07b\" data-element_type=\"widget\" data-widget_type=\"text-editor.default\">\n\t\t\t\t<div class=\"elementor-widget-container\">\n\t\t\t\t\t\t\t<p dir=\"ltr\" style=\"text-align: center;\"><strong><span style=\"color: #ff0000;\">ATEN\u00c7\u00c3O: RESTRI\u00c7\u00d5ES LEGAIS SE APLICAM A PRODUTOS EXCLUSIVOS PARA CORRIDAS. LEIA ANTES DE COMPRAR\/INSTALAR\/USAR!<\/span><\/strong><\/p>\n<p dir=\"ltr\" style=\"line-height: 1.295; margin-top: 0pt; margin-bottom: 8pt; text-align: center;\"><strong><span style=\"font-size: 18px; color: var( --e-global-color-text );\">\u26a0\ufe0f AVISO PARA CLIENTES DOS ESTADOS UNIDOS DA AM\u00c9RICA! \u26a0\ufe0f<\/span><\/strong><\/p><p dir=\"ltr\" style=\"line-height: 1.295; margin-top: 0pt; margin-bottom: 8pt; text-align: center;\"><strong><span style=\"font-size: 18px; color: var( --e-global-color-text );\"><br><\/span><\/strong><\/p>\n<p>Os produtos exclusivos para corrida s\u00e3o fabricados e vendidos exclusivamente para instala\u00e7\u00e3o em ve\u00edculos projetados para uso estritamente competitivo. Uma vez instaladas, essas pe\u00e7as n\u00e3o podem ser usadas, registradas ou licenciadas para uso em vias p\u00fablicas. Se voc\u00ea instalar uma pe\u00e7a exclusiva para corrida em seu ve\u00edculo e us\u00e1-la em vias p\u00fablicas, voc\u00ea violar\u00e1 a Lei do Ar Limpo e poder\u00e1 estar sujeito a responsabilidade civil ou criminal pessoal, incluindo multas de at\u00e9 $5.179 por dia.<\/p>\n<p>Se um produto exclusivo para corrida foi adquirido por engano, N\u00c3O o instale e\/ou use. O comprador deve providenciar a devolu\u00e7\u00e3o do produto para reembolso total.<\/p>\n<p>PARA COMPRAR ESTE ITEM DA TTR CNC USA, VOC\u00ca DEVE LER E CONCORDAR COM OS SEGUINTES TERMOS E CONDI\u00c7\u00d5ES, E DEVE FORNECER TODAS AS INFORMA\u00c7\u00d5ES SOLICITADAS PELA TTR CNC USA ANTES DA COMPRA.<\/p>\n<p>Entendo que \u00e9 ilegal instalar uma pe\u00e7a de reposi\u00e7\u00e3o destinada ao uso com, ou como parte de, um dispositivo ou sistema de controle de polui\u00e7\u00e3o de ve\u00edculo motorizado necess\u00e1rio que altere ou modifique o projeto original ou o desempenho do dispositivo ou sistema de controle de polui\u00e7\u00e3o de ve\u00edculo motorizado a menos que o ve\u00edculo no qual a pe\u00e7a est\u00e1 instalada seja projetado apenas para uso como ve\u00edculo de competi\u00e7\u00e3o. Um ve\u00edculo de competi\u00e7\u00e3o nunca pode ser usado, registrado ou licenciado para uso em vias ou rodovias p\u00fablicas.<\/p>\n<p>Entendo que este produto ou estes produtos foram projetados e destinados apenas para uso em ve\u00edculos de competi\u00e7\u00e3o. Certifico que a pe\u00e7a ser\u00e1 instalada somente no ve\u00edculo descrito acima. Certifico que o ve\u00edculo \u00e9 um ve\u00edculo de competi\u00e7\u00e3o e que o ve\u00edculo n\u00e3o est\u00e1 registrado ou licenciado para uso em via ou rodovia p\u00fablica.<\/p>\n<p>Entendo que a instala\u00e7\u00e3o deste produto ou destes produtos em um ve\u00edculo registrado ou licenciado para uso em vias ou rodovias p\u00fablicas pode constituir uma viola\u00e7\u00e3o da Lei do Ar Limpo. Entendo que tal viola\u00e7\u00e3o pode me sujeitar a responsabilidade civil ou criminal pessoal, incluindo multas de at\u00e9 $5.179 por dia.<\/p>\n<p>ENTENDO E RECONHE\u00c7O QUE NOS ESTADOS UNIDOS, A AG\u00caNCIA DE PROTE\u00c7\u00c3O AMBIENTAL (\u201cEPA\u201d) DECLAROU QUE TEM AUTORIDADE REGULADORA SOBRE O USO DE PRODUTOS EXCLUSIVOS PARA CORRIDAS DE ACORDO COM A LEI DO AR LIMPO, E CONCORDO, DE ACORDO COM AS REGRAS E REGULAMENTOS DA EPA , QUE O USO DE PRODUTOS EXCLUSIVOS PARA CORRIDAS POR VE\u00cdCULOS CONDUZIDOS NAS ESTRADAS P\u00daBLICAS, RUAS E ESTRADAS DOS EUA \u00c9 ESTRITAMENTE PROIBIDO. TAMB\u00c9M ENTENDO E RECONHE\u00c7O QUE AS LEIS DA CALIF\u00d3RNIA, OS REGULAMENTOS DO CONSELHO DE RECURSOS A\u00c9REOS DA CALIF\u00d3RNIA E AS LEIS DE OUTROS ESTADOS E PA\u00cdSES DOS EUA IMPOSTEM PROIBI\u00c7\u00d5ES E REQUISITOS DIFERENTES OU ADICIONAIS QUE PODEM SER APLICADOS A PRODUTOS AUTOMOTIVOS.<\/p>\n<div>&nbsp;<\/div>\t\t\t\t\t\t<\/div>\n\t\t\t\t<\/div>\n\t\t\t\t\t<\/div>\n\t\t<\/div>\n\t\t\t\t\t<\/div>\n\t\t<\/section>\n\t\t\t\t<\/div>","protected":false},"excerpt":{"rendered":"<p>Aviso Legal ATEN\u00c7\u00c3O: RESTRI\u00c7\u00d5ES LEGAIS SE APLICAM A PRODUTOS SOMENTE PARA CORRIDA. LEIA ANTES DE COMPRAR\/INSTALAR\/USAR! \u26a0\ufe0f AVISO PARA CLIENTES DOS EUA! \u26a0\ufe0f Produtos somente para corrida s\u00e3o fabricados e vendidos exclusivamente para instala\u00e7\u00e3o em ve\u00edculos projetados para uso estritamente competitivo. Uma vez instaladas, essas pe\u00e7as n\u00e3o podem ser usadas, registradas ou licenciadas para uso em vias p\u00fablicas. Se<\/p>","protected":false},"author":2,"featured_media":0,"parent":0,"menu_order":0,"comment_status":"closed","ping_status":"closed","template":"","meta":{"footnotes":""},"class_list":["post-5668","page","type-page","status-publish","hentry"],"aioseo_notices":[],"_links":{"self":[{"href":"https:\/\/www.ttrcncusa.com\/br\/wp-json\/wp\/v2\/pages\/5668","targetHints":{"allow":["GET"]}}],"collection":[{"href":"https:\/\/www.ttrcncusa.com\/br\/wp-json\/wp\/v2\/pages"}],"about":[{"href":"https:\/\/www.ttrcncusa.com\/br\/wp-json\/wp\/v2\/types\/page"}],"author":[{"embeddable":true,"href":"https:\/\/www.ttrcncusa.com\/br\/wp-json\/wp\/v2\/users\/2"}],"replies":[{"embeddable":true,"href":"https:\/\/www.ttrcncusa.com\/br\/wp-json\/wp\/v2\/comments?post=5668"}],"version-history":[{"count":4,"href":"https:\/\/www.ttrcncusa.com\/br\/wp-json\/wp\/v2\/pages\/5668\/revisions"}],"predecessor-version":[{"id":5672,"href":"https:\/\/www.ttrcncusa.com\/br\/wp-json\/wp\/v2\/pages\/5668\/revisions\/5672"}],"wp:attachment":[{"href":"https:\/\/www.ttrcncusa.com\/br\/wp-json\/wp\/v2\/media?parent=5668"}],"curies":[{"name":"wp","href":"https:\/\/api.w.org\/{rel}","templated":true}]}}