{"id":5043,"date":"2023-11-11T10:03:13","date_gmt":"2023-11-11T12:03:13","guid":{"rendered":"https:\/\/ttrcncusa.tfx.company\/?page_id=5043"},"modified":"2023-11-13T15:20:31","modified_gmt":"2023-11-13T17:20:31","slug":"privacy-policy","status":"publish","type":"page","link":"https:\/\/www.ttrcncusa.com\/br\/politica-de-privacidade\/","title":{"rendered":"Pol\u00edtica de Privacidade"},"content":{"rendered":"<div data-elementor-type=\"wp-page\" data-elementor-id=\"5043\" class=\"elementor elementor-5043\" data-elementor-post-type=\"page\">\n\t\t\t\t\t\t<section class=\"elementor-section elementor-top-section elementor-element elementor-element-8ac0af0 container-width-1500 elementor-section-stretched elementor-section-boxed elementor-section-height-default elementor-section-height-default\" data-id=\"8ac0af0\" data-element_type=\"section\" data-settings=\"{&quot;background_background&quot;:&quot;classic&quot;,&quot;stretch_section&quot;:&quot;section-stretched&quot;}\">\n\t\t\t\t\t\t\t<div class=\"elementor-background-overlay\"><\/div>\n\t\t\t\t\t\t\t<div class=\"elementor-container elementor-column-gap-default\">\n\t\t\t\t\t<div class=\"elementor-column elementor-col-100 elementor-top-column elementor-element elementor-element-71d1065\" data-id=\"71d1065\" data-element_type=\"column\">\n\t\t\t<div class=\"elementor-widget-wrap elementor-element-populated\">\n\t\t\t\t\t\t<div class=\"elementor-element elementor-element-e2978e3 elementor-widget elementor-widget-heading\" data-id=\"e2978e3\" data-element_type=\"widget\" data-widget_type=\"heading.default\">\n\t\t\t\t<div class=\"elementor-widget-container\">\n\t\t\t<h1 class=\"elementor-heading-title elementor-size-default\">Pol\u00edtica de Privacidade<\/h1>\t\t<\/div>\n\t\t\t\t<\/div>\n\t\t\t\t<div class=\"elementor-element elementor-element-8d8c123 elementor-widget elementor-widget-html\" data-id=\"8d8c123\" data-element_type=\"widget\" data-widget_type=\"html.default\">\n\t\t\t\t<div class=\"elementor-widget-container\">\n\t\t\t<style>\n \n#site-header{background-color:black}\n \n.site-header-inner,\n.site-header-inner .wrap-inner{\n display:flex;\n align-items:center;\n height:80px;\n transition:0.0s;\n transition-delay:0.0s;\n}\n\n\n \n<\/style>\t\t<\/div>\n\t\t\t\t<\/div>\n\t\t\t\t\t<\/div>\n\t\t<\/div>\n\t\t\t\t\t<\/div>\n\t\t<\/section>\n\t\t\t\t<section class=\"elementor-section elementor-top-section elementor-element elementor-element-6fa20e7 elementor-section-boxed elementor-section-height-default elementor-section-height-default\" data-id=\"6fa20e7\" data-element_type=\"section\">\n\t\t\t\t\t\t<div class=\"elementor-container elementor-column-gap-default\">\n\t\t\t\t\t<div class=\"elementor-column elementor-col-100 elementor-top-column elementor-element elementor-element-29234ce\" data-id=\"29234ce\" data-element_type=\"column\">\n\t\t\t<div class=\"elementor-widget-wrap elementor-element-populated\">\n\t\t\t\t\t\t<div class=\"elementor-element elementor-element-c9b5b71 elementor-widget elementor-widget-text-editor\" data-id=\"c9b5b71\" data-element_type=\"widget\" data-widget_type=\"text-editor.default\">\n\t\t\t\t<div class=\"elementor-widget-container\">\n\t\t\t\t\t\t\t<p><strong>Ultima atualiza\u00e7\u00e3o:<\/strong> 10 de novembro de 2023<\/p><p>Obrigado por visitar o site TTR CNC USA (o \u201cSite\u201d). Esta Pol\u00edtica de Privacidade descreve como a TTR CNC USA coleta, usa e protege as informa\u00e7\u00f5es que voc\u00ea fornece ao usar o site. Ao acessar ou utilizar o Site, voc\u00ea concorda com os termos desta Pol\u00edtica de Privacidade.<\/p><p><strong>1 \u2013 Informa\u00e7\u00f5es que coletamos<\/strong><\/p><p><strong>a.<\/strong> Informa\u00e7\u00f5es do formul\u00e1rio de contato: Quando voc\u00ea preenche o formul\u00e1rio de contato em nosso site, coletamos as informa\u00e7\u00f5es que voc\u00ea fornece, incluindo seu nome, endere\u00e7o de e-mail e quaisquer outros detalhes que voc\u00ea decida compartilhar. Utilizamos essas informa\u00e7\u00f5es exclusivamente com o prop\u00f3sito de responder \u00e0s suas perguntas.<\/p><p><strong>b.<\/strong> Estat\u00edsticas de acesso por regi\u00e3o: Podemos coletar estat\u00edsticas gerais sobre o tr\u00e1fego e uso do site por regi\u00e3o. No entanto, estes dados s\u00e3o agregados e n\u00e3o incluem quaisquer informa\u00e7\u00f5es pessoalmente identific\u00e1veis, tais como endere\u00e7os IP, endere\u00e7os de e-mail, nomes de utilizador ou outras caracter\u00edsticas pessoais.<\/p><p><strong>2 \u2013 Uso da Informa\u00e7\u00e3o<\/strong><\/p><p><strong>a.<\/strong> Informa\u00e7\u00f5es do formul\u00e1rio de contato: As informa\u00e7\u00f5es coletadas atrav\u00e9s do formul\u00e1rio de contato s\u00e3o usadas para responder \u00e0s suas d\u00favidas e fornecer as informa\u00e7\u00f5es ou assist\u00eancia que voc\u00ea solicitou. N\u00e3o usamos essas informa\u00e7\u00f5es para fins de marketing sem o seu consentimento expl\u00edcito.<\/p><p><strong>b.<\/strong> Estat\u00edsticas de Acesso por Regi\u00e3o: As estat\u00edsticas agregadas sobre o tr\u00e1fego e utiliza\u00e7\u00e3o do Site por regi\u00e3o s\u00e3o utilizadas para fins anal\u00edticos para melhorar o conte\u00fado e a funcionalidade do Site. Esta informa\u00e7\u00e3o ajuda-nos a compreender as prefer\u00eancias e interesses dos nossos visitantes sem comprometer a privacidade individual.<\/p><p><strong>3 \u2013 Seguran\u00e7a da Informa\u00e7\u00e3o<\/strong><\/p><p>Tomamos medidas razo\u00e1veis para proteger as informa\u00e7\u00f5es coletadas atrav\u00e9s do Site. No entanto, esteja ciente de que nenhuma transmiss\u00e3o de dados pela Internet ou m\u00e9todo de armazenamento eletr\u00f4nico \u00e9 completamente segura e n\u00e3o podemos garantir a seguran\u00e7a absoluta de suas informa\u00e7\u00f5es.<\/p><p><strong>4 \u2013 Sites de terceiros<\/strong><\/p><p>Nosso site pode conter links para sites de terceiros. Observe que n\u00e3o somos respons\u00e1veis pelas pr\u00e1ticas de privacidade ou pelo conte\u00fado desses sites externos. Encorajamos voc\u00ea a revisar as pol\u00edticas de privacidade desses sites antes de fornecer qualquer informa\u00e7\u00e3o pessoal.<\/p><p><strong>5 \u2013 Altera\u00e7\u00f5es nesta Pol\u00edtica de Privacidade<\/strong><\/p><p>A TTR CNC USA reserva-se o direito de atualizar ou modificar esta Pol\u00edtica de Privacidade a qualquer momento. Quaisquer altera\u00e7\u00f5es entrar\u00e3o em vigor imediatamente ap\u00f3s a publica\u00e7\u00e3o da Pol\u00edtica de Privacidade revisada no Site. Ao continuar a utilizar o Site, voc\u00ea concorda com a Pol\u00edtica de Privacidade atualizada.<\/p><p><strong>6 \u2013 Informa\u00e7\u00f5es de contato<\/strong><\/p><p>Se voc\u00ea tiver alguma d\u00favida ou preocupa\u00e7\u00e3o em rela\u00e7\u00e3o a esta Pol\u00edtica de Privacidade, entre em contato conosco pelo e-mail contact@www.ttrcncusa.com.<\/p><p>Ao utilizar o Site, voc\u00ea reconhece que leu e compreendeu esta Pol\u00edtica de Privacidade e concorda com seus termos. Se voc\u00ea n\u00e3o concorda com esta Pol\u00edtica de Privacidade, evite usar o Site.<\/p>\t\t\t\t\t\t<\/div>\n\t\t\t\t<\/div>\n\t\t\t\t\t<\/div>\n\t\t<\/div>\n\t\t\t\t\t<\/div>\n\t\t<\/section>\n\t\t\t\t<\/div>","protected":false},"excerpt":{"rendered":"<p>Pol\u00edtica de Privacidade \u00daltima atualiza\u00e7\u00e3o: 10 de novembro de 2023 Obrigado por visitar o site TTR CNC USA (o \u201cSite\u201d). Esta Pol\u00edtica de Privacidade descreve como o TTR CNC USA coleta, usa e protege as informa\u00e7\u00f5es que voc\u00ea fornece ao usar o Site. Ao acessar ou usar o Site, voc\u00ea concorda com os termos de<\/p>","protected":false},"author":2,"featured_media":0,"parent":0,"menu_order":0,"comment_status":"closed","ping_status":"closed","template":"","meta":{"footnotes":""},"class_list":["post-5043","page","type-page","status-publish","hentry"],"aioseo_notices":[],"_links":{"self":[{"href":"https:\/\/www.ttrcncusa.com\/br\/wp-json\/wp\/v2\/pages\/5043","targetHints":{"allow":["GET"]}}],"collection":[{"href":"https:\/\/www.ttrcncusa.com\/br\/wp-json\/wp\/v2\/pages"}],"about":[{"href":"https:\/\/www.ttrcncusa.com\/br\/wp-json\/wp\/v2\/types\/page"}],"author":[{"embeddable":true,"href":"https:\/\/www.ttrcncusa.com\/br\/wp-json\/wp\/v2\/users\/2"}],"replies":[{"embeddable":true,"href":"https:\/\/www.ttrcncusa.com\/br\/wp-json\/wp\/v2\/comments?post=5043"}],"version-history":[{"count":21,"href":"https:\/\/www.ttrcncusa.com\/br\/wp-json\/wp\/v2\/pages\/5043\/revisions"}],"predecessor-version":[{"id":5123,"href":"https:\/\/www.ttrcncusa.com\/br\/wp-json\/wp\/v2\/pages\/5043\/revisions\/5123"}],"wp:attachment":[{"href":"https:\/\/www.ttrcncusa.com\/br\/wp-json\/wp\/v2\/media?parent=5043"}],"curies":[{"name":"wp","href":"https:\/\/api.w.org\/{rel}","templated":true}]}}