{"id":5041,"date":"2023-11-10T15:02:36","date_gmt":"2023-11-10T17:02:36","guid":{"rendered":"https:\/\/ttrcncusa.tfx.company\/?page_id=5041"},"modified":"2023-11-13T15:21:49","modified_gmt":"2023-11-13T17:21:49","slug":"terms-of-use","status":"publish","type":"page","link":"https:\/\/www.ttrcncusa.com\/br\/termos-de-uso\/","title":{"rendered":"Termos de uso"},"content":{"rendered":"<div data-elementor-type=\"wp-page\" data-elementor-id=\"5041\" class=\"elementor elementor-5041\" data-elementor-post-type=\"page\">\n\t\t\t\t\t\t<section class=\"elementor-section elementor-top-section elementor-element elementor-element-8ac0af0 container-width-1500 elementor-section-stretched elementor-section-boxed elementor-section-height-default elementor-section-height-default\" data-id=\"8ac0af0\" data-element_type=\"section\" data-settings=\"{&quot;background_background&quot;:&quot;classic&quot;,&quot;stretch_section&quot;:&quot;section-stretched&quot;}\">\n\t\t\t\t\t\t\t<div class=\"elementor-background-overlay\"><\/div>\n\t\t\t\t\t\t\t<div class=\"elementor-container elementor-column-gap-default\">\n\t\t\t\t\t<div class=\"elementor-column elementor-col-100 elementor-top-column elementor-element elementor-element-71d1065\" data-id=\"71d1065\" data-element_type=\"column\">\n\t\t\t<div class=\"elementor-widget-wrap elementor-element-populated\">\n\t\t\t\t\t\t<div class=\"elementor-element elementor-element-e2978e3 elementor-widget elementor-widget-heading\" data-id=\"e2978e3\" data-element_type=\"widget\" data-widget_type=\"heading.default\">\n\t\t\t\t<div class=\"elementor-widget-container\">\n\t\t\t<h1 class=\"elementor-heading-title elementor-size-default\">Termos de uso<\/h1>\t\t<\/div>\n\t\t\t\t<\/div>\n\t\t\t\t<div class=\"elementor-element elementor-element-8d8c123 elementor-widget elementor-widget-html\" data-id=\"8d8c123\" data-element_type=\"widget\" data-widget_type=\"html.default\">\n\t\t\t\t<div class=\"elementor-widget-container\">\n\t\t\t<style>\n \n#site-header{background-color:black}\n \n.site-header-inner,\n.site-header-inner .wrap-inner{\n display:flex;\n align-items:center;\n height:80px;\n transition:0.0s;\n transition-delay:0.0s;\n}\n\n\n \n<\/style>\t\t<\/div>\n\t\t\t\t<\/div>\n\t\t\t\t\t<\/div>\n\t\t<\/div>\n\t\t\t\t\t<\/div>\n\t\t<\/section>\n\t\t\t\t<section class=\"elementor-section elementor-top-section elementor-element elementor-element-fed4b8c elementor-section-boxed elementor-section-height-default elementor-section-height-default\" data-id=\"fed4b8c\" data-element_type=\"section\">\n\t\t\t\t\t\t<div class=\"elementor-container elementor-column-gap-default\">\n\t\t\t\t\t<div class=\"elementor-column elementor-col-100 elementor-top-column elementor-element elementor-element-f134206\" data-id=\"f134206\" data-element_type=\"column\">\n\t\t\t<div class=\"elementor-widget-wrap elementor-element-populated\">\n\t\t\t\t\t\t<div class=\"elementor-element elementor-element-311f07b elementor-widget elementor-widget-text-editor\" data-id=\"311f07b\" data-element_type=\"widget\" data-widget_type=\"text-editor.default\">\n\t\t\t\t<div class=\"elementor-widget-container\">\n\t\t\t\t\t\t\t<p><b>Ultima atualiza\u00e7\u00e3o:<\/b> 10 de novembro de 2023<\/p><p>Bem-vindo ao site TTR CNC USA (o \u201cSite\u201d). Por favor, leia estes termos e condi\u00e7\u00f5es de uso (\u201cTermos\u201d) cuidadosamente antes de acessar ou usar o Site. Ao acessar ou usar o Site, voc\u00ea concorda em ficar vinculado a estes Termos. Se voc\u00ea n\u00e3o concordar com estes Termos, n\u00e3o use o Site.<\/p><p><b>1 \u2013 Aceita\u00e7\u00e3o dos Termos<\/b><\/p><p>Ao acessar ou usar o Site, voc\u00ea concorda em ficar vinculado a estes Termos. TTR CNC USA reserva-se o direito de modificar, atualizar ou revisar estes Termos a qualquer momento, e o uso continuado do Site ap\u00f3s a publica\u00e7\u00e3o das altera\u00e7\u00f5es significar\u00e1 que voc\u00ea aceita essas altera\u00e7\u00f5es.<\/p><p><b>2 \u2013 Direitos de Propriedade Intelectual<\/b><\/p><p>O conte\u00fado, design e layout deste Site, incluindo, entre outros, texto, gr\u00e1ficos, imagens, logotipos e v\u00eddeos, s\u00e3o propriedade da TTR CNC USA e s\u00e3o protegidos pelas leis de propriedade intelectual. O uso n\u00e3o autorizado de qualquer conte\u00fado deste Site \u00e9 estritamente proibido.<\/p><p><b>3 \u2013 Atividades Proibidas<\/b><\/p><p>Voc\u00ea concorda em n\u00e3o:<\/p><p><b>a.<\/b> Copiar, reproduzir, distribuir ou criar trabalhos derivados de qualquer conte\u00fado do Site sem o consentimento expresso por escrito da TTR CNC USA.<\/p><p><b>b.<\/b> Usar o logotipo TTR CNC USA indevidamente, incluindo, entre outros, modificar, alterar ou usar o logotipo de maneira que possa enganar ou confundir os usu\u00e1rios.<\/p><p><b>4 \u2013 Licen\u00e7a Limitada<\/b><\/p><p>TTR CNC USA concede a voc\u00ea uma licen\u00e7a limitada, revog\u00e1vel e n\u00e3o exclusiva para acessar e usar o Site para uso pessoal ou comercial interno. Esta licen\u00e7a n\u00e3o inclui o direito de:<\/p><p><b>a.<\/b> Copiar ou baixar conte\u00fado do Site para fins diferentes do uso pessoal ou comercial interno.<\/p><p><b>b.<\/b> Use quaisquer meta tags ou outro texto oculto utilizando o nome ou marcas registradas da TTR CNC USA sem consentimento expresso por escrito.<\/p><p><b>5 \u2013 Isen\u00e7\u00e3o de Garantias<\/b><\/p><p>O conte\u00fado do Site \u00e9 fornecido \u201ctal como est\u00e1\u201d, sem garantias de qualquer tipo, expressas ou impl\u00edcitas. TTR CNC USA se isenta de todas as garantias, incluindo, mas n\u00e3o se limitando a, garantias impl\u00edcitas de comercializa\u00e7\u00e3o, adequa\u00e7\u00e3o a uma finalidade espec\u00edfica ou n\u00e3o viola\u00e7\u00e3o.<\/p><p><b>6 \u2013 Limita\u00e7\u00e3o de Responsabilidade<\/b><\/p><p>TTR CNC USA n\u00e3o ser\u00e1 respons\u00e1vel por quaisquer danos diretos, indiretos, incidentais, especiais ou consequenciais decorrentes ou de alguma forma relacionados com o uso do Site ou com o atraso ou incapacidade de usar o Site.<\/p><p><b>7 \u2013 Lei Aplic\u00e1vel<\/b><\/p><p>Estes Termos s\u00e3o regidos e interpretados de acordo com as leis do estado de Nova Jersey \u2013 Estados Unidos da Am\u00e9rica, independentemente de seus conflitos de princ\u00edpios legais.<\/p><p><b>8 \u2013 Informa\u00e7\u00f5es de contato<\/b><\/p><p>Se voc\u00ea tiver alguma d\u00favida ou preocupa\u00e7\u00e3o em rela\u00e7\u00e3o a estes Termos, entre em contato conosco pelo e-mail contact@www.ttrcncusa.com.<\/p><p>Ao utilizar o Site, voc\u00ea reconhece que leu e compreendeu estes Termos e concorda em ficar vinculado a eles. Se voc\u00ea n\u00e3o concordar com estes Termos, evite usar o Site.<\/p>\t\t\t\t\t\t<\/div>\n\t\t\t\t<\/div>\n\t\t\t\t\t<\/div>\n\t\t<\/div>\n\t\t\t\t\t<\/div>\n\t\t<\/section>\n\t\t\t\t<\/div>","protected":false},"excerpt":{"rendered":"<p>Termos de Uso \u00daltima atualiza\u00e7\u00e3o: 10 de novembro de 2023 Bem-vindo ao site TTR CNC USA (o \u201cSite\u201d). Leia estes termos e condi\u00e7\u00f5es de uso (\u201cTermos\u201d) cuidadosamente antes de acessar ou usar o Site. Ao acessar ou usar o Site, voc\u00ea concorda em ficar vinculado a estes Termos. Se voc\u00ea fizer isso<\/p>","protected":false},"author":2,"featured_media":0,"parent":0,"menu_order":0,"comment_status":"closed","ping_status":"closed","template":"","meta":{"footnotes":""},"class_list":["post-5041","page","type-page","status-publish","hentry"],"aioseo_notices":[],"_links":{"self":[{"href":"https:\/\/www.ttrcncusa.com\/br\/wp-json\/wp\/v2\/pages\/5041","targetHints":{"allow":["GET"]}}],"collection":[{"href":"https:\/\/www.ttrcncusa.com\/br\/wp-json\/wp\/v2\/pages"}],"about":[{"href":"https:\/\/www.ttrcncusa.com\/br\/wp-json\/wp\/v2\/types\/page"}],"author":[{"embeddable":true,"href":"https:\/\/www.ttrcncusa.com\/br\/wp-json\/wp\/v2\/users\/2"}],"replies":[{"embeddable":true,"href":"https:\/\/www.ttrcncusa.com\/br\/wp-json\/wp\/v2\/comments?post=5041"}],"version-history":[{"count":26,"href":"https:\/\/www.ttrcncusa.com\/br\/wp-json\/wp\/v2\/pages\/5041\/revisions"}],"predecessor-version":[{"id":5124,"href":"https:\/\/www.ttrcncusa.com\/br\/wp-json\/wp\/v2\/pages\/5041\/revisions\/5124"}],"wp:attachment":[{"href":"https:\/\/www.ttrcncusa.com\/br\/wp-json\/wp\/v2\/media?parent=5041"}],"curies":[{"name":"wp","href":"https:\/\/api.w.org\/{rel}","templated":true}]}}