{"id":4139,"date":"2023-11-10T10:27:40","date_gmt":"2023-11-10T12:27:40","guid":{"rendered":"http:\/\/ninzio.com\/quper\/?page_id=4139"},"modified":"2024-01-11T17:36:11","modified_gmt":"2024-01-11T19:36:11","slug":"our-dealers","status":"publish","type":"page","link":"https:\/\/www.ttrcncusa.com\/br\/nossos-revendedores\/","title":{"rendered":"Revendedores"},"content":{"rendered":"<div data-elementor-type=\"wp-page\" data-elementor-id=\"4139\" class=\"elementor elementor-4139\" data-elementor-post-type=\"page\">\n\t\t\t\t\t\t<section class=\"elementor-section elementor-top-section elementor-element elementor-element-2602f35 container-width-1500 elementor-section-stretched elementor-section-boxed elementor-section-height-default elementor-section-height-default\" data-id=\"2602f35\" data-element_type=\"section\" data-settings=\"{&quot;background_background&quot;:&quot;classic&quot;,&quot;stretch_section&quot;:&quot;section-stretched&quot;}\">\n\t\t\t\t\t\t\t<div class=\"elementor-background-overlay\"><\/div>\n\t\t\t\t\t\t\t<div class=\"elementor-container elementor-column-gap-default\">\n\t\t\t\t\t<div class=\"elementor-column elementor-col-100 elementor-top-column elementor-element elementor-element-a6248fd\" data-id=\"a6248fd\" data-element_type=\"column\">\n\t\t\t<div class=\"elementor-widget-wrap elementor-element-populated\">\n\t\t\t\t\t\t<div class=\"elementor-element elementor-element-ea063cd elementor-widget elementor-widget-heading\" data-id=\"ea063cd\" data-element_type=\"widget\" data-widget_type=\"heading.default\">\n\t\t\t\t<div class=\"elementor-widget-container\">\n\t\t\t<h1 class=\"elementor-heading-title elementor-size-default\">Revendedores<\/h1>\t\t<\/div>\n\t\t\t\t<\/div>\n\t\t\t\t<div class=\"elementor-element elementor-element-950167b elementor-widget elementor-widget-html\" data-id=\"950167b\" data-element_type=\"widget\" data-widget_type=\"html.default\">\n\t\t\t\t<div class=\"elementor-widget-container\">\n\t\t\t<style>\n \n#site-header{background-color:black}\n \n.site-header-inner,\n.site-header-inner .wrap-inner{\n display:flex;\n align-items:center;\n height:80px;\n transition:0.0s;\n transition-delay:0.0s;\n}\n\n\n \n<\/style>\t\t<\/div>\n\t\t\t\t<\/div>\n\t\t\t\t\t<\/div>\n\t\t<\/div>\n\t\t\t\t\t<\/div>\n\t\t<\/section>\n\t\t\t\t<section class=\"elementor-section elementor-top-section elementor-element elementor-element-5e8bf79 elementor-section-boxed elementor-section-height-default elementor-section-height-default\" data-id=\"5e8bf79\" data-element_type=\"section\">\n\t\t\t\t\t\t<div class=\"elementor-container elementor-column-gap-default\">\n\t\t\t\t\t<div class=\"elementor-column elementor-col-100 elementor-top-column elementor-element elementor-element-23c7445\" data-id=\"23c7445\" data-element_type=\"column\">\n\t\t\t<div class=\"elementor-widget-wrap elementor-element-populated\">\n\t\t\t\t\t\t<div class=\"elementor-element elementor-element-ecd324c elementor-widget elementor-widget-text-editor\" data-id=\"ecd324c\" data-element_type=\"widget\" data-widget_type=\"text-editor.default\">\n\t\t\t\t<div class=\"elementor-widget-container\">\n\t\t\t\t\t\t\tExplore nossa rede de revendedores autorizados, meticulosamente escolhidos para fornecer nossas solu\u00e7\u00f5es CNC de engenharia de precis\u00e3o para entusiastas automotivos como voc\u00ea. Nossos revendedores compartilham nosso compromisso com a qualidade, desempenho e satisfa\u00e7\u00e3o do cliente, garantindo que voc\u00ea tenha acesso aos melhores componentes CNC para seu ve\u00edculo de alta pot\u00eancia.\n<br><br>\nDescubra os parceiros confi\u00e1veis que aproximam os produtos TTR CNC USA de voc\u00ea, fornecendo orienta\u00e7\u00e3o e suporte especializado \u00e0 medida que voc\u00ea eleva o desempenho e a est\u00e9tica de sua obra-prima automotiva. Escolha TTR CNC USA e experimente qualidade incompar\u00e1vel atrav\u00e9s de nossa rede de revendedores dedicada.\t\t\t\t\t\t<\/div>\n\t\t\t\t<\/div>\n\t\t\t\t\t<\/div>\n\t\t<\/div>\n\t\t\t\t\t<\/div>\n\t\t<\/section>\n\t\t\t\t<section class=\"elementor-section elementor-top-section elementor-element elementor-element-c2ae715 elementor-section-boxed elementor-section-height-default elementor-section-height-default\" data-id=\"c2ae715\" data-element_type=\"section\">\n\t\t\t\t\t\t<div class=\"elementor-container elementor-column-gap-default\">\n\t\t\t\t\t<div class=\"elementor-column elementor-col-33 elementor-top-column elementor-element elementor-element-a732427\" data-id=\"a732427\" data-element_type=\"column\">\n\t\t\t<div class=\"elementor-widget-wrap elementor-element-populated\">\n\t\t\t\t\t\t<div class=\"elementor-element elementor-element-c586890 elementor-widget elementor-widget-image\" data-id=\"c586890\" data-element_type=\"widget\" data-widget_type=\"image.default\">\n\t\t\t\t<div class=\"elementor-widget-container\">\n\t\t\t\t\t\t\t\t\t\t\t\t\t\t<a href=\"https:\/\/www.fueltech.net\/\" target=\"_blank\">\n\t\t\t\t\t\t\t<img decoding=\"async\" width=\"208\" height=\"59\" src=\"https:\/\/www.ttrcncusa.com\/wp-content\/uploads\/2023\/11\/fueltech.png\" class=\"attachment-full size-full wp-image-4851\" alt=\"FuelTech\" \/>\t\t\t\t\t\t\t\t<\/a>\n\t\t\t\t\t\t\t\t\t\t\t\t\t<\/div>\n\t\t\t\t<\/div>\n\t\t\t\t\t<\/div>\n\t\t<\/div>\n\t\t\t\t<div class=\"elementor-column elementor-col-33 elementor-top-column elementor-element elementor-element-73b6ca0\" data-id=\"73b6ca0\" data-element_type=\"column\">\n\t\t\t<div class=\"elementor-widget-wrap elementor-element-populated\">\n\t\t\t\t\t\t<div class=\"elementor-element elementor-element-8b74f95 elementor-widget elementor-widget-image\" data-id=\"8b74f95\" data-element_type=\"widget\" data-widget_type=\"image.default\">\n\t\t\t\t<div class=\"elementor-widget-container\">\n\t\t\t\t\t\t\t\t\t\t\t\t\t\t<a href=\"https:\/\/www.drtracing.com\/\" target=\"_blank\">\n\t\t\t\t\t\t\t<img decoding=\"async\" width=\"143\" height=\"64\" src=\"https:\/\/www.ttrcncusa.com\/wp-content\/uploads\/2023\/11\/drplus.png\" class=\"attachment-full size-full wp-image-4841\" alt=\"\" \/>\t\t\t\t\t\t\t\t<\/a>\n\t\t\t\t\t\t\t\t\t\t\t\t\t<\/div>\n\t\t\t\t<\/div>\n\t\t\t\t\t<\/div>\n\t\t<\/div>\n\t\t\t\t<div class=\"elementor-column elementor-col-33 elementor-top-column elementor-element elementor-element-94352bd\" data-id=\"94352bd\" data-element_type=\"column\">\n\t\t\t<div class=\"elementor-widget-wrap elementor-element-populated\">\n\t\t\t\t\t\t<div class=\"elementor-element elementor-element-418999d elementor-widget elementor-widget-image\" data-id=\"418999d\" data-element_type=\"widget\" data-widget_type=\"image.default\">\n\t\t\t\t<div class=\"elementor-widget-container\">\n\t\t\t\t\t\t\t\t\t\t\t\t\t\t<a href=\"https:\/\/www.pbdyno.com\/\" target=\"_blank\">\n\t\t\t\t\t\t\t<img decoding=\"async\" width=\"419\" height=\"75\" src=\"https:\/\/www.ttrcncusa.com\/wp-content\/uploads\/2023\/11\/palmbeach.png\" class=\"attachment-full size-full wp-image-4842\" alt=\"\" srcset=\"https:\/\/www.ttrcncusa.com\/wp-content\/uploads\/2023\/11\/palmbeach.png 419w, https:\/\/www.ttrcncusa.com\/wp-content\/uploads\/2023\/11\/palmbeach-300x54.png 300w\" sizes=\"(max-width: 419px) 100vw, 419px\" \/>\t\t\t\t\t\t\t\t<\/a>\n\t\t\t\t\t\t\t\t\t\t\t\t\t<\/div>\n\t\t\t\t<\/div>\n\t\t\t\t\t<\/div>\n\t\t<\/div>\n\t\t\t\t\t<\/div>\n\t\t<\/section>\n\t\t\t\t<\/div>","protected":false},"excerpt":{"rendered":"<p>Nossos Revendedores Explore nossa rede de revendedores autorizados, meticulosamente escolhidos para entregar nossas solu\u00e7\u00f5es CNC de engenharia de precis\u00e3o para entusiastas automotivos como voc\u00ea. Nossos revendedores compartilham nosso compromisso com qualidade, desempenho e satisfa\u00e7\u00e3o do cliente, garantindo que voc\u00ea tenha acesso aos melhores componentes CNC para seu ve\u00edculo de alta pot\u00eancia. Descubra os parceiros confi\u00e1veis<\/p>","protected":false},"author":2,"featured_media":0,"parent":0,"menu_order":0,"comment_status":"closed","ping_status":"closed","template":"","meta":{"footnotes":""},"class_list":["post-4139","page","type-page","status-publish","hentry"],"aioseo_notices":[],"_links":{"self":[{"href":"https:\/\/www.ttrcncusa.com\/br\/wp-json\/wp\/v2\/pages\/4139","targetHints":{"allow":["GET"]}}],"collection":[{"href":"https:\/\/www.ttrcncusa.com\/br\/wp-json\/wp\/v2\/pages"}],"about":[{"href":"https:\/\/www.ttrcncusa.com\/br\/wp-json\/wp\/v2\/types\/page"}],"author":[{"embeddable":true,"href":"https:\/\/www.ttrcncusa.com\/br\/wp-json\/wp\/v2\/users\/2"}],"replies":[{"embeddable":true,"href":"https:\/\/www.ttrcncusa.com\/br\/wp-json\/wp\/v2\/comments?post=4139"}],"version-history":[{"count":58,"href":"https:\/\/www.ttrcncusa.com\/br\/wp-json\/wp\/v2\/pages\/4139\/revisions"}],"predecessor-version":[{"id":5490,"href":"https:\/\/www.ttrcncusa.com\/br\/wp-json\/wp\/v2\/pages\/4139\/revisions\/5490"}],"wp:attachment":[{"href":"https:\/\/www.ttrcncusa.com\/br\/wp-json\/wp\/v2\/media?parent=4139"}],"curies":[{"name":"wp","href":"https:\/\/api.w.org\/{rel}","templated":true}]}}