{"id":3999,"date":"2023-11-10T04:01:47","date_gmt":"2023-11-10T06:01:47","guid":{"rendered":"http:\/\/ninzio.com\/quper\/?page_id=3999"},"modified":"2024-07-10T16:31:51","modified_gmt":"2024-07-10T18:31:51","slug":"about-us","status":"publish","type":"page","link":"https:\/\/www.ttrcncusa.com\/br\/sobre-nos\/","title":{"rendered":"Quem Somos"},"content":{"rendered":"<div data-elementor-type=\"wp-page\" data-elementor-id=\"3999\" class=\"elementor elementor-3999\" data-elementor-post-type=\"page\">\n\t\t\t\t\t\t<section class=\"elementor-section elementor-top-section elementor-element elementor-element-8ac0af0 container-width-1500 elementor-section-stretched elementor-section-boxed elementor-section-height-default elementor-section-height-default\" data-id=\"8ac0af0\" data-element_type=\"section\" data-settings=\"{&quot;background_background&quot;:&quot;classic&quot;,&quot;stretch_section&quot;:&quot;section-stretched&quot;}\">\n\t\t\t\t\t\t\t<div class=\"elementor-background-overlay\"><\/div>\n\t\t\t\t\t\t\t<div class=\"elementor-container elementor-column-gap-default\">\n\t\t\t\t\t<div class=\"elementor-column elementor-col-100 elementor-top-column elementor-element elementor-element-71d1065\" data-id=\"71d1065\" data-element_type=\"column\">\n\t\t\t<div class=\"elementor-widget-wrap elementor-element-populated\">\n\t\t\t\t\t\t<div class=\"elementor-element elementor-element-e2978e3 elementor-widget elementor-widget-heading\" data-id=\"e2978e3\" data-element_type=\"widget\" data-widget_type=\"heading.default\">\n\t\t\t\t<div class=\"elementor-widget-container\">\n\t\t\t<h1 class=\"elementor-heading-title elementor-size-default\">Quem Somos<\/h1>\t\t<\/div>\n\t\t\t\t<\/div>\n\t\t\t\t<div class=\"elementor-element elementor-element-8d8c123 elementor-widget elementor-widget-html\" data-id=\"8d8c123\" data-element_type=\"widget\" data-widget_type=\"html.default\">\n\t\t\t\t<div class=\"elementor-widget-container\">\n\t\t\t<style>\n \n#site-header{background-color:black}\n \n.site-header-inner,\n.site-header-inner .wrap-inner{\n display:flex;\n align-items:center;\n height:80px;\n transition:0.0s;\n transition-delay:0.0s;\n}\n\n\n \n<\/style>\t\t<\/div>\n\t\t\t\t<\/div>\n\t\t\t\t\t<\/div>\n\t\t<\/div>\n\t\t\t\t\t<\/div>\n\t\t<\/section>\n\t\t\t\t<section class=\"elementor-section elementor-top-section elementor-element elementor-element-45aedb5 elementor-section-boxed elementor-section-height-default elementor-section-height-default\" data-id=\"45aedb5\" data-element_type=\"section\">\n\t\t\t\t\t\t<div class=\"elementor-container elementor-column-gap-default\">\n\t\t\t\t\t<div class=\"elementor-column elementor-col-100 elementor-top-column elementor-element elementor-element-16ece4b\" data-id=\"16ece4b\" data-element_type=\"column\">\n\t\t\t<div class=\"elementor-widget-wrap elementor-element-populated\">\n\t\t\t\t\t\t<div class=\"elementor-element elementor-element-c181b3b elementor-widget elementor-widget-spacer\" data-id=\"c181b3b\" data-element_type=\"widget\" data-widget_type=\"spacer.default\">\n\t\t\t\t<div class=\"elementor-widget-container\">\n\t\t\t\t\t<div class=\"elementor-spacer\">\n\t\t\t<div class=\"elementor-spacer-inner\"><\/div>\n\t\t<\/div>\n\t\t\t\t<\/div>\n\t\t\t\t<\/div>\n\t\t\t\t\t<\/div>\n\t\t<\/div>\n\t\t\t\t\t<\/div>\n\t\t<\/section>\n\t\t\t\t<section class=\"elementor-section elementor-top-section elementor-element elementor-element-165e766 elementor-section-boxed elementor-section-height-default elementor-section-height-default\" data-id=\"165e766\" data-element_type=\"section\" data-settings=\"{&quot;background_background&quot;:&quot;classic&quot;}\">\n\t\t\t\t\t\t<div class=\"elementor-container elementor-column-gap-default\">\n\t\t\t\t\t<div class=\"elementor-column elementor-col-100 elementor-top-column elementor-element elementor-element-edd2faa\" data-id=\"edd2faa\" data-element_type=\"column\">\n\t\t\t<div class=\"elementor-widget-wrap elementor-element-populated\">\n\t\t\t\t\t\t<div class=\"elementor-element elementor-element-0d40b0c elementor-widget elementor-widget-video\" data-id=\"0d40b0c\" data-element_type=\"widget\" data-settings=\"{&quot;video_type&quot;:&quot;hosted&quot;,&quot;autoplay&quot;:&quot;yes&quot;,&quot;play_on_mobile&quot;:&quot;yes&quot;,&quot;mute&quot;:&quot;yes&quot;,&quot;loop&quot;:&quot;yes&quot;,&quot;controls&quot;:&quot;yes&quot;}\" data-widget_type=\"video.default\">\n\t\t\t\t<div class=\"elementor-widget-container\">\n\t\t\t\t\t<div class=\"e-hosted-video elementor-wrapper elementor-open-inline\">\n\t\t\t\t\t<video class=\"elementor-video\" src=\"https:\/\/cdn.tfx.company\/app\/ttr-cnc-usa\/about-us.mp4\" autoplay=\"\" loop=\"\" controls=\"\" muted=\"muted\" playsinline=\"\" controlslist=\"nodownload\"><\/video>\n\t\t\t\t<\/div>\n\t\t\t\t<\/div>\n\t\t\t\t<\/div>\n\t\t\t\t<div class=\"elementor-element elementor-element-646ddd9 elementor-widget elementor-widget-image\" data-id=\"646ddd9\" data-element_type=\"widget\" data-widget_type=\"image.default\">\n\t\t\t\t<div class=\"elementor-widget-container\">\n\t\t\t\t\t\t\t\t\t\t\t\t\t<img fetchpriority=\"high\" decoding=\"async\" width=\"1280\" height=\"640\" src=\"https:\/\/www.ttrcncusa.com\/wp-content\/uploads\/2024\/07\/Flag_of_the_United_Arab_Emirates.svg.png\" class=\"attachment-full size-full wp-image-5943\" alt=\"Emirados \u00c1rabes Unidos - TTR CNC\" srcset=\"https:\/\/www.ttrcncusa.com\/wp-content\/uploads\/2024\/07\/Flag_of_the_United_Arab_Emirates.svg.png 1280w, https:\/\/www.ttrcncusa.com\/wp-content\/uploads\/2024\/07\/Flag_of_the_United_Arab_Emirates.svg-300x150.png 300w, https:\/\/www.ttrcncusa.com\/wp-content\/uploads\/2024\/07\/Flag_of_the_United_Arab_Emirates.svg-1024x512.png 1024w, https:\/\/www.ttrcncusa.com\/wp-content\/uploads\/2024\/07\/Flag_of_the_United_Arab_Emirates.svg-768x384.png 768w, https:\/\/www.ttrcncusa.com\/wp-content\/uploads\/2024\/07\/Flag_of_the_United_Arab_Emirates.svg-18x9.png 18w, https:\/\/www.ttrcncusa.com\/wp-content\/uploads\/2024\/07\/Flag_of_the_United_Arab_Emirates.svg-600x300.png 600w\" sizes=\"(max-width: 1280px) 100vw, 1280px\" \/>\t\t\t\t\t\t\t\t\t\t\t\t\t<\/div>\n\t\t\t\t<\/div>\n\t\t\t\t<div class=\"elementor-element elementor-element-41e038a align-center elementor-widget elementor-widget-mae-headings\" data-id=\"41e038a\" data-element_type=\"widget\" data-widget_type=\"mae-headings.default\">\n\t\t\t\t<div class=\"elementor-widget-container\">\n\t\t\t\t\t<div class=\"master-heading\">\n\t \n\t \t <h2 class=\"main-heading\">Projetado e fabricado nos Emirados \u00c1rabes Unidos<\/h2>\n\t \n\t \n\t \t <div class=\"sub-heading\">A TTR CNC nasceu em Dubai, Emirados \u00c1rabes Unidos, com o objetivo principal de atender a demanda interna por produtos de tarugo. Com o tempo, a empresa reconheceu o vasto potencial para a cria\u00e7\u00e3o de produtos de tarugo n\u00e3o apenas para o mercado local, mas tamb\u00e9m para o cen\u00e1rio global. Essa vis\u00e3o impulsionou a TTR CNC \u00e0 proemin\u00eancia, permitindo-lhe ganhar uma presen\u00e7a significativa no mercado e um nome respeit\u00e1vel na ind\u00fastria.\n<br><br>\nA TTR CNC \u00e9 uma orgulhosa empresa dos Emirados \u00c1rabes Unidos, de propriedade e operada por dois irm\u00e3os \u00e1rabes dos Emirados \u00c1rabes Unidos. Desde a sua cria\u00e7\u00e3o em 2018, a empresa tem se dedicado a atender o mercado local com produtos de tarugo de alta qualidade. O profundo compromisso dos irm\u00e3os com a excel\u00eancia e a sua profunda compreens\u00e3o das necessidades do mercado foram fundamentais para o sucesso da TTR CNC.\n<br><br>\nNo centro das opera\u00e7\u00f5es da TTR CNC est\u00e1 uma equipe de engenharia altamente experiente. Com mais de 20 anos de experi\u00eancia na \u00e1rea de pe\u00e7as de desempenho competitivo, nossos engenheiros trazem um vasto conhecimento e um olhar atento para a inova\u00e7\u00e3o. Essa experi\u00eancia garante que cada produto que fabricamos atenda aos mais altos padr\u00f5es de qualidade e desempenho.<\/div>\n\t \t <\/div>\n\t \t\t<\/div>\n\t\t\t\t<\/div>\n\t\t\t\t<div class=\"elementor-element elementor-element-6842d28 elementor-widget elementor-widget-mae-parallax-image\" data-id=\"6842d28\" data-element_type=\"widget\" data-widget_type=\"mae-parallax-image.default\">\n\t\t\t\t<div class=\"elementor-widget-container\">\n\t\t\t\t\t<div class=\"master-parallax-box\">\n\t\t\t<div class=\"parallax-wrap\">\n\t\t\t\t\t\t\t\t\t<div class=\"master-parallax-item elementor-repeater-item-c9adb7d\" style=\"\" data-parallax='{\"x\" : 0, \"y\" : 0, \"smoothness\" : 30}' data-top=\"\" data-top-tablet=\"0px\" data-top-mobile=\"0px\"><img decoding=\"async\" src=\"http:\/\/ttrcncusa.com\/wp-content\/uploads\/2023\/11\/7201a9_372be75e37974a87846dbf53d9f126bdmv2.jpg\" alt=\"\"><\/div>\t\t\t\t\t\t\t<\/div>\n\t\t<\/div>\n\t \t\t<\/div>\n\t\t\t\t<\/div>\n\t\t\t\t\t<\/div>\n\t\t<\/div>\n\t\t\t\t\t<\/div>\n\t\t<\/section>\n\t\t\t\t<section class=\"elementor-section elementor-top-section elementor-element elementor-element-225bedd elementor-section-boxed elementor-section-height-default elementor-section-height-default\" data-id=\"225bedd\" data-element_type=\"section\">\n\t\t\t\t\t\t<div class=\"elementor-container elementor-column-gap-default\">\n\t\t\t\t\t<div class=\"elementor-column elementor-col-100 elementor-top-column elementor-element elementor-element-5a4d710\" data-id=\"5a4d710\" data-element_type=\"column\">\n\t\t\t<div class=\"elementor-widget-wrap elementor-element-populated\">\n\t\t\t\t\t\t<div class=\"elementor-element elementor-element-078de4f elementor-widget elementor-widget-spacer\" data-id=\"078de4f\" data-element_type=\"widget\" data-widget_type=\"spacer.default\">\n\t\t\t\t<div class=\"elementor-widget-container\">\n\t\t\t\t\t<div class=\"elementor-spacer\">\n\t\t\t<div class=\"elementor-spacer-inner\"><\/div>\n\t\t<\/div>\n\t\t\t\t<\/div>\n\t\t\t\t<\/div>\n\t\t\t\t<div class=\"elementor-element elementor-element-e8d39c6 align-center elementor-widget elementor-widget-mae-headings\" data-id=\"e8d39c6\" data-element_type=\"widget\" data-widget_type=\"mae-headings.default\">\n\t\t\t\t<div class=\"elementor-widget-container\">\n\t\t\t\t\t<div class=\"master-heading\">\n\t \n\t \t <h2 class=\"main-heading\">Impulsionando a Excel\u00eancia em Inova\u00e7\u00e3o Automotiva de Alto Desempenho<\/h2>\n\t \n\t \n\t \t <div class=\"sub-heading\">Embora a TTR CNC tenha as suas ra\u00edzes firmemente plantadas no Dubai, o nosso alcance estende-se muito al\u00e9m dos Emirados \u00c1rabes Unidos. Nossa dedica\u00e7\u00e3o \u00e0 qualidade e inova\u00e7\u00e3o nos permitiu expandir nossa presen\u00e7a no mercado globalmente. Temos orgulho de oferecer nossos produtos de tarugo a clientes em todo o mundo, garantindo que eles recebam o melhor que a engenharia de Dubai tem a oferecer.\n<br><br>\nNa TTR CNC, a excel\u00eancia n\u00e3o \u00e9 apenas um objetivo; \u00e9 o nosso padr\u00e3o. Nossos produtos s\u00e3o projetados e fabricados nos Emirados \u00c1rabes Unidos, refletindo nosso compromisso com artesanato superior e design inovador. Seja para mercados locais ou internacionais, nos esfor\u00e7amos para entregar produtos que atendam e superem as expectativas de nossos clientes.<\/div>\n\t \t <\/div>\n\t \t\t<\/div>\n\t\t\t\t<\/div>\n\t\t\t\t<div class=\"elementor-element elementor-element-f5f090b elementor-widget elementor-widget-spacer\" data-id=\"f5f090b\" data-element_type=\"widget\" data-widget_type=\"spacer.default\">\n\t\t\t\t<div class=\"elementor-widget-container\">\n\t\t\t\t\t<div class=\"elementor-spacer\">\n\t\t\t<div class=\"elementor-spacer-inner\"><\/div>\n\t\t<\/div>\n\t\t\t\t<\/div>\n\t\t\t\t<\/div>\n\t\t\t\t\t<\/div>\n\t\t<\/div>\n\t\t\t\t\t<\/div>\n\t\t<\/section>\n\t\t\t\t<section class=\"elementor-section elementor-top-section elementor-element elementor-element-fed4b8c elementor-section-boxed elementor-section-height-default elementor-section-height-default\" data-id=\"fed4b8c\" data-element_type=\"section\">\n\t\t\t\t\t\t<div class=\"elementor-container elementor-column-gap-default\">\n\t\t\t\t\t<div class=\"elementor-column elementor-col-100 elementor-top-column elementor-element elementor-element-f134206\" data-id=\"f134206\" data-element_type=\"column\">\n\t\t\t<div class=\"elementor-widget-wrap elementor-element-populated\">\n\t\t\t\t\t\t<div class=\"elementor-element elementor-element-278a892 elementor-widget elementor-widget-spacer\" data-id=\"278a892\" data-element_type=\"widget\" data-widget_type=\"spacer.default\">\n\t\t\t\t<div class=\"elementor-widget-container\">\n\t\t\t\t\t<div class=\"elementor-spacer\">\n\t\t\t<div class=\"elementor-spacer-inner\"><\/div>\n\t\t<\/div>\n\t\t\t\t<\/div>\n\t\t\t\t<\/div>\n\t\t\t\t\t<\/div>\n\t\t<\/div>\n\t\t\t\t\t<\/div>\n\t\t<\/section>\n\t\t\t\t<\/div>","protected":false},"excerpt":{"rendered":"<p>Sobre n\u00f3s https:\/\/cdn.tfx.company\/app\/ttr-cnc-usa\/about-us.mp4 Projetado e fabricado nos Emirados \u00c1rabes Unidos A TTR CNC nasceu em Dubai, Emirados \u00c1rabes Unidos, com o objetivo principal de atender \u00e0 demanda interna por produtos de tarugo. Com o tempo, a empresa reconheceu o vasto potencial para criar produtos de tarugo n\u00e3o apenas para o mercado local, mas para o global<\/p>","protected":false},"author":2,"featured_media":0,"parent":0,"menu_order":0,"comment_status":"closed","ping_status":"closed","template":"","meta":{"footnotes":""},"class_list":["post-3999","page","type-page","status-publish","hentry"],"aioseo_notices":[],"_links":{"self":[{"href":"https:\/\/www.ttrcncusa.com\/br\/wp-json\/wp\/v2\/pages\/3999","targetHints":{"allow":["GET"]}}],"collection":[{"href":"https:\/\/www.ttrcncusa.com\/br\/wp-json\/wp\/v2\/pages"}],"about":[{"href":"https:\/\/www.ttrcncusa.com\/br\/wp-json\/wp\/v2\/types\/page"}],"author":[{"embeddable":true,"href":"https:\/\/www.ttrcncusa.com\/br\/wp-json\/wp\/v2\/users\/2"}],"replies":[{"embeddable":true,"href":"https:\/\/www.ttrcncusa.com\/br\/wp-json\/wp\/v2\/comments?post=3999"}],"version-history":[{"count":65,"href":"https:\/\/www.ttrcncusa.com\/br\/wp-json\/wp\/v2\/pages\/3999\/revisions"}],"predecessor-version":[{"id":5946,"href":"https:\/\/www.ttrcncusa.com\/br\/wp-json\/wp\/v2\/pages\/3999\/revisions\/5946"}],"wp:attachment":[{"href":"https:\/\/www.ttrcncusa.com\/br\/wp-json\/wp\/v2\/media?parent=3999"}],"curies":[{"name":"wp","href":"https:\/\/api.w.org\/{rel}","templated":true}]}}